{"id":11528,"date":"2024-06-11T16:56:30","date_gmt":"2024-06-11T16:56:30","guid":{"rendered":"https:\/\/mawuartgallery.com\/?post_type=product&#038;p=11528"},"modified":"2026-01-17T10:55:50","modified_gmt":"2026-01-17T14:55:50","slug":"lost-in-the-subconscious","status":"publish","type":"product","link":"https:\/\/mawuartgallery.com\/fr\/produit\/lost-in-the-subconscious\/","title":{"rendered":"Perdues dans le subconscient (I)"},"content":{"rendered":"<p>L'\u0153uvre soul\u00e8ve des questions sur la nature de l'identit\u00e9, le pouvoir du subconscient et l'exp\u00e9rience humaine. Elle encourage l'observateur \u00e0 se confronter \u00e0 ses propres peurs, d\u00e9sirs et angoisses et \u00e0 explorer les territoires inexplor\u00e9s de son esprit.<\/p>\n<p>&nbsp;<\/p>\n<p>La palette de couleurs est d\u00e9lib\u00e9r\u00e9ment att\u00e9nu\u00e9e, avec des nuances de bleu et de gris qui dominent la sc\u00e8ne. Ce ton feutr\u00e9 cr\u00e9e une atmosph\u00e8re d'introspection et de contemplation, invitant l'observateur \u00e0 explorer les recoins cach\u00e9s de son esprit.<\/p>","protected":false},"excerpt":{"rendered":"<h6><strong>Artiste : <\/strong><a href=\"https:\/\/mawuartgallery.com\/fr\/portfolio-item\/linus-aba\/\"><strong><span style=\"color: #0000ff;\">LINUS ABA<\/span><\/strong><\/a><\/h6>\n<p>Huile sur toile<br \/>\n(78 x 78 cm \/ 31 x 31 po)<br \/>\nCr\u00e9\u00e9e en 2024<\/p>\n<p>&nbsp;<\/p>\n<p><em>Cet article est soigneusement enroul\u00e9 et exp\u00e9di\u00e9 dans un tube d'exp\u00e9dition afin de garantir une livraison en toute s\u00e9curit\u00e9.<\/em><\/p>\n<p>&nbsp;<\/p>\n<p><strong><em>Pour nous assurer que l'\u0153uvre r\u00e9pond \u00e0 vos attentes, nous serions ravis de vous en fournir une vid\u00e9o en haute d\u00e9finition accompagn\u00e9e des commentaires de l'artiste, avant que vous ne proc\u00e9diez \u00e0 l'achat. Pour ce faire, il vous suffit de communiquer avec nous par courriel \u00e0 <a rel=\"noopener\">mawuartgallery@gmail.com<\/a> D\u00e8s r\u00e9ception de votre demande, nous vous ferons parvenir une ou plusieurs vid\u00e9os\/photos selon votre choix.<\/em><\/strong><\/p>\n<p>&nbsp;<\/p>\n<p><strong>LIVRAISON GRATUITE POUR TOUTES LES COMMANDES<\/strong><\/p>","protected":false},"featured_media":17389,"comment_status":"open","ping_status":"closed","template":"","meta":{"nf_dc_page":""},"product_brand":[],"product_cat":[70,43],"product_tag":[32,34,42],"class_list":{"0":"post-11528","1":"product","2":"type-product","3":"status-publish","4":"has-post-thumbnail","6":"product_cat-oil-painting","7":"product_cat-paintings","8":"product_tag-art","9":"product_tag-color","10":"product_tag-painting","11":"product_shipping_class-mailing-tube","13":"first","14":"instock","15":"shipping-taxable","16":"purchasable","17":"product-type-simple"},"_links":{"self":[{"href":"https:\/\/mawuartgallery.com\/fr\/wp-json\/wp\/v2\/product\/11528","targetHints":{"allow":["GET"]}}],"collection":[{"href":"https:\/\/mawuartgallery.com\/fr\/wp-json\/wp\/v2\/product"}],"about":[{"href":"https:\/\/mawuartgallery.com\/fr\/wp-json\/wp\/v2\/types\/product"}],"replies":[{"embeddable":true,"href":"https:\/\/mawuartgallery.com\/fr\/wp-json\/wp\/v2\/comments?post=11528"}],"version-history":[{"count":3,"href":"https:\/\/mawuartgallery.com\/fr\/wp-json\/wp\/v2\/product\/11528\/revisions"}],"predecessor-version":[{"id":17420,"href":"https:\/\/mawuartgallery.com\/fr\/wp-json\/wp\/v2\/product\/11528\/revisions\/17420"}],"wp:featuredmedia":[{"embeddable":true,"href":"https:\/\/mawuartgallery.com\/fr\/wp-json\/wp\/v2\/media\/17389"}],"wp:attachment":[{"href":"https:\/\/mawuartgallery.com\/fr\/wp-json\/wp\/v2\/media?parent=11528"}],"wp:term":[{"taxonomy":"product_brand","embeddable":true,"href":"https:\/\/mawuartgallery.com\/fr\/wp-json\/wp\/v2\/product_brand?post=11528"},{"taxonomy":"product_cat","embeddable":true,"href":"https:\/\/mawuartgallery.com\/fr\/wp-json\/wp\/v2\/product_cat?post=11528"},{"taxonomy":"product_tag","embeddable":true,"href":"https:\/\/mawuartgallery.com\/fr\/wp-json\/wp\/v2\/product_tag?post=11528"}],"curies":[{"name":"wp","href":"https:\/\/api.w.org\/{rel}","templated":true}]}}