{"id":11520,"date":"2024-06-11T15:15:28","date_gmt":"2024-06-11T15:15:28","guid":{"rendered":"https:\/\/mawuartgallery.com\/?post_type=product&#038;p=11520"},"modified":"2026-01-17T10:52:48","modified_gmt":"2026-01-17T14:52:48","slug":"peace-be-still","status":"publish","type":"product","link":"https:\/\/mawuartgallery.com\/fr\/produit\/peace-be-still\/","title":{"rendered":"Tranquilit\u00e9"},"content":{"rendered":"<p class=\"translation-block\">\u00ab <em>Transquilit\u00e9<\/em>\u2018 est une \u0153uvre qui vise \u00e0 \u00eatre profond\u00e9ment \u00e9mouvante et contemplative, invitant l'observateur \u00e0 entrer dans un royaume de s\u00e9r\u00e9nit\u00e9 et de tranquillit\u00e9.<\/p>\n<p>&nbsp;<\/p>\n<p>Inspir\u00e9e par le r\u00e9cit biblique de J\u00e9sus calmant la temp\u00eate, cette \u0153uvre d'art capture l'essence de la paix et de l'immobilit\u00e9. Les teintes douces et les textures apaisantes \u00e9voquent un sentiment de calme, tandis que les nuances subtiles de la composition vsent \u00e0 susciter un \u00e9tat de r\u00e9flexion tranquille.<\/p>\n<p>&nbsp;<\/p>\n<p>\u00c0 travers cette \u0153uvre, l'artiste nous encourage \u00e0 ralentir, \u00e0 respirer profond\u00e9ment et \u00e0 laisser tomber l'agitation qui nous entoure souvent. Cette \u0153uvre nous rappelle de mani\u00e8re poignante que la paix n'est pas quelque chose que l'on trouve, mais plut\u00f4t quelque chose que l'on cultive - un \u00e9tat d'\u00eatre qui na\u00eet de l'int\u00e9rieur.<\/p>","protected":false},"excerpt":{"rendered":"<h6><strong>Artiste : <\/strong><a href=\"https:\/\/mawuartgallery.com\/fr\/portfolio-item\/linus-aba\/\"><strong><span style=\"color: #0000ff;\">LINUS ABA<\/span><\/strong><\/a><\/h6>\n<p>Huile sur toile<br \/>\n(91 x 60 cm \/ (36 x 24 po)<br \/>\nCr\u00e9\u00e9e en 2024<\/p>\n<p>&nbsp;<\/p>\n<p><em>Cet article est soigneusement enroul\u00e9 et exp\u00e9di\u00e9 dans un tube d'exp\u00e9dition afin de garantir une livraison en toute s\u00e9curit\u00e9.<\/em><\/p>\n<p>&nbsp;<\/p>\n<p><strong><em>Pour nous assurer que l'\u0153uvre r\u00e9pond \u00e0 vos attentes, nous serions ravis de vous en fournir une vid\u00e9o en haute d\u00e9finition accompagn\u00e9e des commentaires de l'artiste, avant que vous ne proc\u00e9diez \u00e0 l'achat. Pour ce faire, il vous suffit de communiquer avec nous par courriel \u00e0 <a rel=\"noopener\">mawuartgallery@gmail.com<\/a> D\u00e8s r\u00e9ception de votre demande, nous vous ferons parvenir une ou plusieurs vid\u00e9os\/photos selon votre choix.<\/em><\/strong><\/p>\n<p>&nbsp;<\/p>\n<p>&nbsp;<\/p>\n<p><strong>LIVRAISON GRATUITE POUR TOUTES LES COMMANDES<\/strong><\/p>","protected":false},"featured_media":11522,"comment_status":"open","ping_status":"closed","template":"","meta":{"nf_dc_page":""},"product_brand":[],"product_cat":[70,43],"product_tag":[32,34,42],"class_list":{"0":"post-11520","1":"product","2":"type-product","3":"status-publish","4":"has-post-thumbnail","6":"product_cat-oil-painting","7":"product_cat-paintings","8":"product_tag-art","9":"product_tag-color","10":"product_tag-painting","11":"product_shipping_class-mailing-tube","13":"first","14":"instock","15":"shipping-taxable","16":"purchasable","17":"product-type-simple"},"_links":{"self":[{"href":"https:\/\/mawuartgallery.com\/fr\/wp-json\/wp\/v2\/product\/11520","targetHints":{"allow":["GET"]}}],"collection":[{"href":"https:\/\/mawuartgallery.com\/fr\/wp-json\/wp\/v2\/product"}],"about":[{"href":"https:\/\/mawuartgallery.com\/fr\/wp-json\/wp\/v2\/types\/product"}],"replies":[{"embeddable":true,"href":"https:\/\/mawuartgallery.com\/fr\/wp-json\/wp\/v2\/comments?post=11520"}],"version-history":[{"count":1,"href":"https:\/\/mawuartgallery.com\/fr\/wp-json\/wp\/v2\/product\/11520\/revisions"}],"predecessor-version":[{"id":17416,"href":"https:\/\/mawuartgallery.com\/fr\/wp-json\/wp\/v2\/product\/11520\/revisions\/17416"}],"wp:featuredmedia":[{"embeddable":true,"href":"https:\/\/mawuartgallery.com\/fr\/wp-json\/wp\/v2\/media\/11522"}],"wp:attachment":[{"href":"https:\/\/mawuartgallery.com\/fr\/wp-json\/wp\/v2\/media?parent=11520"}],"wp:term":[{"taxonomy":"product_brand","embeddable":true,"href":"https:\/\/mawuartgallery.com\/fr\/wp-json\/wp\/v2\/product_brand?post=11520"},{"taxonomy":"product_cat","embeddable":true,"href":"https:\/\/mawuartgallery.com\/fr\/wp-json\/wp\/v2\/product_cat?post=11520"},{"taxonomy":"product_tag","embeddable":true,"href":"https:\/\/mawuartgallery.com\/fr\/wp-json\/wp\/v2\/product_tag?post=11520"}],"curies":[{"name":"wp","href":"https:\/\/api.w.org\/{rel}","templated":true}]}}