{"id":11397,"date":"2024-06-06T14:22:50","date_gmt":"2024-06-06T14:22:50","guid":{"rendered":"https:\/\/mawuartgallery.com\/?post_type=product&#038;p=11397"},"modified":"2026-03-27T10:38:03","modified_gmt":"2026-03-27T14:38:03","slug":"the-gardener","status":"publish","type":"product","link":"https:\/\/mawuartgallery.com\/fr\/produit\/the-gardener\/","title":{"rendered":"LA JARDINI\u00c8RE"},"content":{"rendered":"<p class=\"translation-block\">\u00ab <em>LA JARDINI\u00c8RE <\/em>\u00bb est une \u0153uvre empreinte de charme et de s\u00e9r\u00e9nit\u00e9, qui repr\u00e9sente l'esprit nourricier d'une femme s'occupant de ses plantes et de ses fleurs. Cette femme taille, arrose et cultive m\u00e9ticuleusement son jardin, encourageant chaque fleur \u00e0 atteindre son plein potentiel. Cette peinture vise \u00e0 susciter un sentiment de tranquillit\u00e9 et de croissance, en connotant l'amour et le d\u00e9vouement de la femme vis-\u00e0-vis de son jardin en vue de cr\u00e9er une oasis luxuriante.<\/p>","protected":false},"excerpt":{"rendered":"<h6><strong>Artiste : <\/strong><a href=\"https:\/\/mawuartgallery.com\/fr\/portfolio-item\/gloria-mmaduako\/\"><strong><span style=\"color: #0000ff;\">GLORIA MMADUAKO<\/span><\/strong><\/a><\/h6>\n<p>Huile et acrylique sur toile<br \/>\n(101 x 76 cm \/ 40 x 30 po)<br \/>\nCr\u00e9\u00e9e en 2023<\/p>\n<p>&nbsp;<\/p>\n<h6>\ud83d\udd04Dans cette ench\u00e8re invers\u00e9e, le prix baisse quotidiennement\ud83d\udcc9. SOYEZ LE 1er ou la 1re \u00e0 atteindre le myst\u00e9rieux prix minimum de l'artiste\ud83c\udfafet l'\u0153uvre\ud83d\uddbc\ufe0f est \u00e0 vous! Ench\u00e9rissez avec audace!<\/h6>\n<p>&nbsp;<\/p>\n<p><strong>LIVRAISON GRATUITE POUR TOUTES LES COMMANDES<\/strong><\/p>","protected":false},"featured_media":11405,"comment_status":"open","ping_status":"closed","template":"","meta":{"nf_dc_page":""},"product_brand":[],"product_cat":[112,70,43],"product_tag":[32,34,42],"class_list":{"0":"post-11397","1":"product","2":"type-product","3":"status-publish","4":"has-post-thumbnail","6":"product_cat-acrylic","7":"product_cat-oil-painting","8":"product_cat-paintings","9":"product_tag-art","10":"product_tag-color","11":"product_tag-painting","12":"product_shipping_class-mailing-tube","14":"first","15":"instock","16":"sold-individually","17":"shipping-taxable","18":"purchasable","19":"product-type-auction"},"_links":{"self":[{"href":"https:\/\/mawuartgallery.com\/fr\/wp-json\/wp\/v2\/product\/11397","targetHints":{"allow":["GET"]}}],"collection":[{"href":"https:\/\/mawuartgallery.com\/fr\/wp-json\/wp\/v2\/product"}],"about":[{"href":"https:\/\/mawuartgallery.com\/fr\/wp-json\/wp\/v2\/types\/product"}],"replies":[{"embeddable":true,"href":"https:\/\/mawuartgallery.com\/fr\/wp-json\/wp\/v2\/comments?post=11397"}],"version-history":[{"count":1,"href":"https:\/\/mawuartgallery.com\/fr\/wp-json\/wp\/v2\/product\/11397\/revisions"}],"predecessor-version":[{"id":17464,"href":"https:\/\/mawuartgallery.com\/fr\/wp-json\/wp\/v2\/product\/11397\/revisions\/17464"}],"wp:featuredmedia":[{"embeddable":true,"href":"https:\/\/mawuartgallery.com\/fr\/wp-json\/wp\/v2\/media\/11405"}],"wp:attachment":[{"href":"https:\/\/mawuartgallery.com\/fr\/wp-json\/wp\/v2\/media?parent=11397"}],"wp:term":[{"taxonomy":"product_brand","embeddable":true,"href":"https:\/\/mawuartgallery.com\/fr\/wp-json\/wp\/v2\/product_brand?post=11397"},{"taxonomy":"product_cat","embeddable":true,"href":"https:\/\/mawuartgallery.com\/fr\/wp-json\/wp\/v2\/product_cat?post=11397"},{"taxonomy":"product_tag","embeddable":true,"href":"https:\/\/mawuartgallery.com\/fr\/wp-json\/wp\/v2\/product_tag?post=11397"}],"curies":[{"name":"wp","href":"https:\/\/api.w.org\/{rel}","templated":true}]}}