{"id":11369,"date":"2024-06-06T13:21:56","date_gmt":"2024-06-06T13:21:56","guid":{"rendered":"https:\/\/mawuartgallery.com\/?post_type=product&#038;p=11369"},"modified":"2026-01-22T14:41:00","modified_gmt":"2026-01-22T18:41:00","slug":"with-an-apple","status":"publish","type":"product","link":"https:\/\/mawuartgallery.com\/fr\/produit\/with-an-apple\/","title":{"rendered":"AVEC UNE POMME"},"content":{"rendered":"<p>\u00ab Avec une pomme \u00bb repr\u00e9sente une femme arborant une touffe luxuriante de feuilles en guise de cheveux. Sa peau est d'un brun chaud et dor\u00e9 et ses yeux brillent de vie. Elle tient dans sa main une pomme rouge et m\u00fbre, symbole de son lien avec la nature. La pomme repr\u00e9sente \u00e9galement la connaissance, la sagesse, la bonne sant\u00e9 et la fertilit\u00e9.<\/p>","protected":false},"excerpt":{"rendered":"<h6><strong>Artiste : <\/strong><a href=\"https:\/\/mawuartgallery.com\/fr\/portfolio-item\/gloria-mmaduako\/\"><strong><span style=\"color: #0000ff;\">GLORIA MMADUAKO<\/span><\/strong><\/a><\/h6>\n<p>Huile et acrylique sur toile<br \/>\n(60 x 50 cm \/ 24 x 20 po)<br \/>\nCr\u00e9\u00e9e en 2022<\/p>\n<p>&nbsp;<\/p>\n<h6>\ud83d\udd04Dans cette ench\u00e8re invers\u00e9e, le prix baisse quotidiennement\ud83d\udcc9. SOYEZ LE 1er ou la 1re \u00e0 atteindre le myst\u00e9rieux prix minimum de l'artiste\ud83c\udfafet l'\u0153uvre\ud83d\uddbc\ufe0f est \u00e0 vous! Ench\u00e9rissez avec audace!<\/h6>\n<p>&nbsp;<\/p>\n<p><strong>LIVRAISON GRATUITE POUR TOUTES LES COMMANDES<\/strong><\/p>","protected":false},"featured_media":11371,"comment_status":"open","ping_status":"closed","template":"","meta":{"nf_dc_page":""},"product_brand":[],"product_cat":[112,70,43],"product_tag":[32,34,42],"class_list":{"0":"post-11369","1":"product","2":"type-product","3":"status-publish","4":"has-post-thumbnail","6":"product_cat-acrylic","7":"product_cat-oil-painting","8":"product_cat-paintings","9":"product_tag-art","10":"product_tag-color","11":"product_tag-painting","12":"product_shipping_class-mailing-tube","14":"first","15":"outofstock","16":"sold-individually","17":"shipping-taxable","18":"product-type-simple"},"_links":{"self":[{"href":"https:\/\/mawuartgallery.com\/fr\/wp-json\/wp\/v2\/product\/11369","targetHints":{"allow":["GET"]}}],"collection":[{"href":"https:\/\/mawuartgallery.com\/fr\/wp-json\/wp\/v2\/product"}],"about":[{"href":"https:\/\/mawuartgallery.com\/fr\/wp-json\/wp\/v2\/types\/product"}],"replies":[{"embeddable":true,"href":"https:\/\/mawuartgallery.com\/fr\/wp-json\/wp\/v2\/comments?post=11369"}],"version-history":[{"count":1,"href":"https:\/\/mawuartgallery.com\/fr\/wp-json\/wp\/v2\/product\/11369\/revisions"}],"predecessor-version":[{"id":17461,"href":"https:\/\/mawuartgallery.com\/fr\/wp-json\/wp\/v2\/product\/11369\/revisions\/17461"}],"wp:featuredmedia":[{"embeddable":true,"href":"https:\/\/mawuartgallery.com\/fr\/wp-json\/wp\/v2\/media\/11371"}],"wp:attachment":[{"href":"https:\/\/mawuartgallery.com\/fr\/wp-json\/wp\/v2\/media?parent=11369"}],"wp:term":[{"taxonomy":"product_brand","embeddable":true,"href":"https:\/\/mawuartgallery.com\/fr\/wp-json\/wp\/v2\/product_brand?post=11369"},{"taxonomy":"product_cat","embeddable":true,"href":"https:\/\/mawuartgallery.com\/fr\/wp-json\/wp\/v2\/product_cat?post=11369"},{"taxonomy":"product_tag","embeddable":true,"href":"https:\/\/mawuartgallery.com\/fr\/wp-json\/wp\/v2\/product_tag?post=11369"}],"curies":[{"name":"wp","href":"https:\/\/api.w.org\/{rel}","templated":true}]}}