{"id":11353,"date":"2024-06-06T11:54:23","date_gmt":"2024-06-06T11:54:23","guid":{"rendered":"https:\/\/mawuartgallery.com\/?post_type=product&#038;p=11353"},"modified":"2026-03-11T12:24:12","modified_gmt":"2026-03-11T16:24:12","slug":"motherslove","status":"publish","type":"product","link":"https:\/\/mawuartgallery.com\/fr\/produit\/motherslove\/","title":{"rendered":"L'amour d'une m\u00e8re"},"content":{"rendered":"<p class=\"translation-block\">\u00ab <em>L'amour d'une m\u00e8re<\/em> \u00bb est une \u0153uvre connotant l'intimit\u00e9 et le r\u00e9confort; le moment tendre d'une m\u00e8re tressant les cheveux de son enfant, un symbole intemporel de soin et d'attention. Les mains douces de la m\u00e8re bougent avec pr\u00e9cision et affection. Les cheveux de l'enfant, doux et soyeux, faits de feuilles, symbolisent la nature fragile et pr\u00e9cieuse de l'enfance, tandis que le toucher attentif de la m\u00e8re t\u00e9moigne de l'attention et de la protection qu'elle lui apporte. Ce moment incarne le lien entre la m\u00e8re et l'enfant, une repr\u00e9sentation physique de l'amour et de la connexion qui les unissent.<\/p>","protected":false},"excerpt":{"rendered":"<h6><strong>Artiste : <\/strong><a href=\"https:\/\/mawuartgallery.com\/fr\/portfolio-item\/gloria-mmaduako\/\"><strong><span style=\"color: #0000ff;\">GLORIA MMADUAKO<\/span><\/strong><\/a><\/h6>\n<p>Huile et acrylique sur toile<br \/>\n(86 x 63 cm \/ 34 x 25 po)<br \/>\nCr\u00e9\u00e9e en 2023<\/p>\n<p>&nbsp;<\/p>\n<h6>\ud83d\udd04Dans cette ench\u00e8re invers\u00e9e, le prix baisse quotidiennement\ud83d\udcc9. SOYEZ LE 1er ou la 1re \u00e0 atteindre le myst\u00e9rieux prix minimum de l'artiste\ud83c\udfafet l'\u0153uvre\ud83d\uddbc\ufe0f est \u00e0 vous! Ench\u00e9rissez avec audace!<\/h6>\n<p>&nbsp;<\/p>\n<p><strong>LIVRAISON GRATUITE POUR TOUTES LES COMMANDES<\/strong><\/p>","protected":false},"featured_media":12197,"comment_status":"open","ping_status":"closed","template":"","meta":{"nf_dc_page":""},"product_brand":[],"product_cat":[112,70,43],"product_tag":[32,34,42],"class_list":{"0":"post-11353","1":"product","2":"type-product","3":"status-publish","4":"has-post-thumbnail","6":"product_cat-acrylic","7":"product_cat-oil-painting","8":"product_cat-paintings","9":"product_tag-art","10":"product_tag-color","11":"product_tag-painting","12":"product_shipping_class-mailing-tube","14":"first","15":"instock","16":"sold-individually","17":"shipping-taxable","18":"purchasable","19":"product-type-auction"},"_links":{"self":[{"href":"https:\/\/mawuartgallery.com\/fr\/wp-json\/wp\/v2\/product\/11353","targetHints":{"allow":["GET"]}}],"collection":[{"href":"https:\/\/mawuartgallery.com\/fr\/wp-json\/wp\/v2\/product"}],"about":[{"href":"https:\/\/mawuartgallery.com\/fr\/wp-json\/wp\/v2\/types\/product"}],"replies":[{"embeddable":true,"href":"https:\/\/mawuartgallery.com\/fr\/wp-json\/wp\/v2\/comments?post=11353"}],"version-history":[{"count":1,"href":"https:\/\/mawuartgallery.com\/fr\/wp-json\/wp\/v2\/product\/11353\/revisions"}],"predecessor-version":[{"id":17465,"href":"https:\/\/mawuartgallery.com\/fr\/wp-json\/wp\/v2\/product\/11353\/revisions\/17465"}],"wp:featuredmedia":[{"embeddable":true,"href":"https:\/\/mawuartgallery.com\/fr\/wp-json\/wp\/v2\/media\/12197"}],"wp:attachment":[{"href":"https:\/\/mawuartgallery.com\/fr\/wp-json\/wp\/v2\/media?parent=11353"}],"wp:term":[{"taxonomy":"product_brand","embeddable":true,"href":"https:\/\/mawuartgallery.com\/fr\/wp-json\/wp\/v2\/product_brand?post=11353"},{"taxonomy":"product_cat","embeddable":true,"href":"https:\/\/mawuartgallery.com\/fr\/wp-json\/wp\/v2\/product_cat?post=11353"},{"taxonomy":"product_tag","embeddable":true,"href":"https:\/\/mawuartgallery.com\/fr\/wp-json\/wp\/v2\/product_tag?post=11353"}],"curies":[{"name":"wp","href":"https:\/\/api.w.org\/{rel}","templated":true}]}}