{"id":11315,"date":"2024-06-04T19:12:30","date_gmt":"2024-06-04T19:12:30","guid":{"rendered":"https:\/\/mawuartgallery.com\/?post_type=product&#038;p=11315"},"modified":"2025-10-10T16:18:09","modified_gmt":"2025-10-10T20:18:09","slug":"ali","status":"publish","type":"product","link":"https:\/\/mawuartgallery.com\/fr\/produit\/ali\/","title":{"rendered":"Ali"},"content":{"rendered":"<p>J'ai v\u00e9cu une exp\u00e9rience extraordinaire en peignant le portrait de Muhammad Ali, que je consid\u00e8re comme le plus grand boxeur et l'athl\u00e8te le plus influent de tous les temps. Capturer l'intensit\u00e9 de son regard \u00e9tait essentiel pour moi, c'est pourquoi j'ai choisi de travailler sur une toile plus grande que d'habitude (24 \u00d7 36). L'h\u00e9ritage d'Ali et ce qu'il repr\u00e9sentait r\u00e9sonnent profond\u00e9ment en moi. Repose en paix.<\/p>","protected":false},"excerpt":{"rendered":"<h6><strong>Artiste : <span style=\"color: #0000ff;\"><a style=\"color: #0000ff;\" href=\"https:\/\/mawuartgallery.com\/fr\/portfolio-item\/yamila-sarmiento\/\">YAMILA SARMIENTO<\/a><\/span><\/strong><\/h6>\n<p>Acrylique sur toile<br \/>\n(91 x 60 x 2 cm \/ 36 x 24 x 1 po)<br \/>\nCr\u00e9\u00e9e en 2023<\/p>\n<p>&nbsp;<\/p>\n<p><em>Cet \u0153uvre est exp\u00e9di\u00e9e tendue sur son cadre en bois d'origine.<\/em><\/p>\n<p>&nbsp;<\/p>\n<p><strong><em>Pour nous assurer que l'\u0153uvre r\u00e9pond \u00e0 vos attentes, nous serions ravis de vous en fournir une vid\u00e9o en haute d\u00e9finition accompagn\u00e9e des commentaires de l'artiste, avant que vous ne proc\u00e9diez \u00e0 l'achat. Pour ce faire, il vous suffit de communiquer avec nous par courriel \u00e0 <a rel=\"noopener\">mawuartgallery@gmail.com<\/a> D\u00e8s r\u00e9ception de votre demande, nous vous ferons parvenir une ou plusieurs vid\u00e9os\/photos selon votre choix.<\/em><\/strong><\/p>\n<p>&nbsp;<\/p>\n<p><strong>LIVRAISON GRATUITE POUR TOUTES LES COMMANDES<\/strong><\/p>","protected":false},"featured_media":13687,"comment_status":"open","ping_status":"closed","template":"","meta":{"nf_dc_page":""},"product_brand":[],"product_cat":[112,43],"product_tag":[32,34,42],"class_list":{"0":"post-11315","1":"product","2":"type-product","3":"status-publish","4":"has-post-thumbnail","6":"product_cat-acrylic","7":"product_cat-paintings","8":"product_tag-art","9":"product_tag-color","10":"product_tag-painting","11":"product_shipping_class-stretched-on-frame","13":"first","14":"instock","15":"shipping-taxable","16":"purchasable","17":"product-type-simple"},"_links":{"self":[{"href":"https:\/\/mawuartgallery.com\/fr\/wp-json\/wp\/v2\/product\/11315","targetHints":{"allow":["GET"]}}],"collection":[{"href":"https:\/\/mawuartgallery.com\/fr\/wp-json\/wp\/v2\/product"}],"about":[{"href":"https:\/\/mawuartgallery.com\/fr\/wp-json\/wp\/v2\/types\/product"}],"replies":[{"embeddable":true,"href":"https:\/\/mawuartgallery.com\/fr\/wp-json\/wp\/v2\/comments?post=11315"}],"version-history":[{"count":2,"href":"https:\/\/mawuartgallery.com\/fr\/wp-json\/wp\/v2\/product\/11315\/revisions"}],"predecessor-version":[{"id":16099,"href":"https:\/\/mawuartgallery.com\/fr\/wp-json\/wp\/v2\/product\/11315\/revisions\/16099"}],"wp:featuredmedia":[{"embeddable":true,"href":"https:\/\/mawuartgallery.com\/fr\/wp-json\/wp\/v2\/media\/13687"}],"wp:attachment":[{"href":"https:\/\/mawuartgallery.com\/fr\/wp-json\/wp\/v2\/media?parent=11315"}],"wp:term":[{"taxonomy":"product_brand","embeddable":true,"href":"https:\/\/mawuartgallery.com\/fr\/wp-json\/wp\/v2\/product_brand?post=11315"},{"taxonomy":"product_cat","embeddable":true,"href":"https:\/\/mawuartgallery.com\/fr\/wp-json\/wp\/v2\/product_cat?post=11315"},{"taxonomy":"product_tag","embeddable":true,"href":"https:\/\/mawuartgallery.com\/fr\/wp-json\/wp\/v2\/product_tag?post=11315"}],"curies":[{"name":"wp","href":"https:\/\/api.w.org\/{rel}","templated":true}]}}