{"id":11310,"date":"2024-06-04T18:32:01","date_gmt":"2024-06-04T18:32:01","guid":{"rendered":"https:\/\/mawuartgallery.com\/?post_type=product&#038;p=11310"},"modified":"2025-10-10T16:17:05","modified_gmt":"2025-10-10T20:17:05","slug":"afro-latina","status":"publish","type":"product","link":"https:\/\/mawuartgallery.com\/fr\/produit\/afro-latina\/","title":{"rendered":"Afro Latina"},"content":{"rendered":"<p>Cette peinture capture un puissant r\u00e9cit de fiert\u00e9 culturelle et d'expression individuelle au sein de la communaut\u00e9 afro-latine. Le choix de montrer des femmes noires coiff\u00e9es en afros, avec leurs styles de maquillage personnalis\u00e9s, est significatif de la c\u00e9l\u00e9bration de la diversit\u00e9 des normes de beaut\u00e9 et de l'expression de soi.<\/p>\n<p>&nbsp;<\/p>\n<p>En illustrant la gr\u00e2ce et le calme d'une \u00ab reine noire \u00bb, on ne rend pas seulement hommage \u00e0 la force et \u00e0 la r\u00e9silience des femmes noires, mais on remet \u00e9galement en question les normes et les st\u00e9r\u00e9otypes conventionnels. Cette repr\u00e9sentation ne refl\u00e8te pas seulement des exp\u00e9riences personnelles, mais contribue aussi \u00e0 une conversation plus large sur la repr\u00e9sentation et l'inclusion dans l'art et la soci\u00e9t\u00e9. L'\u0153uvre t\u00e9moigne de la beaut\u00e9 d'embrasser son h\u00e9ritage et son identit\u00e9 avec fiert\u00e9, et v\u00e9hicule un message d'autonomisation et de confiance en soi.<\/p>","protected":false},"excerpt":{"rendered":"<h6><strong>Artiste : <span style=\"color: #0000ff;\"><a style=\"color: #0000ff;\" href=\"https:\/\/mawuartgallery.com\/fr\/portfolio-item\/yamila-sarmiento\/\">YAMILA SARMIENTO<\/a><\/span><\/strong><\/h6>\n<p>Acrylique sur toile<br \/>\n(60 x 50 x 2 cm \/ 24 x 20 x 1 po)<br \/>\nCr\u00e9\u00e9e en 2022<\/p>\n<p>&nbsp;<\/p>\n<p><em>Cet \u0153uvre est exp\u00e9di\u00e9e tendue sur son cadre en bois d'origine.<\/em><\/p>\n<p>&nbsp;<\/p>\n<p><strong><em>Pour nous assurer que l'\u0153uvre r\u00e9pond \u00e0 vos attentes, nous serions ravis de vous en fournir une vid\u00e9o en haute d\u00e9finition accompagn\u00e9e des commentaires de l'artiste, avant que vous ne proc\u00e9diez \u00e0 l'achat. Pour ce faire, il vous suffit de communiquer avec nous par courriel \u00e0 <a rel=\"noopener\">mawuartgallery@gmail.com<\/a> D\u00e8s r\u00e9ception de votre demande, nous vous ferons parvenir une ou plusieurs vid\u00e9os\/photos selon votre choix.<\/em><\/strong><\/p>\n<p>&nbsp;<\/p>\n<p><strong>LIVRAISON GRATUITE POUR TOUTES LES COMMANDES<\/strong><\/p>","protected":false},"featured_media":11312,"comment_status":"open","ping_status":"closed","template":"","meta":{"nf_dc_page":""},"product_brand":[],"product_cat":[112,43],"product_tag":[32,34,42],"class_list":{"0":"post-11310","1":"product","2":"type-product","3":"status-publish","4":"has-post-thumbnail","6":"product_cat-acrylic","7":"product_cat-paintings","8":"product_tag-art","9":"product_tag-color","10":"product_tag-painting","11":"product_shipping_class-stretched-on-frame","13":"first","14":"instock","15":"shipping-taxable","16":"purchasable","17":"product-type-simple"},"_links":{"self":[{"href":"https:\/\/mawuartgallery.com\/fr\/wp-json\/wp\/v2\/product\/11310","targetHints":{"allow":["GET"]}}],"collection":[{"href":"https:\/\/mawuartgallery.com\/fr\/wp-json\/wp\/v2\/product"}],"about":[{"href":"https:\/\/mawuartgallery.com\/fr\/wp-json\/wp\/v2\/types\/product"}],"replies":[{"embeddable":true,"href":"https:\/\/mawuartgallery.com\/fr\/wp-json\/wp\/v2\/comments?post=11310"}],"version-history":[{"count":3,"href":"https:\/\/mawuartgallery.com\/fr\/wp-json\/wp\/v2\/product\/11310\/revisions"}],"predecessor-version":[{"id":16097,"href":"https:\/\/mawuartgallery.com\/fr\/wp-json\/wp\/v2\/product\/11310\/revisions\/16097"}],"wp:featuredmedia":[{"embeddable":true,"href":"https:\/\/mawuartgallery.com\/fr\/wp-json\/wp\/v2\/media\/11312"}],"wp:attachment":[{"href":"https:\/\/mawuartgallery.com\/fr\/wp-json\/wp\/v2\/media?parent=11310"}],"wp:term":[{"taxonomy":"product_brand","embeddable":true,"href":"https:\/\/mawuartgallery.com\/fr\/wp-json\/wp\/v2\/product_brand?post=11310"},{"taxonomy":"product_cat","embeddable":true,"href":"https:\/\/mawuartgallery.com\/fr\/wp-json\/wp\/v2\/product_cat?post=11310"},{"taxonomy":"product_tag","embeddable":true,"href":"https:\/\/mawuartgallery.com\/fr\/wp-json\/wp\/v2\/product_tag?post=11310"}],"curies":[{"name":"wp","href":"https:\/\/api.w.org\/{rel}","templated":true}]}}