{"id":11305,"date":"2024-06-04T18:11:56","date_gmt":"2024-06-04T18:11:56","guid":{"rendered":"https:\/\/mawuartgallery.com\/?post_type=product&#038;p=11305"},"modified":"2025-10-10T16:14:46","modified_gmt":"2025-10-10T20:14:46","slug":"the-kiss","status":"publish","type":"product","link":"https:\/\/mawuartgallery.com\/fr\/produit\/the-kiss\/","title":{"rendered":"Le baiser"},"content":{"rendered":"<p>\u00c0 travers cette \u0153uvre, je voulais transmettre la sensualit\u00e9 et la passion tout en pr\u00e9servant un certain raffinement. En d\u00e9peignant d\u00e9licatement l'intimit\u00e9 entre un homme et une femme, j'ai cherch\u00e9 \u00e0 \u00e9voquer le d\u00e9sir et la connexion sans recourir \u00e0 une imagerie explicite.<\/p>\n<p>&nbsp;<\/p>\n<p>Cet \u00e9quilibre permet \u00e0 l'observateur d'appr\u00e9cier la beaut\u00e9 et l'attrait des relations humaines tout en laissant place \u00e0 l'interpr\u00e9tation et \u00e0 l'imagination. Gr\u00e2ce \u00e0 des indices subtils dans le langage corporel, les expressions faciales et la composition, j'ai cr\u00e9\u00e9 une peinture qui capture l'essence de l'\u00e9rotisme tout en respectant les limites et les sensibilit\u00e9s.<\/p>\n<p>.<\/p>","protected":false},"excerpt":{"rendered":"<h6><strong>Artiste : <span style=\"color: #0000ff;\"><a style=\"color: #0000ff;\" href=\"https:\/\/mawuartgallery.com\/fr\/portfolio-item\/yamila-sarmiento\/\">YAMILA SARMIENTO<\/a><\/span><\/strong><\/h6>\n<p>Acrylique sur toile<br \/>\n(60 x 45 x 2 cm \/ 24 x 18 x 1 po)<br \/>\nCr\u00e9\u00e9e en 2021<\/p>\n<p>&nbsp;<\/p>\n<p><em>Cet \u0153uvre est exp\u00e9di\u00e9e tendue sur son cadre en bois d'origine.<\/em><\/p>\n<p>&nbsp;<\/p>\n<p><strong><em>Pour nous assurer que l'\u0153uvre r\u00e9pond \u00e0 vos attentes, nous serions ravis de vous en fournir une vid\u00e9o en haute d\u00e9finition accompagn\u00e9e des commentaires de l'artiste, avant que vous ne proc\u00e9diez \u00e0 l'achat. Pour ce faire, il vous suffit de communiquer avec nous par courriel \u00e0 <a rel=\"noopener\">mawuartgallery@gmail.com<\/a> D\u00e8s r\u00e9ception de votre demande, nous vous ferons parvenir une ou plusieurs vid\u00e9os\/photos selon votre choix.<\/em><\/strong><\/p>\n<p>&nbsp;<\/p>\n<p><strong>LIVRAISON GRATUITE POUR TOUTES LES COMMANDES<\/strong><\/p>","protected":false},"featured_media":11307,"comment_status":"open","ping_status":"closed","template":"","meta":{"nf_dc_page":""},"product_brand":[],"product_cat":[112,43],"product_tag":[32,34,42],"class_list":{"0":"post-11305","1":"product","2":"type-product","3":"status-publish","4":"has-post-thumbnail","6":"product_cat-acrylic","7":"product_cat-paintings","8":"product_tag-art","9":"product_tag-color","10":"product_tag-painting","11":"product_shipping_class-stretched-on-frame","13":"first","14":"instock","15":"shipping-taxable","16":"purchasable","17":"product-type-simple"},"_links":{"self":[{"href":"https:\/\/mawuartgallery.com\/fr\/wp-json\/wp\/v2\/product\/11305","targetHints":{"allow":["GET"]}}],"collection":[{"href":"https:\/\/mawuartgallery.com\/fr\/wp-json\/wp\/v2\/product"}],"about":[{"href":"https:\/\/mawuartgallery.com\/fr\/wp-json\/wp\/v2\/types\/product"}],"replies":[{"embeddable":true,"href":"https:\/\/mawuartgallery.com\/fr\/wp-json\/wp\/v2\/comments?post=11305"}],"version-history":[{"count":2,"href":"https:\/\/mawuartgallery.com\/fr\/wp-json\/wp\/v2\/product\/11305\/revisions"}],"predecessor-version":[{"id":16094,"href":"https:\/\/mawuartgallery.com\/fr\/wp-json\/wp\/v2\/product\/11305\/revisions\/16094"}],"wp:featuredmedia":[{"embeddable":true,"href":"https:\/\/mawuartgallery.com\/fr\/wp-json\/wp\/v2\/media\/11307"}],"wp:attachment":[{"href":"https:\/\/mawuartgallery.com\/fr\/wp-json\/wp\/v2\/media?parent=11305"}],"wp:term":[{"taxonomy":"product_brand","embeddable":true,"href":"https:\/\/mawuartgallery.com\/fr\/wp-json\/wp\/v2\/product_brand?post=11305"},{"taxonomy":"product_cat","embeddable":true,"href":"https:\/\/mawuartgallery.com\/fr\/wp-json\/wp\/v2\/product_cat?post=11305"},{"taxonomy":"product_tag","embeddable":true,"href":"https:\/\/mawuartgallery.com\/fr\/wp-json\/wp\/v2\/product_tag?post=11305"}],"curies":[{"name":"wp","href":"https:\/\/api.w.org\/{rel}","templated":true}]}}