{"id":11299,"date":"2024-06-04T17:43:33","date_gmt":"2024-06-04T17:43:33","guid":{"rendered":"https:\/\/mawuartgallery.com\/?post_type=product&#038;p=11299"},"modified":"2025-10-10T16:13:54","modified_gmt":"2025-10-10T20:13:54","slug":"deep-condition-love","status":"publish","type":"product","link":"https:\/\/mawuartgallery.com\/fr\/produit\/deep-condition-love\/","title":{"rendered":"Amour conditionneur"},"content":{"rendered":"<p>Cette peinture est \u00e9vocatrice et a une profonde r\u00e9sonance culturelle et personnelle. Saisir l'exp\u00e9rience de se faire coiffer le dimanche est un voyage nostalgique pour beaucoup, en particulier dans les communaut\u00e9s noires o\u00f9 les rituels de soins capillaires rev\u00eatent une grande importance culturelle et sociale.<u><\/u><u><\/u><\/p>\n<p>&nbsp;<\/p>\n<p>La juxtaposition du visage \u00ab douloureux \u00bb de l'enfant et du calme de la m\u00e8re cr\u00e9e une sc\u00e8ne dynamique et nostalgique. Elle souligne non seulement l'inconfort physique souvent associ\u00e9 au toilettage des cheveux, mais aussi la tendresse et la patience dont les m\u00e8res font preuve dans ces moments-l\u00e0. J'ai utilis\u00e9 ce contraste pour toucher l'observatrice sur le plan \u00e9motionnel, en l'invitant \u00e0 r\u00e9fl\u00e9chir \u00e0 ses propres souvenirs et exp\u00e9riences.<\/p>\n<p>.<\/p>","protected":false},"excerpt":{"rendered":"<h6><strong>Artiste : <span style=\"color: #0000ff;\"><a style=\"color: #0000ff;\" href=\"https:\/\/mawuartgallery.com\/fr\/portfolio-item\/yamila-sarmiento\/\">YAMILA SARMIENTO<\/a><\/span><\/strong><\/h6>\n<p>Acrylique sur toile<br \/>\n(60 x 45 x 2 cm \/ 24 x 18 x 1 po)<br \/>\nCr\u00e9\u00e9e en 2023<\/p>\n<p>&nbsp;<\/p>\n<p><em>Cet \u0153uvre est exp\u00e9di\u00e9e tendue sur son cadre en bois d'origine.<\/em><\/p>\n<p>&nbsp;<\/p>\n<p><strong><em>Pour nous assurer que l'\u0153uvre r\u00e9pond \u00e0 vos attentes, nous serions ravis de vous en fournir une vid\u00e9o en haute d\u00e9finition accompagn\u00e9e des commentaires de l'artiste, avant que vous ne proc\u00e9diez \u00e0 l'achat. Pour ce faire, il vous suffit de communiquer avec nous par courriel \u00e0 <a rel=\"noopener\">mawuartgallery@gmail.com<\/a> D\u00e8s r\u00e9ception de votre demande, nous vous ferons parvenir une ou plusieurs vid\u00e9os\/photos selon votre choix.<\/em><\/strong><\/p>\n<p>&nbsp;<\/p>\n<p><strong>LIVRAISON GRATUITE POUR TOUTES LES COMMANDES<\/strong><\/p>","protected":false},"featured_media":11301,"comment_status":"open","ping_status":"closed","template":"","meta":{"nf_dc_page":""},"product_brand":[],"product_cat":[112,43],"product_tag":[32,34,42],"class_list":{"0":"post-11299","1":"product","2":"type-product","3":"status-publish","4":"has-post-thumbnail","6":"product_cat-acrylic","7":"product_cat-paintings","8":"product_tag-art","9":"product_tag-color","10":"product_tag-painting","11":"product_shipping_class-stretched-on-frame","13":"first","14":"instock","15":"shipping-taxable","16":"purchasable","17":"product-type-simple"},"_links":{"self":[{"href":"https:\/\/mawuartgallery.com\/fr\/wp-json\/wp\/v2\/product\/11299","targetHints":{"allow":["GET"]}}],"collection":[{"href":"https:\/\/mawuartgallery.com\/fr\/wp-json\/wp\/v2\/product"}],"about":[{"href":"https:\/\/mawuartgallery.com\/fr\/wp-json\/wp\/v2\/types\/product"}],"replies":[{"embeddable":true,"href":"https:\/\/mawuartgallery.com\/fr\/wp-json\/wp\/v2\/comments?post=11299"}],"version-history":[{"count":2,"href":"https:\/\/mawuartgallery.com\/fr\/wp-json\/wp\/v2\/product\/11299\/revisions"}],"predecessor-version":[{"id":16092,"href":"https:\/\/mawuartgallery.com\/fr\/wp-json\/wp\/v2\/product\/11299\/revisions\/16092"}],"wp:featuredmedia":[{"embeddable":true,"href":"https:\/\/mawuartgallery.com\/fr\/wp-json\/wp\/v2\/media\/11301"}],"wp:attachment":[{"href":"https:\/\/mawuartgallery.com\/fr\/wp-json\/wp\/v2\/media?parent=11299"}],"wp:term":[{"taxonomy":"product_brand","embeddable":true,"href":"https:\/\/mawuartgallery.com\/fr\/wp-json\/wp\/v2\/product_brand?post=11299"},{"taxonomy":"product_cat","embeddable":true,"href":"https:\/\/mawuartgallery.com\/fr\/wp-json\/wp\/v2\/product_cat?post=11299"},{"taxonomy":"product_tag","embeddable":true,"href":"https:\/\/mawuartgallery.com\/fr\/wp-json\/wp\/v2\/product_tag?post=11299"}],"curies":[{"name":"wp","href":"https:\/\/api.w.org\/{rel}","templated":true}]}}