{"id":11293,"date":"2024-06-04T17:10:12","date_gmt":"2024-06-04T17:10:12","guid":{"rendered":"https:\/\/mawuartgallery.com\/?post_type=product&#038;p=11293"},"modified":"2025-10-10T16:12:46","modified_gmt":"2025-10-10T20:12:46","slug":"black-love","status":"publish","type":"product","link":"https:\/\/mawuartgallery.com\/fr\/produit\/black-love\/","title":{"rendered":"Amour noir"},"content":{"rendered":"<p>Cette peinture est un bel exemple d'amour noir, montrant l'affection et la connexion entre un homme et une femme noirs. Il est important de c\u00e9l\u00e9brer et d'am\u00e9liorer ces repr\u00e9sentations afin de montrer la diversit\u00e9 de l'amour et des relations dans notre soci\u00e9t\u00e9. Gr\u00e2ce \u00e0 l'art, nous pouvons contribuer \u00e0 remettre en question les st\u00e9r\u00e9otypes et \u00e0 promouvoir une repr\u00e9sentation plus inclusive et plus \u00e9quitable de l'amour dans les m\u00e9dias grand public.<\/p>","protected":false},"excerpt":{"rendered":"<h6><strong>Artiste : <span style=\"color: #0000ff;\"><a style=\"color: #0000ff;\" href=\"https:\/\/mawuartgallery.com\/fr\/portfolio-item\/yamila-sarmiento\/\">YAMILA SARMIENTO<\/a><\/span><\/strong><\/h6>\n<p>Acrylique sur toile<br \/>\n(60 x 50 x 2 cm \/ 24 x 20 x 1 po)<br \/>\nCr\u00e9\u00e9e en 2021<\/p>\n<p>&nbsp;<\/p>\n<p><em>Cet \u0153uvre est exp\u00e9di\u00e9e tendue sur son cadre en bois d'origine.<\/em><\/p>\n<p>&nbsp;<\/p>\n<p><strong><em>Pour nous assurer que l'\u0153uvre r\u00e9pond \u00e0 vos attentes, nous serions ravis de vous en fournir une vid\u00e9o en haute d\u00e9finition accompagn\u00e9e des commentaires de l'artiste, avant que vous ne proc\u00e9diez \u00e0 l'achat. Pour ce faire, il vous suffit de communiquer avec nous par courriel \u00e0 <a rel=\"noopener\">mawuartgallery@gmail.com<\/a> D\u00e8s r\u00e9ception de votre demande, nous vous ferons parvenir une ou plusieurs vid\u00e9os\/photos selon votre choix.<\/em><\/strong><\/p>\n<p>&nbsp;<\/p>\n<p><strong>LIVRAISON GRATUITE POUR TOUTES LES COMMANDES<\/strong><\/p>","protected":false},"featured_media":11295,"comment_status":"open","ping_status":"closed","template":"","meta":{"nf_dc_page":""},"product_brand":[],"product_cat":[112,43],"product_tag":[32,34,42],"class_list":{"0":"post-11293","1":"product","2":"type-product","3":"status-publish","4":"has-post-thumbnail","6":"product_cat-acrylic","7":"product_cat-paintings","8":"product_tag-art","9":"product_tag-color","10":"product_tag-painting","11":"product_shipping_class-stretched-on-frame","13":"first","14":"instock","15":"shipping-taxable","16":"purchasable","17":"product-type-simple"},"_links":{"self":[{"href":"https:\/\/mawuartgallery.com\/fr\/wp-json\/wp\/v2\/product\/11293","targetHints":{"allow":["GET"]}}],"collection":[{"href":"https:\/\/mawuartgallery.com\/fr\/wp-json\/wp\/v2\/product"}],"about":[{"href":"https:\/\/mawuartgallery.com\/fr\/wp-json\/wp\/v2\/types\/product"}],"replies":[{"embeddable":true,"href":"https:\/\/mawuartgallery.com\/fr\/wp-json\/wp\/v2\/comments?post=11293"}],"version-history":[{"count":2,"href":"https:\/\/mawuartgallery.com\/fr\/wp-json\/wp\/v2\/product\/11293\/revisions"}],"predecessor-version":[{"id":16090,"href":"https:\/\/mawuartgallery.com\/fr\/wp-json\/wp\/v2\/product\/11293\/revisions\/16090"}],"wp:featuredmedia":[{"embeddable":true,"href":"https:\/\/mawuartgallery.com\/fr\/wp-json\/wp\/v2\/media\/11295"}],"wp:attachment":[{"href":"https:\/\/mawuartgallery.com\/fr\/wp-json\/wp\/v2\/media?parent=11293"}],"wp:term":[{"taxonomy":"product_brand","embeddable":true,"href":"https:\/\/mawuartgallery.com\/fr\/wp-json\/wp\/v2\/product_brand?post=11293"},{"taxonomy":"product_cat","embeddable":true,"href":"https:\/\/mawuartgallery.com\/fr\/wp-json\/wp\/v2\/product_cat?post=11293"},{"taxonomy":"product_tag","embeddable":true,"href":"https:\/\/mawuartgallery.com\/fr\/wp-json\/wp\/v2\/product_tag?post=11293"}],"curies":[{"name":"wp","href":"https:\/\/api.w.org\/{rel}","templated":true}]}}