{"id":11209,"date":"2024-05-30T17:31:18","date_gmt":"2024-05-30T17:31:18","guid":{"rendered":"https:\/\/mawuartgallery.com\/?post_type=product&#038;p=11209"},"modified":"2025-10-25T19:28:47","modified_gmt":"2025-10-25T23:28:47","slug":"findingembers","status":"publish","type":"product","link":"https:\/\/mawuartgallery.com\/fr\/produit\/findingembers\/","title":{"rendered":"\u00c9tincelles"},"content":{"rendered":"<div class=\"flex-shrink-0 flex flex-col relative items-end\">\n<div>\n<div class=\"pt-0\">\n<div class=\"gizmo-bot-avatar flex h-8 w-8 items-center justify-center overflow-hidden rounded-full\">\n<div class=\"relative p-1 rounded-sm flex items-center justify-center bg-token-main-surface-primary text-token-text-primary h-8 w-8 translation-block\">Dans le captivant tableau <em>\u00c9tincelles<\/em>, deux enfants, c\u00f4te \u00e0 c\u00f4te, sont plong\u00e9s dans leur univers secret, \u00e0 la fois proches et pourtant profond\u00e9ment absorb\u00e9s dans leurs pens\u00e9es. L'habilet\u00e9 du pinceau de l'artiste et l'\u00e9clat des couleurs vives cr\u00e9ent une atmosph\u00e8re empreinte de chaleur, de confort et d'innocence, une invitation \u00e0 l'\u00e9merveillement.<\/div>\n<p>&nbsp;<\/p>\n<p>Leurs yeux, brillants de curiosit\u00e9, et leurs sourires discrets t\u00e9moignent d'une immersion totale dans une aventure silencieuse mais pr\u00e9cieuse. Bien qu'ils partagent le m\u00eame espace, chacun semble \u00eatre en pleine exploration de son propre monde int\u00e9rieur, comme s'il d\u00e9nichait des tr\u00e9sors insoup\u00e7onn\u00e9s au fond de son \u00e2me. La lumi\u00e8re douce et dor\u00e9e qui les enveloppe ajoute une touche de s\u00e9r\u00e9nit\u00e9, une paix intime qui \u00e9mane de la sc\u00e8ne.<\/p>\n<p>&nbsp;<\/p>\n<p class=\"translation-block\">Le titre <em>\u00c9tincelles<\/em> sugg\u00e8re que ces jeunes \u00eatres d\u00e9couvrent des fragments d'infini en eux-m\u00eames \u2014 des \u00e9clats d'imagination pure, des \u00e9clairs de cr\u00e9ativit\u00e9, des possibilit\u00e9s infinies. Comme si, ensemble, ils regardaient les flammes de leurs r\u00eaves int\u00e9rieurs s'\u00e9panouir, illuminant leur c\u0153ur et leur esprit d'une lueur douce mais infiniment puissante.<\/p>\n<p>&nbsp;<\/p>\n<p>La composition du tableau, avec ces deux \u00e2mes li\u00e9es par l'intimit\u00e9 de leur pr\u00e9sence, \u00e9voque un profond sentiment de camaraderie et de complicit\u00e9 silencieuse. L'attention m\u00e9ticuleuse de l'artiste aux d\u00e9tails \u2014 des plis d\u00e9licats de leurs v\u00eatements aux l\u00e9gers sourires qui effleurent leurs visages \u2014 invite l'observateur \u00e0 entrer dans un monde tranquille et magique, o\u00f9 chaque instant est un souffle de po\u00e9sie.<\/p>\n<p>&nbsp;<\/p>\n<p><em>\u00c9tincelles<\/em> n'est pas simplement une \u0153uvre d'art, c'est un hommage vibrant \u00e0 la beaut\u00e9 pure de l'enfance. Une c\u00e9l\u00e9bration de cette magie qui jaillit lorsque des esprits jeunes, vierges de tout, se rencontrent, s'enrichissent et se nourrissent mutuellement.<\/p>\n<\/div>\n<\/div>\n<\/div>\n<\/div>","protected":false},"excerpt":{"rendered":"<h6><strong>Artiste : <a href=\"https:\/\/mawuartgallery.com\/fr\/portfolio-item\/afeez-aregbede\/\">AFEEZ AREGBEDE<\/a><\/strong><\/h6>\n<p>Acrylique sur toile<br \/>\n(116 x 111 cm \/ 46 x 44 po)<br \/>\nCr\u00e9\u00e9e en 2023<\/p>\n<p>&nbsp;<\/p>\n<p><em>Cet article est soigneusement enroul\u00e9 et exp\u00e9di\u00e9 dans un tube d'exp\u00e9dition afin de garantir une livraison en toute s\u00e9curit\u00e9.<\/em><\/p>\n<p>&nbsp;<\/p>\n<p><strong><em>Pour nous assurer que l'\u0153uvre r\u00e9pond \u00e0 vos attentes, nous serions ravis de vous en fournir une vid\u00e9o en haute d\u00e9finition accompagn\u00e9e des commentaires de l'artiste, avant que vous ne proc\u00e9diez \u00e0 l'achat. Pour ce faire, il vous suffit de communiquer avec nous par courriel \u00e0 <a rel=\"noopener\">mawuartgallery@gmail.com<\/a> D\u00e8s r\u00e9ception de votre demande, nous vous ferons parvenir une ou plusieurs vid\u00e9os\/photos selon votre choix.<\/em><\/strong><\/p>\n<p>&nbsp;<\/p>\n<p><strong>LIVRAISON GRATUITE POUR TOUTES LES COMMANDES<\/strong><\/p>","protected":false},"featured_media":11211,"comment_status":"open","ping_status":"closed","template":"","meta":{"nf_dc_page":""},"product_brand":[],"product_cat":[112,43],"product_tag":[32,34,42],"class_list":{"0":"post-11209","1":"product","2":"type-product","3":"status-publish","4":"has-post-thumbnail","6":"product_cat-acrylic","7":"product_cat-paintings","8":"product_tag-art","9":"product_tag-color","10":"product_tag-painting","11":"product_shipping_class-mailing-tube","13":"first","14":"instock","15":"shipping-taxable","16":"purchasable","17":"product-type-simple"},"_links":{"self":[{"href":"https:\/\/mawuartgallery.com\/fr\/wp-json\/wp\/v2\/product\/11209","targetHints":{"allow":["GET"]}}],"collection":[{"href":"https:\/\/mawuartgallery.com\/fr\/wp-json\/wp\/v2\/product"}],"about":[{"href":"https:\/\/mawuartgallery.com\/fr\/wp-json\/wp\/v2\/types\/product"}],"replies":[{"embeddable":true,"href":"https:\/\/mawuartgallery.com\/fr\/wp-json\/wp\/v2\/comments?post=11209"}],"version-history":[{"count":1,"href":"https:\/\/mawuartgallery.com\/fr\/wp-json\/wp\/v2\/product\/11209\/revisions"}],"predecessor-version":[{"id":16471,"href":"https:\/\/mawuartgallery.com\/fr\/wp-json\/wp\/v2\/product\/11209\/revisions\/16471"}],"wp:featuredmedia":[{"embeddable":true,"href":"https:\/\/mawuartgallery.com\/fr\/wp-json\/wp\/v2\/media\/11211"}],"wp:attachment":[{"href":"https:\/\/mawuartgallery.com\/fr\/wp-json\/wp\/v2\/media?parent=11209"}],"wp:term":[{"taxonomy":"product_brand","embeddable":true,"href":"https:\/\/mawuartgallery.com\/fr\/wp-json\/wp\/v2\/product_brand?post=11209"},{"taxonomy":"product_cat","embeddable":true,"href":"https:\/\/mawuartgallery.com\/fr\/wp-json\/wp\/v2\/product_cat?post=11209"},{"taxonomy":"product_tag","embeddable":true,"href":"https:\/\/mawuartgallery.com\/fr\/wp-json\/wp\/v2\/product_tag?post=11209"}],"curies":[{"name":"wp","href":"https:\/\/api.w.org\/{rel}","templated":true}]}}