{"id":11111,"date":"2024-05-27T19:34:13","date_gmt":"2024-05-27T19:34:13","guid":{"rendered":"https:\/\/mawuartgallery.com\/?post_type=product&#038;p=11111"},"modified":"2026-02-08T10:44:21","modified_gmt":"2026-02-08T14:44:21","slug":"a-beautiful-peacock-story","status":"publish","type":"product","link":"https:\/\/mawuartgallery.com\/fr\/produit\/a-beautiful-peacock-story\/","title":{"rendered":"Une belle histoire de paon"},"content":{"rendered":"<p>Oshun, la d\u00e9esse yoruba de l'amour, de la beaut\u00e9, de la prosp\u00e9rit\u00e9 et de la fertilit\u00e9, est une figure centrale du panth\u00e9on des Orisha. Ses origines, ses symboles et ses relations avec les autres Orishas soulignent son importance en tant que divinit\u00e9 puissante et compatissante.<\/p>\n<p>&nbsp;<\/p>\n<p>Le paon, l'un des animaux associ\u00e9s \u00e0 Oshun, symbolise la beaut\u00e9, la gr\u00e2ce et l'\u00e9nergie vibrante, refl\u00e9tant son essence. Gr\u00e2ce \u00e0 des rituels, des offrandes et des pratiques visant \u00e0 honorer Oshun et \u00e0 s'y connecter, les fid\u00e8les peuvent cultiver une compr\u00e9hension plus profonde de son \u00e9nergie et de sa sagesse, am\u00e9liorant ainsi leur vie et leur bien-\u00eatre \u00e9motionnel.<\/p>","protected":false},"excerpt":{"rendered":"<h6><strong>Artiste : <\/strong><a href=\"https:\/\/mawuartgallery.com\/fr\/portfolio-item\/samson-toba\/\"><strong><span style=\"color: #0000ff;\">SAMSON TOBA<\/span><\/strong><\/a><\/h6>\n<h6><\/h6>\n<p>Acrylique sur toile<br \/>\n(48 x 48 in \/ 121 x 121 cm)<br \/>\nCr\u00e9\u00e9e en 2023<\/p>\n<p>&nbsp;<\/p>\n<h6>\ud83d\udd04Dans cette ench\u00e8re invers\u00e9e, le prix baisse quotidiennement\ud83d\udcc9. SOYEZ LE 1er ou la 1re \u00e0 atteindre le myst\u00e9rieux prix minimum de l'artiste\ud83c\udfafet l'\u0153uvre\ud83d\uddbc\ufe0f est \u00e0 vous! Ench\u00e9rissez avec audace!<\/h6>\n<p>&nbsp;<\/p>\n<p><strong>LIVRAISON GRATUITE POUR TOUTES LES COMMANDES<\/strong><\/p>","protected":false},"featured_media":14833,"comment_status":"open","ping_status":"closed","template":"","meta":{"nf_dc_page":""},"product_brand":[],"product_cat":[112,43],"product_tag":[32,34,42],"class_list":{"0":"post-11111","1":"product","2":"type-product","3":"status-publish","4":"has-post-thumbnail","6":"product_cat-acrylic","7":"product_cat-paintings","8":"product_tag-art","9":"product_tag-color","10":"product_tag-painting","11":"product_shipping_class-mailing-tube","13":"first","14":"instock","15":"sold-individually","16":"shipping-taxable","17":"purchasable","18":"product-type-auction"},"_links":{"self":[{"href":"https:\/\/mawuartgallery.com\/fr\/wp-json\/wp\/v2\/product\/11111","targetHints":{"allow":["GET"]}}],"collection":[{"href":"https:\/\/mawuartgallery.com\/fr\/wp-json\/wp\/v2\/product"}],"about":[{"href":"https:\/\/mawuartgallery.com\/fr\/wp-json\/wp\/v2\/types\/product"}],"replies":[{"embeddable":true,"href":"https:\/\/mawuartgallery.com\/fr\/wp-json\/wp\/v2\/comments?post=11111"}],"version-history":[{"count":1,"href":"https:\/\/mawuartgallery.com\/fr\/wp-json\/wp\/v2\/product\/11111\/revisions"}],"predecessor-version":[{"id":17673,"href":"https:\/\/mawuartgallery.com\/fr\/wp-json\/wp\/v2\/product\/11111\/revisions\/17673"}],"wp:featuredmedia":[{"embeddable":true,"href":"https:\/\/mawuartgallery.com\/fr\/wp-json\/wp\/v2\/media\/14833"}],"wp:attachment":[{"href":"https:\/\/mawuartgallery.com\/fr\/wp-json\/wp\/v2\/media?parent=11111"}],"wp:term":[{"taxonomy":"product_brand","embeddable":true,"href":"https:\/\/mawuartgallery.com\/fr\/wp-json\/wp\/v2\/product_brand?post=11111"},{"taxonomy":"product_cat","embeddable":true,"href":"https:\/\/mawuartgallery.com\/fr\/wp-json\/wp\/v2\/product_cat?post=11111"},{"taxonomy":"product_tag","embeddable":true,"href":"https:\/\/mawuartgallery.com\/fr\/wp-json\/wp\/v2\/product_tag?post=11111"}],"curies":[{"name":"wp","href":"https:\/\/api.w.org\/{rel}","templated":true}]}}