{"id":11102,"date":"2024-05-27T18:11:40","date_gmt":"2024-05-27T18:11:40","guid":{"rendered":"https:\/\/mawuartgallery.com\/?post_type=product&#038;p=11102"},"modified":"2026-02-08T12:26:10","modified_gmt":"2026-02-08T16:26:10","slug":"face-and-phrases","status":"publish","type":"product","link":"https:\/\/mawuartgallery.com\/fr\/produit\/face-and-phrases\/","title":{"rendered":"Visages et expressions"},"content":{"rendered":"<p>La mode et la beaut\u00e9 sont souvent associ\u00e9es \u00e0 la gente f\u00e9minine, mais les hommes s'int\u00e9ressent tout autant \u00e0 ces domaines. Il est apparu r\u00e9cemment que les hommes suivent \u00e9galement les tendances et appr\u00e9cient un style de vie \u00e0 la mode. Pour eux, la beaut\u00e9 est souvent synonyme de soins personnels qui mettent en valeur leur personnalit\u00e9. La section Mode et beaut\u00e9 pr\u00e9sente des articles sur les nouvelles tendances que les hommes suivent.<\/p>\n<p>&nbsp;<\/p>\n<p>Qu'il s'agisse de mode classique, de mode urbaine ou d'autres styles divers, chacun contribue au concept global de la beaut\u00e9. La beaut\u00e9 n'est pas seulement une question d'apparence, c'est aussi le fait de se sentir belle ou beau. Elle se d\u00e9finit comme une qualit\u00e9 qui pla\u00eet aux sens et aux yeux. Ainsi, la beaut\u00e9 ne se limite pas aux traits du visage; elle englobe la fa\u00e7on dont une personne se pr\u00e9sente de mani\u00e8re \u00e0 s\u00e9duire les autres.<\/p>\n<p>&nbsp;<\/p>\n<p>Ces aspects inspirent mes peintures r\u00e9centes, et je n'ai trouv\u00e9 de meilleur moyen de les exprimer que par ce m\u00e9dium.<\/p>","protected":false},"excerpt":{"rendered":"<h6><strong>Artiste : <\/strong><a href=\"https:\/\/mawuartgallery.com\/fr\/portfolio-item\/samson-toba\/\"><strong><span style=\"color: #0000ff;\">SAMSON TOBA<\/span><\/strong><\/a><\/h6>\n<p>Acrylique sur toile<br \/>\n(48 x 48 in \/ 121 x 121 cm)<br \/>\nCr\u00e9\u00e9e en 2023<\/p>\n<p>&nbsp;<\/p>\n<h6>\ud83d\udd04Dans cette ench\u00e8re invers\u00e9e, le prix baisse quotidiennement\ud83d\udcc9. SOYEZ LE 1er ou la 1re \u00e0 atteindre le myst\u00e9rieux prix minimum de l'artiste\ud83c\udfafet l'\u0153uvre\ud83d\uddbc\ufe0f est \u00e0 vous! Ench\u00e9rissez avec audace!<\/h6>\n<p>&nbsp;<\/p>\n<p><strong>LIVRAISON GRATUITE POUR TOUTES LES COMMANDES<\/strong><\/p>","protected":false},"featured_media":11104,"comment_status":"open","ping_status":"closed","template":"","meta":{"nf_dc_page":""},"product_brand":[],"product_cat":[112,43],"product_tag":[32,34,42],"class_list":{"0":"post-11102","1":"product","2":"type-product","3":"status-publish","4":"has-post-thumbnail","6":"product_cat-acrylic","7":"product_cat-paintings","8":"product_tag-art","9":"product_tag-color","10":"product_tag-painting","11":"product_shipping_class-mailing-tube","13":"first","14":"instock","15":"sold-individually","16":"shipping-taxable","17":"purchasable","18":"product-type-auction"},"_links":{"self":[{"href":"https:\/\/mawuartgallery.com\/fr\/wp-json\/wp\/v2\/product\/11102","targetHints":{"allow":["GET"]}}],"collection":[{"href":"https:\/\/mawuartgallery.com\/fr\/wp-json\/wp\/v2\/product"}],"about":[{"href":"https:\/\/mawuartgallery.com\/fr\/wp-json\/wp\/v2\/types\/product"}],"replies":[{"embeddable":true,"href":"https:\/\/mawuartgallery.com\/fr\/wp-json\/wp\/v2\/comments?post=11102"}],"version-history":[{"count":1,"href":"https:\/\/mawuartgallery.com\/fr\/wp-json\/wp\/v2\/product\/11102\/revisions"}],"predecessor-version":[{"id":17677,"href":"https:\/\/mawuartgallery.com\/fr\/wp-json\/wp\/v2\/product\/11102\/revisions\/17677"}],"wp:featuredmedia":[{"embeddable":true,"href":"https:\/\/mawuartgallery.com\/fr\/wp-json\/wp\/v2\/media\/11104"}],"wp:attachment":[{"href":"https:\/\/mawuartgallery.com\/fr\/wp-json\/wp\/v2\/media?parent=11102"}],"wp:term":[{"taxonomy":"product_brand","embeddable":true,"href":"https:\/\/mawuartgallery.com\/fr\/wp-json\/wp\/v2\/product_brand?post=11102"},{"taxonomy":"product_cat","embeddable":true,"href":"https:\/\/mawuartgallery.com\/fr\/wp-json\/wp\/v2\/product_cat?post=11102"},{"taxonomy":"product_tag","embeddable":true,"href":"https:\/\/mawuartgallery.com\/fr\/wp-json\/wp\/v2\/product_tag?post=11102"}],"curies":[{"name":"wp","href":"https:\/\/api.w.org\/{rel}","templated":true}]}}