{"id":11097,"date":"2024-05-27T17:48:52","date_gmt":"2024-05-27T17:48:52","guid":{"rendered":"https:\/\/mawuartgallery.com\/?post_type=product&#038;p=11097"},"modified":"2026-02-08T12:31:01","modified_gmt":"2026-02-08T16:31:01","slug":"she-save-us","status":"publish","type":"product","link":"https:\/\/mawuartgallery.com\/fr\/produit\/she-save-us\/","title":{"rendered":"Elle nous sauve"},"content":{"rendered":"","protected":false},"excerpt":{"rendered":"<h6><strong>Artiste : <\/strong><a href=\"https:\/\/mawuartgallery.com\/fr\/portfolio-item\/samson-toba\/\"><strong><span style=\"color: #0000ff;\">SAMSON TOBA<\/span><\/strong><\/a><\/h6>\n<p>Acrylique sur toile<br \/>\n(91 x 91 cm \/ 36 x 36 po)<br \/>\nCr\u00e9\u00e9e en 2023<\/p>\n<p>&nbsp;<\/p>\n<p><em>En raison de sa taille, cette \u0153uvre est exp\u00e9di\u00e9e enroul\u00e9e dans un tube d'exp\u00e9dition (et non tendue sur le cadre en bois d'origine comme sur la photo).<\/em><\/p>\n<p>&nbsp;<\/p>\n<p><em>N'h\u00e9sitez pas \u00e0 nous demander par courriel la vid\u00e9o la plus r\u00e9cente de l'\u0153uvre. Nous vous la fournirons au plus vite afin que vous puissiez vous assurer que ce que vous voyez ici correspond \u00e0 vos attentes.<\/em><\/p>\n<p>&nbsp;<\/p>\n<p><strong>LIVRAISON GRATUITE POUR TOUTES LES COMMANDES<\/strong><\/p>","protected":false},"featured_media":15539,"comment_status":"open","ping_status":"closed","template":"","meta":{"nf_dc_page":""},"product_brand":[],"product_cat":[112,43],"product_tag":[32,34,42],"class_list":{"0":"post-11097","1":"product","2":"type-product","3":"status-publish","4":"has-post-thumbnail","6":"product_cat-acrylic","7":"product_cat-paintings","8":"product_tag-art","9":"product_tag-color","10":"product_tag-painting","11":"product_shipping_class-mailing-tube","13":"first","14":"outofstock","15":"sold-individually","16":"shipping-taxable","17":"product-type-simple"},"_links":{"self":[{"href":"https:\/\/mawuartgallery.com\/fr\/wp-json\/wp\/v2\/product\/11097","targetHints":{"allow":["GET"]}}],"collection":[{"href":"https:\/\/mawuartgallery.com\/fr\/wp-json\/wp\/v2\/product"}],"about":[{"href":"https:\/\/mawuartgallery.com\/fr\/wp-json\/wp\/v2\/types\/product"}],"replies":[{"embeddable":true,"href":"https:\/\/mawuartgallery.com\/fr\/wp-json\/wp\/v2\/comments?post=11097"}],"version-history":[{"count":3,"href":"https:\/\/mawuartgallery.com\/fr\/wp-json\/wp\/v2\/product\/11097\/revisions"}],"predecessor-version":[{"id":17678,"href":"https:\/\/mawuartgallery.com\/fr\/wp-json\/wp\/v2\/product\/11097\/revisions\/17678"}],"wp:featuredmedia":[{"embeddable":true,"href":"https:\/\/mawuartgallery.com\/fr\/wp-json\/wp\/v2\/media\/15539"}],"wp:attachment":[{"href":"https:\/\/mawuartgallery.com\/fr\/wp-json\/wp\/v2\/media?parent=11097"}],"wp:term":[{"taxonomy":"product_brand","embeddable":true,"href":"https:\/\/mawuartgallery.com\/fr\/wp-json\/wp\/v2\/product_brand?post=11097"},{"taxonomy":"product_cat","embeddable":true,"href":"https:\/\/mawuartgallery.com\/fr\/wp-json\/wp\/v2\/product_cat?post=11097"},{"taxonomy":"product_tag","embeddable":true,"href":"https:\/\/mawuartgallery.com\/fr\/wp-json\/wp\/v2\/product_tag?post=11097"}],"curies":[{"name":"wp","href":"https:\/\/api.w.org\/{rel}","templated":true}]}}