{"id":11084,"date":"2024-05-25T21:37:52","date_gmt":"2024-05-25T21:37:52","guid":{"rendered":"https:\/\/mawuartgallery.com\/?post_type=product&#038;p=11084"},"modified":"2026-01-22T14:48:44","modified_gmt":"2026-01-22T18:48:44","slug":"kwabena-born-on-tuesday","status":"publish","type":"product","link":"https:\/\/mawuartgallery.com\/fr\/produit\/kwabena-born-on-tuesday\/","title":{"rendered":"Kwabena est n\u00e9 mardi"},"content":{"rendered":"<p>Kwabena est un pr\u00e9nom masculin Akan chez le peuple Akan (par exemple Ashanti, Akuapem, Akyem, Kwahus) au Ghana. Selon leur syst\u00e8me d'attribution de pr\u00e9nom selon le jour, il signifie \u00ab n\u00e9 un mardi \u00bb en langue akan. Les personnes n\u00e9es \u00e0 des dates pr\u00e9cises sont cens\u00e9es pr\u00e9senter des caract\u00e9ristiques, des attributs et des philosophies associ\u00e9s \u00e0 ces jours. Les personnes n\u00e9es le mardi sont traditionnellement li\u00e9es \u00e0 l'oc\u00e9an. Kwabena porte \u00e9galement l'appellation <em>Ogyam<\/em> ou <em>Ebo<\/em>qui signifie \u00ab amabilit\u00e9 \u00bb. Par cons\u00e9quent, on s'attend \u00e0 ce que les hommes nomm\u00e9s Kwabena soient amicaux.*<\/p>\n<p>&nbsp;<\/p>\n<p>\u00c0 travers cette \u0153uvre, l'artiste cherche \u00e0 rendre hommage aux hommes nomm\u00e9s Kwabena qui, dans la soci\u00e9t\u00e9 ghan\u00e9enne, sont g\u00e9n\u00e9ralement consid\u00e9r\u00e9s comme intelligents, travailleurs, diligents, attentionn\u00e9s, altruistes et romantiques avec leurs partenaires. Cette \u0153uvre d'art incarne ces qualit\u00e9s.<\/p>\n<p>&nbsp;<\/p>\n<p>*Sources: Wikipedia et Dankyi Mensah<\/p>","protected":false},"excerpt":{"rendered":"<h6><strong>Artiste : <\/strong><a href=\"https:\/\/mawuartgallery.com\/fr\/portfolio-item\/gloria-mmaduako\/\"><strong><span style=\"color: #0000ff;\">DANKYI MENSAH<\/span><\/strong><\/a><\/h6>\n<p>Acrylique sur toile<br \/>\n(88 x 68 cm \/ 35 x 27 po)<br \/>\nCr\u00e9\u00e9e en 2023<\/p>\n<p>&nbsp;<\/p>\n<h6>\ud83d\udd04Dans cette ench\u00e8re invers\u00e9e, le prix baisse quotidiennement\ud83d\udcc9. SOYEZ LE 1er ou la 1re \u00e0 atteindre le myst\u00e9rieux prix minimum de l'artiste\ud83c\udfafet l'\u0153uvre\ud83d\uddbc\ufe0f est \u00e0 vous! Ench\u00e9rissez avec audace!<\/h6>\n<p>&nbsp;<\/p>\n<p><strong>LIVRAISON GRATUITE POUR TOUTES LES COMMANDES<\/strong><\/p>","protected":false},"featured_media":14641,"comment_status":"open","ping_status":"closed","template":"","meta":{"nf_dc_page":""},"product_brand":[],"product_cat":[112,43],"product_tag":[32,34,42],"class_list":{"0":"post-11084","1":"product","2":"type-product","3":"status-publish","4":"has-post-thumbnail","6":"product_cat-acrylic","7":"product_cat-paintings","8":"product_tag-art","9":"product_tag-color","10":"product_tag-painting","11":"product_shipping_class-mailing-tube","13":"first","14":"instock","15":"sold-individually","16":"shipping-taxable","17":"purchasable","18":"product-type-auction"},"_links":{"self":[{"href":"https:\/\/mawuartgallery.com\/fr\/wp-json\/wp\/v2\/product\/11084","targetHints":{"allow":["GET"]}}],"collection":[{"href":"https:\/\/mawuartgallery.com\/fr\/wp-json\/wp\/v2\/product"}],"about":[{"href":"https:\/\/mawuartgallery.com\/fr\/wp-json\/wp\/v2\/types\/product"}],"replies":[{"embeddable":true,"href":"https:\/\/mawuartgallery.com\/fr\/wp-json\/wp\/v2\/comments?post=11084"}],"version-history":[{"count":1,"href":"https:\/\/mawuartgallery.com\/fr\/wp-json\/wp\/v2\/product\/11084\/revisions"}],"predecessor-version":[{"id":17466,"href":"https:\/\/mawuartgallery.com\/fr\/wp-json\/wp\/v2\/product\/11084\/revisions\/17466"}],"wp:featuredmedia":[{"embeddable":true,"href":"https:\/\/mawuartgallery.com\/fr\/wp-json\/wp\/v2\/media\/14641"}],"wp:attachment":[{"href":"https:\/\/mawuartgallery.com\/fr\/wp-json\/wp\/v2\/media?parent=11084"}],"wp:term":[{"taxonomy":"product_brand","embeddable":true,"href":"https:\/\/mawuartgallery.com\/fr\/wp-json\/wp\/v2\/product_brand?post=11084"},{"taxonomy":"product_cat","embeddable":true,"href":"https:\/\/mawuartgallery.com\/fr\/wp-json\/wp\/v2\/product_cat?post=11084"},{"taxonomy":"product_tag","embeddable":true,"href":"https:\/\/mawuartgallery.com\/fr\/wp-json\/wp\/v2\/product_tag?post=11084"}],"curies":[{"name":"wp","href":"https:\/\/api.w.org\/{rel}","templated":true}]}}