{"id":11075,"date":"2024-05-25T20:55:47","date_gmt":"2024-05-25T20:55:47","guid":{"rendered":"https:\/\/mawuartgallery.com\/?post_type=product&#038;p=11075"},"modified":"2026-01-22T14:50:00","modified_gmt":"2026-01-22T18:50:00","slug":"yaayaa","status":"publish","type":"product","link":"https:\/\/mawuartgallery.com\/fr\/produit\/yaayaa\/","title":{"rendered":"Yaa Yaa"},"content":{"rendered":"<p>Yaa est un pr\u00e9nom f\u00e9minin issu du syst\u00e8me  Akan d'attribution de pr\u00e9nom selon le jour, signifiant \u00ab n\u00e9e un jeudi \u00bb. Il s'agit d'une pratique culturelle du peuple Akan du Ghana. Si certains pensent qu'elle est surtout pratiqu\u00e9e par les Ashanti, elle est en fait observ\u00e9e par tous les sous-groupes akan qui suivent les coutumes traditionnelles. Les personnes n\u00e9es \u00e0 des jours sp\u00e9cifiques sont cens\u00e9es incarner les caract\u00e9ristiques, les attributs et les philosophies associ\u00e9s \u00e0 ces jours.*<\/p>\n<p>&nbsp;<\/p>\n<p>Pour cette \u0153uvre, l'artiste s'est inspir\u00e9 des femmes pr\u00e9nomm\u00e9es Yaa dans sa famille. Il a observ\u00e9 que les femmes portant ce nom partagent souvent des traits de caract\u00e8re similaires : elles sont cr\u00e9atives, intelligentes et d\u00e9termin\u00e9es. Cette \u0153uvre est \u00e0 la fois une ode et un hommage \u00e0 ces femmes.<\/p>\n<p>&nbsp;<\/p>\n<p>*Sources: Wikipedia et Dankyi Mensah<\/p>","protected":false},"excerpt":{"rendered":"<h6><strong>Artiste : <\/strong><a href=\"https:\/\/mawuartgallery.com\/fr\/portfolio-item\/gloria-mmaduako\/\"><strong><span style=\"color: #0000ff;\">DANKYI MENSAH<\/span><\/strong><\/a><\/h6>\n<p>Acrylique sur toile<br \/>\n(149 x 119 cm \/ 59 x 47 po)<br \/>\nCr\u00e9\u00e9e en 2023<\/p>\n<p>&nbsp;<\/p>\n<h6>\ud83d\udd04Dans cette ench\u00e8re invers\u00e9e, le prix baisse quotidiennement\ud83d\udcc9. SOYEZ LE 1er ou la 1re \u00e0 atteindre le myst\u00e9rieux prix minimum de l'artiste\ud83c\udfafet l'\u0153uvre\ud83d\uddbc\ufe0f est \u00e0 vous! Ench\u00e9rissez avec audace!<\/h6>\n<p>&nbsp;<\/p>\n<p><strong>LIVRAISON GRATUITE POUR TOUTES LES COMMANDES<\/strong><\/p>","protected":false},"featured_media":14639,"comment_status":"open","ping_status":"closed","template":"","meta":{"nf_dc_page":""},"product_brand":[],"product_cat":[112,43],"product_tag":[32,34,42],"class_list":{"0":"post-11075","1":"product","2":"type-product","3":"status-publish","4":"has-post-thumbnail","6":"product_cat-acrylic","7":"product_cat-paintings","8":"product_tag-art","9":"product_tag-color","10":"product_tag-painting","11":"product_shipping_class-mailing-tube","13":"first","14":"instock","15":"sold-individually","16":"shipping-taxable","17":"purchasable","18":"product-type-auction"},"_links":{"self":[{"href":"https:\/\/mawuartgallery.com\/fr\/wp-json\/wp\/v2\/product\/11075","targetHints":{"allow":["GET"]}}],"collection":[{"href":"https:\/\/mawuartgallery.com\/fr\/wp-json\/wp\/v2\/product"}],"about":[{"href":"https:\/\/mawuartgallery.com\/fr\/wp-json\/wp\/v2\/types\/product"}],"replies":[{"embeddable":true,"href":"https:\/\/mawuartgallery.com\/fr\/wp-json\/wp\/v2\/comments?post=11075"}],"version-history":[{"count":1,"href":"https:\/\/mawuartgallery.com\/fr\/wp-json\/wp\/v2\/product\/11075\/revisions"}],"predecessor-version":[{"id":17468,"href":"https:\/\/mawuartgallery.com\/fr\/wp-json\/wp\/v2\/product\/11075\/revisions\/17468"}],"wp:featuredmedia":[{"embeddable":true,"href":"https:\/\/mawuartgallery.com\/fr\/wp-json\/wp\/v2\/media\/14639"}],"wp:attachment":[{"href":"https:\/\/mawuartgallery.com\/fr\/wp-json\/wp\/v2\/media?parent=11075"}],"wp:term":[{"taxonomy":"product_brand","embeddable":true,"href":"https:\/\/mawuartgallery.com\/fr\/wp-json\/wp\/v2\/product_brand?post=11075"},{"taxonomy":"product_cat","embeddable":true,"href":"https:\/\/mawuartgallery.com\/fr\/wp-json\/wp\/v2\/product_cat?post=11075"},{"taxonomy":"product_tag","embeddable":true,"href":"https:\/\/mawuartgallery.com\/fr\/wp-json\/wp\/v2\/product_tag?post=11075"}],"curies":[{"name":"wp","href":"https:\/\/api.w.org\/{rel}","templated":true}]}}