{"id":11069,"date":"2024-05-25T20:26:45","date_gmt":"2024-05-25T20:26:45","guid":{"rendered":"https:\/\/mawuartgallery.com\/?post_type=product&#038;p=11069"},"modified":"2026-01-22T15:05:27","modified_gmt":"2026-01-22T19:05:27","slug":"goddess-kumerica","status":"publish","type":"product","link":"https:\/\/mawuartgallery.com\/fr\/produit\/goddess-kumerica\/","title":{"rendered":"D\u00e9esse Kumerica"},"content":{"rendered":"<p>Cette \u0153uvre d'art repr\u00e9sente une femme \u00e9tonnante de Kumasi, la capitale de la r\u00e9gion Ashanti, dans le sud du Ghana. Dans cette ville, elle est admir\u00e9e non seulement pour sa beaut\u00e9 rare et captivante, mais aussi pour sa nature douce et aimable. Son allure ext\u00e9rieure et sa gr\u00e2ce int\u00e9rieure sont si remarquables qu'elle est souvent consid\u00e9r\u00e9e comme une d\u00e9esse. \u00c0 Kumasi, les gens la ch\u00e9rissent et l'admirent, la consid\u00e9rant comme un symbole de beaut\u00e9 et de force.<\/p>\n<p>&nbsp;<\/p>\n<p>\u00c0 travers cette \u0153uvre, l'artiste cherche \u00e0 capturer sa beaut\u00e9 radieuse et sa pr\u00e9sence puissante, c\u00e9l\u00e9brant non seulement son apparence, mais aussi l'impact profond qu'elle a sur ceux qui l'entourent. Son essence est un rappel de la gr\u00e2ce et de la force que l'on trouve dans les qualit\u00e9s ext\u00e9rieures et int\u00e9rieures d'une personne.<\/p>\n<p>&nbsp;<\/p>","protected":false},"excerpt":{"rendered":"<h6><strong>Artiste : <\/strong><a href=\"https:\/\/mawuartgallery.com\/fr\/portfolio-item\/gloria-mmaduako\/\"><strong><span style=\"color: #0000ff;\">DANKYI MENSAH<\/span><\/strong><\/a><\/h6>\n<p>Acrylique sur toile<br \/>\n(177 x 152 cm \/ 70 x 60 po)<br \/>\nCr\u00e9\u00e9e en 2023<\/p>\n<p>&nbsp;<\/p>\n<h6>\ud83d\udd04Dans cette ench\u00e8re invers\u00e9e, le prix baisse quotidiennement\ud83d\udcc9. SOYEZ LE 1er ou la 1re \u00e0 atteindre le myst\u00e9rieux prix minimum de l'artiste\ud83c\udfafet l'\u0153uvre\ud83d\uddbc\ufe0f est \u00e0 vous! Ench\u00e9rissez avec audace!<\/h6>\n<p>&nbsp;<\/p>\n<p><strong>LIVRAISON GRATUITE POUR TOUTES LES COMMANDES<\/strong><\/p>","protected":false},"featured_media":14633,"comment_status":"open","ping_status":"closed","template":"","meta":{"nf_dc_page":""},"product_brand":[],"product_cat":[112,43],"product_tag":[32,34,42],"class_list":{"0":"post-11069","1":"product","2":"type-product","3":"status-publish","4":"has-post-thumbnail","6":"product_cat-acrylic","7":"product_cat-paintings","8":"product_tag-art","9":"product_tag-color","10":"product_tag-painting","11":"product_shipping_class-mailing-tube","13":"first","14":"instock","15":"sold-individually","16":"shipping-taxable","17":"purchasable","18":"product-type-auction"},"_links":{"self":[{"href":"https:\/\/mawuartgallery.com\/fr\/wp-json\/wp\/v2\/product\/11069","targetHints":{"allow":["GET"]}}],"collection":[{"href":"https:\/\/mawuartgallery.com\/fr\/wp-json\/wp\/v2\/product"}],"about":[{"href":"https:\/\/mawuartgallery.com\/fr\/wp-json\/wp\/v2\/types\/product"}],"replies":[{"embeddable":true,"href":"https:\/\/mawuartgallery.com\/fr\/wp-json\/wp\/v2\/comments?post=11069"}],"version-history":[{"count":1,"href":"https:\/\/mawuartgallery.com\/fr\/wp-json\/wp\/v2\/product\/11069\/revisions"}],"predecessor-version":[{"id":17470,"href":"https:\/\/mawuartgallery.com\/fr\/wp-json\/wp\/v2\/product\/11069\/revisions\/17470"}],"wp:featuredmedia":[{"embeddable":true,"href":"https:\/\/mawuartgallery.com\/fr\/wp-json\/wp\/v2\/media\/14633"}],"wp:attachment":[{"href":"https:\/\/mawuartgallery.com\/fr\/wp-json\/wp\/v2\/media?parent=11069"}],"wp:term":[{"taxonomy":"product_brand","embeddable":true,"href":"https:\/\/mawuartgallery.com\/fr\/wp-json\/wp\/v2\/product_brand?post=11069"},{"taxonomy":"product_cat","embeddable":true,"href":"https:\/\/mawuartgallery.com\/fr\/wp-json\/wp\/v2\/product_cat?post=11069"},{"taxonomy":"product_tag","embeddable":true,"href":"https:\/\/mawuartgallery.com\/fr\/wp-json\/wp\/v2\/product_tag?post=11069"}],"curies":[{"name":"wp","href":"https:\/\/api.w.org\/{rel}","templated":true}]}}