{"id":11064,"date":"2024-05-25T19:06:05","date_gmt":"2024-05-25T19:06:05","guid":{"rendered":"https:\/\/mawuartgallery.com\/?post_type=product&#038;p=11064"},"modified":"2026-01-22T15:06:49","modified_gmt":"2026-01-22T19:06:49","slug":"kumerican-side-view","status":"publish","type":"product","link":"https:\/\/mawuartgallery.com\/fr\/produit\/kumerican-side-view\/","title":{"rendered":"Vue lat\u00e9rale Kumerican"},"content":{"rendered":"<p>Cette \u0153uvre fait partie de la s\u00e9rie de l'artiste intitul\u00e9e Kumerica, qui fait r\u00e9f\u00e9rence au mouvement Kumerica, un ph\u00e9nom\u00e8ne culturel et social qui a \u00e9merg\u00e9 au Ghana, en particulier dans la ville de Kumasi, capitale de la r\u00e9gion Ashanti. Le terme \u00ab Kumerica \u00bb est une fusion de \u00ab Kumasi \u00bb et d'\u00ab America \u00bb, refl\u00e9tant un m\u00e9lange de culture locale et d'influences mondiales, en particulier de la culture afro-am\u00e9ricaine.<\/p>\n<p>&nbsp;<\/p>\n<p>Le mouvement a gagn\u00e9 en popularit\u00e9 au d\u00e9but des ann\u00e9es 2020, sous l'impulsion de la jeunesse de Kumasi, et est \u00e9troitement li\u00e9 au genre musical Afrobeats.<\/p>\n<p>&nbsp;<\/p>\n<p>Dans cette \u0153uvre, l'artiste capture l'essence d'un Kumericain par excellence, adoptant une posture fi\u00e8re et sans complexe que l'on voit souvent dans les vid\u00e9os musicales ou les photos, et incarnant l'\u00e9nergie d\u00e9brid\u00e9e, la confiance et la fiert\u00e9 culturelle qui d\u00e9finissent le mouvement. Le personnage rayonne d'un m\u00e9lange unique d'audace moderne et de fiert\u00e9 traditionnelle, un t\u00e9moignage visuel de l'esprit vibrant de la jeunesse de Kumasi qui se forge sa propre identit\u00e9 mondiale.<\/p>","protected":false},"excerpt":{"rendered":"<h6><strong>Artiste : <\/strong><a href=\"https:\/\/mawuartgallery.com\/fr\/portfolio-item\/gloria-mmaduako\/\"><strong><span style=\"color: #0000ff;\">DANKYI MENSAH<\/span><\/strong><\/a><\/h6>\n<p>Acrylique sur toile<br \/>\n(127 x 106 cm \/ 50 x 42 po)<br \/>\nCr\u00e9\u00e9e en 2023<\/p>\n<p>&nbsp;<\/p>\n<h6>\ud83d\udd04Dans cette ench\u00e8re invers\u00e9e, le prix baisse quotidiennement\ud83d\udcc9. SOYEZ LE 1er ou la 1re \u00e0 atteindre le myst\u00e9rieux prix minimum de l'artiste\ud83c\udfafet l'\u0153uvre\ud83d\uddbc\ufe0f est \u00e0 vous! Ench\u00e9rissez avec audace!<\/h6>\n<p>&nbsp;<\/p>\n<p><strong>LIVRAISON GRATUITE POUR TOUTES LES COMMANDES<\/strong><\/p>","protected":false},"featured_media":11066,"comment_status":"open","ping_status":"closed","template":"","meta":{"nf_dc_page":""},"product_brand":[],"product_cat":[112,43],"product_tag":[32,34,42],"class_list":{"0":"post-11064","1":"product","2":"type-product","3":"status-publish","4":"has-post-thumbnail","6":"product_cat-acrylic","7":"product_cat-paintings","8":"product_tag-art","9":"product_tag-color","10":"product_tag-painting","11":"product_shipping_class-mailing-tube","13":"first","14":"instock","15":"sold-individually","16":"shipping-taxable","17":"purchasable","18":"product-type-auction"},"_links":{"self":[{"href":"https:\/\/mawuartgallery.com\/fr\/wp-json\/wp\/v2\/product\/11064","targetHints":{"allow":["GET"]}}],"collection":[{"href":"https:\/\/mawuartgallery.com\/fr\/wp-json\/wp\/v2\/product"}],"about":[{"href":"https:\/\/mawuartgallery.com\/fr\/wp-json\/wp\/v2\/types\/product"}],"replies":[{"embeddable":true,"href":"https:\/\/mawuartgallery.com\/fr\/wp-json\/wp\/v2\/comments?post=11064"}],"version-history":[{"count":1,"href":"https:\/\/mawuartgallery.com\/fr\/wp-json\/wp\/v2\/product\/11064\/revisions"}],"predecessor-version":[{"id":17471,"href":"https:\/\/mawuartgallery.com\/fr\/wp-json\/wp\/v2\/product\/11064\/revisions\/17471"}],"wp:featuredmedia":[{"embeddable":true,"href":"https:\/\/mawuartgallery.com\/fr\/wp-json\/wp\/v2\/media\/11066"}],"wp:attachment":[{"href":"https:\/\/mawuartgallery.com\/fr\/wp-json\/wp\/v2\/media?parent=11064"}],"wp:term":[{"taxonomy":"product_brand","embeddable":true,"href":"https:\/\/mawuartgallery.com\/fr\/wp-json\/wp\/v2\/product_brand?post=11064"},{"taxonomy":"product_cat","embeddable":true,"href":"https:\/\/mawuartgallery.com\/fr\/wp-json\/wp\/v2\/product_cat?post=11064"},{"taxonomy":"product_tag","embeddable":true,"href":"https:\/\/mawuartgallery.com\/fr\/wp-json\/wp\/v2\/product_tag?post=11064"}],"curies":[{"name":"wp","href":"https:\/\/api.w.org\/{rel}","templated":true}]}}