{"id":11055,"date":"2024-05-24T19:00:51","date_gmt":"2024-05-24T19:00:51","guid":{"rendered":"https:\/\/mawuartgallery.com\/?post_type=product&#038;p=11055"},"modified":"2026-02-02T12:16:29","modified_gmt":"2026-02-02T16:16:29","slug":"self-worth","status":"publish","type":"product","link":"https:\/\/mawuartgallery.com\/fr\/produit\/self-worth\/","title":{"rendered":"Estime de soi"},"content":{"rendered":"<p>Connais ta valeur.<br \/>\nSache faire la diff\u00e9rence entre ce que tu re\u00e7ois et ce que tu m\u00e9rites.<br \/>\nIl y a toujours de la place pour les diff\u00e9rences individuelles.<br \/>\nC'est toi qui d\u00e9termines ta valeur personnelle.<br \/>\nTu n'as pas besoin de d\u00e9pendre de quelqu'un pour savoir qui tu es.<\/p>","protected":false},"excerpt":{"rendered":"<h6><strong>Artiste : <\/strong><a href=\"https:\/\/mawuartgallery.com\/fr\/portfolio-item\/hezekiah-obidare\/\"><strong><span style=\"color: #0000ff;\">HEZEKIAH OBIDARE<\/span><\/strong><\/a><\/h6>\n<p>Acrylique sur toile<br \/>\n(121 x 91 cm \/ 48 x 36 po)<br \/>\nCr\u00e9\u00e9e en 2022<\/p>\n<p>&nbsp;<\/p>\n<h6>\ud83d\udd04Dans cette ench\u00e8re invers\u00e9e, le prix baisse quotidiennement\ud83d\udcc9. SOYEZ LE 1er ou la 1re \u00e0 atteindre le myst\u00e9rieux prix minimum de l'artiste\ud83c\udfafet l'\u0153uvre\ud83d\uddbc\ufe0f est \u00e0 vous! Ench\u00e9rissez avec audace!<\/h6>\n<p>&nbsp;<\/p>\n<p><strong>LIVRAISON GRATUITE POUR TOUTES LES COMMANDES<\/strong><\/p>","protected":false},"featured_media":14616,"comment_status":"open","ping_status":"closed","template":"","meta":{"nf_dc_page":""},"product_brand":[],"product_cat":[112,43],"product_tag":[32,34,42],"class_list":{"0":"post-11055","1":"product","2":"type-product","3":"status-publish","4":"has-post-thumbnail","6":"product_cat-acrylic","7":"product_cat-paintings","8":"product_tag-art","9":"product_tag-color","10":"product_tag-painting","11":"product_shipping_class-mailing-tube","13":"first","14":"instock","15":"sold-individually","16":"shipping-taxable","17":"purchasable","18":"product-type-auction"},"_links":{"self":[{"href":"https:\/\/mawuartgallery.com\/fr\/wp-json\/wp\/v2\/product\/11055","targetHints":{"allow":["GET"]}}],"collection":[{"href":"https:\/\/mawuartgallery.com\/fr\/wp-json\/wp\/v2\/product"}],"about":[{"href":"https:\/\/mawuartgallery.com\/fr\/wp-json\/wp\/v2\/types\/product"}],"replies":[{"embeddable":true,"href":"https:\/\/mawuartgallery.com\/fr\/wp-json\/wp\/v2\/comments?post=11055"}],"version-history":[{"count":1,"href":"https:\/\/mawuartgallery.com\/fr\/wp-json\/wp\/v2\/product\/11055\/revisions"}],"predecessor-version":[{"id":17560,"href":"https:\/\/mawuartgallery.com\/fr\/wp-json\/wp\/v2\/product\/11055\/revisions\/17560"}],"wp:featuredmedia":[{"embeddable":true,"href":"https:\/\/mawuartgallery.com\/fr\/wp-json\/wp\/v2\/media\/14616"}],"wp:attachment":[{"href":"https:\/\/mawuartgallery.com\/fr\/wp-json\/wp\/v2\/media?parent=11055"}],"wp:term":[{"taxonomy":"product_brand","embeddable":true,"href":"https:\/\/mawuartgallery.com\/fr\/wp-json\/wp\/v2\/product_brand?post=11055"},{"taxonomy":"product_cat","embeddable":true,"href":"https:\/\/mawuartgallery.com\/fr\/wp-json\/wp\/v2\/product_cat?post=11055"},{"taxonomy":"product_tag","embeddable":true,"href":"https:\/\/mawuartgallery.com\/fr\/wp-json\/wp\/v2\/product_tag?post=11055"}],"curies":[{"name":"wp","href":"https:\/\/api.w.org\/{rel}","templated":true}]}}