{"id":10983,"date":"2024-05-23T18:04:07","date_gmt":"2024-05-23T18:04:07","guid":{"rendered":"https:\/\/mawuartgallery.com\/?post_type=product&#038;p=10983"},"modified":"2026-01-22T13:17:39","modified_gmt":"2026-01-22T17:17:39","slug":"guardians-of-tomorrows-legacy-2","status":"publish","type":"product","link":"https:\/\/mawuartgallery.com\/fr\/produit\/guardians-of-tomorrows-legacy-2\/","title":{"rendered":"L'h\u00e9ritage des Gardiens de demain (2)"},"content":{"rendered":"<p>La s\u00e9rie \u00ab L'h\u00e9ritage des gardiens de demain \u00bb comprend des \u0153uvres qui font \u00e9cho \u00e0 l'urgence de la crise du changement climatique. Sur fond de nature vierge, les personnages se dressent comme des phares de la responsabilit\u00e9 et de l'espoir. V\u00eatus de v\u00eatements robustes et respectueux de l'environnement, les personnes repr\u00e9sent\u00e9es ramassent avec diligence des sacs remplis de d\u00e9chets qui t\u00e9moignent des exc\u00e8s de la consommation humaine.<\/p>\n<p>&nbsp;<\/p>\n<p>\u00c0 travers cette imagerie \u00e9vocatrice, la peinture souligne la relation symbiotique entre l'humanit\u00e9 et l'environnement. L'acte de nettoyer consciencieusement son environnement sert de geste m\u00e9taphorique de r\u00e9paration, symbolisant notre devoir collectif d'inverser les dommages caus\u00e9s par le gaspillage irr\u00e9fl\u00e9chi et l'exploitation inconsid\u00e9r\u00e9e. Le contraste saisissant entre l'arri\u00e8re-plan propre et harmonieux et les sacs remplis de d\u00e9chets met en \u00e9vidence les cons\u00e9quences de nos actes et nous incite \u00e0 r\u00e9fl\u00e9chir \u00e0 l'h\u00e9ritage que nous laisserons aux g\u00e9n\u00e9rations futures.<\/p>\n<p>&nbsp;<\/p>\n<p>Les reflets ou les symboles utilis\u00e9s guise de t\u00eate du personnage connote la d\u00e9termination et victoire, reflets du courage n\u00e9cessaire pour faire face \u00e0 l'\u00e9normit\u00e9 de la crise climatique. Les couleurs vives impr\u00e8gnent l'ensemble de l'\u0153uvre d'un air de possibilit\u00e9 et de renouveau. Cette s\u00e9rie nous invite \u00e0 r\u00e9fl\u00e9chir \u00e0 notre r\u00f4le d'intendants de la Terre et nous oblige \u00e0 nous lancer dans le voyage crucial vers une coexistence plus durable et harmonieuse avec la plan\u00e8te.<\/p>","protected":false},"excerpt":{"rendered":"<h6><strong>Artiste : <\/strong><a href=\"https:\/\/mawuartgallery.com\/fr\/portfolio-item\/naomi-oyeniyi\/\"><strong><span style=\"color: #0000ff;\">NAOMI OYENIYI<\/span><\/strong><\/a><\/h6>\n<p><em>Guardians of Tomorrow&#8217;s Legacy Series<\/em><br \/>\nHuile sur toile<br \/>\n(121 x 91 cm \/ 48 x 36 po)<br \/>\nCr\u00e9\u00e9e en 2022<\/p>\n<p>&nbsp;<\/p>\n<h6>\ud83d\udd04Dans cette ench\u00e8re invers\u00e9e, le prix baisse quotidiennement\ud83d\udcc9. SOYEZ LE 1er ou la 1re \u00e0 atteindre le myst\u00e9rieux prix minimum de l'artiste\ud83c\udfafet l'\u0153uvre\ud83d\uddbc\ufe0f est \u00e0 vous! Ench\u00e9rissez avec audace!<\/h6>\n<p>&nbsp;<\/p>\n<p><strong>LIVRAISON GRATUITE POUR TOUTES LES COMMANDES<\/strong><\/p>","protected":false},"featured_media":10985,"comment_status":"open","ping_status":"closed","template":"","meta":{"nf_dc_page":""},"product_brand":[],"product_cat":[70,43],"product_tag":[32,34,42],"class_list":{"0":"post-10983","1":"product","2":"type-product","3":"status-publish","4":"has-post-thumbnail","6":"product_cat-oil-painting","7":"product_cat-paintings","8":"product_tag-art","9":"product_tag-color","10":"product_tag-painting","11":"product_shipping_class-mailing-tube","13":"first","14":"instock","15":"sold-individually","16":"shipping-taxable","17":"purchasable","18":"product-type-auction"},"_links":{"self":[{"href":"https:\/\/mawuartgallery.com\/fr\/wp-json\/wp\/v2\/product\/10983","targetHints":{"allow":["GET"]}}],"collection":[{"href":"https:\/\/mawuartgallery.com\/fr\/wp-json\/wp\/v2\/product"}],"about":[{"href":"https:\/\/mawuartgallery.com\/fr\/wp-json\/wp\/v2\/types\/product"}],"replies":[{"embeddable":true,"href":"https:\/\/mawuartgallery.com\/fr\/wp-json\/wp\/v2\/comments?post=10983"}],"version-history":[{"count":1,"href":"https:\/\/mawuartgallery.com\/fr\/wp-json\/wp\/v2\/product\/10983\/revisions"}],"predecessor-version":[{"id":17451,"href":"https:\/\/mawuartgallery.com\/fr\/wp-json\/wp\/v2\/product\/10983\/revisions\/17451"}],"wp:featuredmedia":[{"embeddable":true,"href":"https:\/\/mawuartgallery.com\/fr\/wp-json\/wp\/v2\/media\/10985"}],"wp:attachment":[{"href":"https:\/\/mawuartgallery.com\/fr\/wp-json\/wp\/v2\/media?parent=10983"}],"wp:term":[{"taxonomy":"product_brand","embeddable":true,"href":"https:\/\/mawuartgallery.com\/fr\/wp-json\/wp\/v2\/product_brand?post=10983"},{"taxonomy":"product_cat","embeddable":true,"href":"https:\/\/mawuartgallery.com\/fr\/wp-json\/wp\/v2\/product_cat?post=10983"},{"taxonomy":"product_tag","embeddable":true,"href":"https:\/\/mawuartgallery.com\/fr\/wp-json\/wp\/v2\/product_tag?post=10983"}],"curies":[{"name":"wp","href":"https:\/\/api.w.org\/{rel}","templated":true}]}}