{"id":10975,"date":"2024-05-23T17:27:58","date_gmt":"2024-05-23T17:27:58","guid":{"rendered":"https:\/\/mawuartgallery.com\/?post_type=product&#038;p=10975"},"modified":"2026-01-22T13:02:03","modified_gmt":"2026-01-22T17:02:03","slug":"within-the-candy-2","status":"publish","type":"product","link":"https:\/\/mawuartgallery.com\/fr\/produit\/within-the-candy-2\/","title":{"rendered":"Dans les bonbons (2)"},"content":{"rendered":"<p>Dans chaque jeu, il y a diff\u00e9rents niveaux \u00e0 d\u00e9bloquer, qui donnent lieu \u00e0 des r\u00e9compenses. Ces r\u00e9compenses peuvent aller d'une roue de la fortune en bonbons \u00e0 une bo\u00eete de cadeaux gratuite, en passant par des bombes de bonbons ou des bonbons emball\u00e9s. Chaque d\u00e9fi et chaque combat donnent lieu \u00e0 des r\u00e9compenses. Ces r\u00e9compenses nous encouragent \u00e0 aller plus loin et \u00e0 obtenir de meilleurs scores.<\/p>\n<p>&nbsp;<\/p>\n<p>\u00ab Dans les bonbons \u00bb est une s\u00e9rie d'\u0153uvres qui repr\u00e9sentent les joies que nous \u00e9prouvons apr\u00e8s avoir surmont\u00e9 les obstacles de la vie. Chaque jour pr\u00e9sente ses propres d\u00e9fis que nous devons relever pour progresser. Nous prenons le temps d'appr\u00e9cier les r\u00e9compenses de notre dur labeur (repr\u00e9sent\u00e9es par des fruits et du miel), et cela ne fait que s'am\u00e9liorer au fur et \u00e0 mesure que nous franchissons les diff\u00e9rentes \u00e9tapes de la vie.<\/p>","protected":false},"excerpt":{"rendered":"<h6><strong>Artiste : <\/strong><a href=\"https:\/\/mawuartgallery.com\/fr\/portfolio-item\/naomi-oyeniyi\/\"><strong><span style=\"color: #0000ff;\">NAOMI OYENIYI<\/span><\/strong><\/a><\/h6>\n<p><em>S\u00e9rie Dans les bonbons<\/em><br \/>\nHuile sur toile<br \/>\n(121 x 91 cm \/ 48 x 36 po)<br \/>\nCr\u00e9\u00e9e en 2022<\/p>\n<p>&nbsp;<\/p>\n<h6>\ud83d\udd04Dans cette ench\u00e8re invers\u00e9e, le prix baisse quotidiennement\ud83d\udcc9. SOYEZ LE 1er ou la 1re \u00e0 atteindre le myst\u00e9rieux prix minimum de l'artiste\ud83c\udfafet l'\u0153uvre\ud83d\uddbc\ufe0f est \u00e0 vous! Ench\u00e9rissez avec audace!<\/h6>\n<p>&nbsp;<\/p>\n<p><strong>LIVRAISON GRATUITE POUR TOUTES LES COMMANDES<\/strong><\/p>","protected":false},"featured_media":14491,"comment_status":"open","ping_status":"closed","template":"","meta":{"nf_dc_page":""},"product_brand":[],"product_cat":[70,43],"product_tag":[32,34,42],"class_list":{"0":"post-10975","1":"product","2":"type-product","3":"status-publish","4":"has-post-thumbnail","6":"product_cat-oil-painting","7":"product_cat-paintings","8":"product_tag-art","9":"product_tag-color","10":"product_tag-painting","11":"product_shipping_class-mailing-tube","13":"first","14":"instock","15":"sold-individually","16":"shipping-taxable","17":"purchasable","18":"product-type-auction"},"_links":{"self":[{"href":"https:\/\/mawuartgallery.com\/fr\/wp-json\/wp\/v2\/product\/10975","targetHints":{"allow":["GET"]}}],"collection":[{"href":"https:\/\/mawuartgallery.com\/fr\/wp-json\/wp\/v2\/product"}],"about":[{"href":"https:\/\/mawuartgallery.com\/fr\/wp-json\/wp\/v2\/types\/product"}],"replies":[{"embeddable":true,"href":"https:\/\/mawuartgallery.com\/fr\/wp-json\/wp\/v2\/comments?post=10975"}],"version-history":[{"count":1,"href":"https:\/\/mawuartgallery.com\/fr\/wp-json\/wp\/v2\/product\/10975\/revisions"}],"predecessor-version":[{"id":17437,"href":"https:\/\/mawuartgallery.com\/fr\/wp-json\/wp\/v2\/product\/10975\/revisions\/17437"}],"wp:featuredmedia":[{"embeddable":true,"href":"https:\/\/mawuartgallery.com\/fr\/wp-json\/wp\/v2\/media\/14491"}],"wp:attachment":[{"href":"https:\/\/mawuartgallery.com\/fr\/wp-json\/wp\/v2\/media?parent=10975"}],"wp:term":[{"taxonomy":"product_brand","embeddable":true,"href":"https:\/\/mawuartgallery.com\/fr\/wp-json\/wp\/v2\/product_brand?post=10975"},{"taxonomy":"product_cat","embeddable":true,"href":"https:\/\/mawuartgallery.com\/fr\/wp-json\/wp\/v2\/product_cat?post=10975"},{"taxonomy":"product_tag","embeddable":true,"href":"https:\/\/mawuartgallery.com\/fr\/wp-json\/wp\/v2\/product_tag?post=10975"}],"curies":[{"name":"wp","href":"https:\/\/api.w.org\/{rel}","templated":true}]}}