{"id":10966,"date":"2024-05-23T15:23:03","date_gmt":"2024-05-23T15:23:03","guid":{"rendered":"https:\/\/mawuartgallery.com\/?post_type=product&#038;p=10966"},"modified":"2026-01-22T12:01:00","modified_gmt":"2026-01-22T16:01:00","slug":"in-my-thoughts","status":"publish","type":"product","link":"https:\/\/mawuartgallery.com\/fr\/produit\/in-my-thoughts\/","title":{"rendered":"Dans mes pens\u00e9es (4)"},"content":{"rendered":"<p>M\u00eame lorsque le ciel s'assombrit, que les choses deviennent difficiles et que je me sens pris(e) au pi\u00e8ge, je continue \u00e0 avancer car penser \u00e0 toi me fait avancer. Je ne me suis jamais senti(e) aussi seul(e). Tu m'aides \u00e0 devenir une meilleure version de moi-m\u00eame. Je te promets de te garder en s\u00e9curit\u00e9 pour le reste de ma vie.<\/p>\n<p>&nbsp;<\/p>\n<p>\u00ab Dans mes pens\u00e9es \u00bb est une s\u00e9rie d'\u0153uvres refl\u00e9tant les pens\u00e9es d'une \u00e2me, montrant les \u00eatres chers que nous portons dans nos c\u0153urs et qui nous permettent de continuer \u00e0 avancer m\u00eame dans les moments difficiles. Nous emportons leurs pens\u00e9es partout o\u00f9 nous allons et cela nous donne l'espoir de ne pas abandonner dans notre voyage vers la r\u00e9alisation de nos r\u00eaves, car cette course n'est pas pour nous seuls, mais pour tous ceux qui nous sont chers et qui nous admirent.<\/p>","protected":false},"excerpt":{"rendered":"<h6><strong>Artiste : <\/strong><a href=\"https:\/\/mawuartgallery.com\/fr\/portfolio-item\/naomi-oyeniyi\/\"><strong><span style=\"color: #0000ff;\">NAOMI OYENIYI<\/span><\/strong><\/a><\/h6>\n<p><em>In My Thoughts Series<\/em><br \/>\nHuile sur toile<br \/>\n(121 x 91 cm \/ 48 x 36 po)<br \/>\nCr\u00e9\u00e9e en 2022<\/p>\n<p>&nbsp;<\/p>\n<h6>\ud83d\udd04Dans cette ench\u00e8re invers\u00e9e, le prix baisse quotidiennement\ud83d\udcc9. SOYEZ LE 1er ou la 1re \u00e0 atteindre le myst\u00e9rieux prix minimum de l'artiste\ud83c\udfafet l'\u0153uvre\ud83d\uddbc\ufe0f est \u00e0 vous! Ench\u00e9rissez avec audace!<\/h6>\n<p>&nbsp;<\/p>\n<p><strong>LIVRAISON GRATUITE POUR TOUTES LES COMMANDES<\/strong><\/p>","protected":false},"featured_media":12499,"comment_status":"open","ping_status":"closed","template":"","meta":{"nf_dc_page":""},"product_brand":[],"product_cat":[70,43],"product_tag":[32,34,42],"class_list":{"0":"post-10966","1":"product","2":"type-product","3":"status-publish","4":"has-post-thumbnail","6":"product_cat-oil-painting","7":"product_cat-paintings","8":"product_tag-art","9":"product_tag-color","10":"product_tag-painting","11":"product_shipping_class-mailing-tube","13":"first","14":"instock","15":"sold-individually","16":"shipping-taxable","17":"purchasable","18":"product-type-auction"},"_links":{"self":[{"href":"https:\/\/mawuartgallery.com\/fr\/wp-json\/wp\/v2\/product\/10966","targetHints":{"allow":["GET"]}}],"collection":[{"href":"https:\/\/mawuartgallery.com\/fr\/wp-json\/wp\/v2\/product"}],"about":[{"href":"https:\/\/mawuartgallery.com\/fr\/wp-json\/wp\/v2\/types\/product"}],"replies":[{"embeddable":true,"href":"https:\/\/mawuartgallery.com\/fr\/wp-json\/wp\/v2\/comments?post=10966"}],"version-history":[{"count":1,"href":"https:\/\/mawuartgallery.com\/fr\/wp-json\/wp\/v2\/product\/10966\/revisions"}],"predecessor-version":[{"id":17436,"href":"https:\/\/mawuartgallery.com\/fr\/wp-json\/wp\/v2\/product\/10966\/revisions\/17436"}],"wp:featuredmedia":[{"embeddable":true,"href":"https:\/\/mawuartgallery.com\/fr\/wp-json\/wp\/v2\/media\/12499"}],"wp:attachment":[{"href":"https:\/\/mawuartgallery.com\/fr\/wp-json\/wp\/v2\/media?parent=10966"}],"wp:term":[{"taxonomy":"product_brand","embeddable":true,"href":"https:\/\/mawuartgallery.com\/fr\/wp-json\/wp\/v2\/product_brand?post=10966"},{"taxonomy":"product_cat","embeddable":true,"href":"https:\/\/mawuartgallery.com\/fr\/wp-json\/wp\/v2\/product_cat?post=10966"},{"taxonomy":"product_tag","embeddable":true,"href":"https:\/\/mawuartgallery.com\/fr\/wp-json\/wp\/v2\/product_tag?post=10966"}],"curies":[{"name":"wp","href":"https:\/\/api.w.org\/{rel}","templated":true}]}}