{"id":10845,"date":"2024-05-21T11:23:32","date_gmt":"2024-05-21T11:23:32","guid":{"rendered":"https:\/\/mawuartgallery.com\/?post_type=product&#038;p=10845"},"modified":"2025-11-06T10:09:35","modified_gmt":"2025-11-06T14:09:35","slug":"in-touch-with-thought","status":"publish","type":"product","link":"https:\/\/mawuartgallery.com\/fr\/produit\/in-touch-with-thought\/","title":{"rendered":"En phase avec la pens\u00e9e"},"content":{"rendered":"<p class=\"translation-block\"><span class=\"css-ylni64 css-pelz90 css-0 css-12i5y68-textDisplay css-115h4f0-textColor css-0\">Cette \u0153uvre souligne le fait que notre pass\u00e9, notre pr\u00e9sent et notre futur<\/span><span class=\"css-ylni64 css-pelz90 css-0 css-12i5y68-textDisplay css-115h4f0-textColor css-0\"><\/span> <span class=\"css-ylni64 css-pelz90 css-0 css-12i5y68-textDisplay css-115h4f0-textColor css-0\">sont intimement li\u00e9s et qu'en \u00e9coutant notre \u00eatre le plus profond, nous pouvons cr\u00e9er un continuum d'exp\u00e9riences menant \u00e0 notre croissance personnelle et \u00e0 une meilleure compr\u00e9hension de nous-m\u00eames.<\/span><\/p>","protected":false},"excerpt":{"rendered":"<h6><strong>Artiste : <span style=\"color: #0000ff;\"><a style=\"color: #0000ff;\" href=\"https:\/\/mawuartgallery.com\/fr\/portfolio-item\/emmanuel-obile\/\">EMMANUEL OBILE<\/a><\/span><\/strong><\/h6>\n<p>Huile sur toile<br \/>\n(91 x 121 cm \/ 36 x 48 po)<br \/>\nCr\u00e9\u00e9e en 2022<\/p>\n<p>&nbsp;<\/p>\n<p><em>Cet article est soigneusement enroul\u00e9 et exp\u00e9di\u00e9 dans un tube d'exp\u00e9dition afin de garantir une livraison en toute s\u00e9curit\u00e9.<\/em><\/p>\n<p>&nbsp;<\/p>\n<p><strong><em>Pour nous assurer que l'\u0153uvre r\u00e9pond \u00e0 vos attentes, nous serions ravis de vous en fournir une vid\u00e9o en haute d\u00e9finition accompagn\u00e9e des commentaires de l'artiste, avant que vous ne proc\u00e9diez \u00e0 l'achat. Pour ce faire, il vous suffit de communiquer avec nous par courriel \u00e0 <a rel=\"noopener\">mawuartgallery@gmail.com<\/a> D\u00e8s r\u00e9ception de votre demande, nous vous ferons parvenir une ou plusieurs vid\u00e9os\/photos selon votre choix.<\/em><\/strong><\/p>\n<p>&nbsp;<\/p>\n<p><strong>LIVRAISON GRATUITE POUR TOUTES LES COMMANDES<\/strong><\/p>","protected":false},"featured_media":12659,"comment_status":"open","ping_status":"closed","template":"","meta":{"nf_dc_page":""},"product_brand":[],"product_cat":[70,43],"product_tag":[32,34,42],"class_list":{"0":"post-10845","1":"product","2":"type-product","3":"status-publish","4":"has-post-thumbnail","6":"product_cat-oil-painting","7":"product_cat-paintings","8":"product_tag-art","9":"product_tag-color","10":"product_tag-painting","11":"product_shipping_class-mailing-tube","13":"first","14":"instock","15":"sold-individually","16":"shipping-taxable","17":"purchasable","18":"product-type-simple"},"_links":{"self":[{"href":"https:\/\/mawuartgallery.com\/fr\/wp-json\/wp\/v2\/product\/10845","targetHints":{"allow":["GET"]}}],"collection":[{"href":"https:\/\/mawuartgallery.com\/fr\/wp-json\/wp\/v2\/product"}],"about":[{"href":"https:\/\/mawuartgallery.com\/fr\/wp-json\/wp\/v2\/types\/product"}],"replies":[{"embeddable":true,"href":"https:\/\/mawuartgallery.com\/fr\/wp-json\/wp\/v2\/comments?post=10845"}],"version-history":[{"count":2,"href":"https:\/\/mawuartgallery.com\/fr\/wp-json\/wp\/v2\/product\/10845\/revisions"}],"predecessor-version":[{"id":16621,"href":"https:\/\/mawuartgallery.com\/fr\/wp-json\/wp\/v2\/product\/10845\/revisions\/16621"}],"wp:featuredmedia":[{"embeddable":true,"href":"https:\/\/mawuartgallery.com\/fr\/wp-json\/wp\/v2\/media\/12659"}],"wp:attachment":[{"href":"https:\/\/mawuartgallery.com\/fr\/wp-json\/wp\/v2\/media?parent=10845"}],"wp:term":[{"taxonomy":"product_brand","embeddable":true,"href":"https:\/\/mawuartgallery.com\/fr\/wp-json\/wp\/v2\/product_brand?post=10845"},{"taxonomy":"product_cat","embeddable":true,"href":"https:\/\/mawuartgallery.com\/fr\/wp-json\/wp\/v2\/product_cat?post=10845"},{"taxonomy":"product_tag","embeddable":true,"href":"https:\/\/mawuartgallery.com\/fr\/wp-json\/wp\/v2\/product_tag?post=10845"}],"curies":[{"name":"wp","href":"https:\/\/api.w.org\/{rel}","templated":true}]}}