{"id":10824,"date":"2024-05-17T19:17:37","date_gmt":"2024-05-17T19:17:37","guid":{"rendered":"https:\/\/mawuartgallery.com\/?post_type=product&#038;p=10824"},"modified":"2025-08-05T15:21:28","modified_gmt":"2025-08-05T19:21:28","slug":"sisterhood-ii","status":"publish","type":"product","link":"https:\/\/mawuartgallery.com\/fr\/produit\/sisterhood-ii\/","title":{"rendered":"La sororit\u00e9 II"},"content":{"rendered":"<p>En tout temps,<br \/>\nbons ou mauvais,<br \/>\nsouviens-toi,<br \/>\ntu as une \u00e9paule sur laquelle t'appuyer,<br \/>\ntu as une s\u0153ur en moi.<\/p>","protected":false},"excerpt":{"rendered":"<h6><strong>Artiste : <a href=\"https:\/\/mawuartgallery.com\/fr\/portfolio-item\/annah-nkyalu\/\">ANNAH NKYALU<\/a><\/strong><\/h6>\n<p>Style \u00e0 bille et acrylique sur papier et carton<br \/>\n(78 x 58 x 2 cm \/ 31 x 23 x 0,7 po)<br \/>\nCr\u00e9\u00e9e en 2022<\/p>\n<p>&nbsp;<\/p>\n<p><em>Cet article est exp\u00e9di\u00e9 tel que pr\u00e9sent\u00e9 ci-contre (coll\u00e9 sur une plaque de carton) dans une bo\u00eete en carton.<\/em><\/p>\n<p>&nbsp;<\/p>\n<p><strong><em>Pour nous assurer que l'\u0153uvre r\u00e9pond \u00e0 vos attentes, nous serions ravis de vous en fournir une vid\u00e9o en haute d\u00e9finition accompagn\u00e9e des commentaires de l'artiste, avant que vous ne proc\u00e9diez \u00e0 l'achat. Pour ce faire, il vous suffit de communiquer avec nous par courriel \u00e0 <a rel=\"noopener\">mawuartgallery@gmail.com<\/a> D\u00e8s r\u00e9ception de votre demande, nous vous ferons parvenir une ou plusieurs vid\u00e9os\/photos selon votre choix.<\/em><\/strong><\/p>\n<p>&nbsp;<\/p>\n<p><strong>LIVRAISON GRATUITE POUR TOUTES LES COMMANDES<\/strong><\/p>","protected":false},"featured_media":14863,"comment_status":"open","ping_status":"closed","template":"","meta":{"nf_dc_page":""},"product_brand":[],"product_cat":[114,37,115],"product_tag":[32,34,116],"class_list":{"0":"post-10824","1":"product","2":"type-product","3":"status-publish","4":"has-post-thumbnail","6":"product_cat-ballpoint-pen","7":"product_cat-drawings","8":"product_cat-pastel","9":"product_tag-art","10":"product_tag-color","11":"product_tag-drawing","13":"first","14":"instock","15":"shipping-taxable","16":"purchasable","17":"product-type-simple"},"_links":{"self":[{"href":"https:\/\/mawuartgallery.com\/fr\/wp-json\/wp\/v2\/product\/10824","targetHints":{"allow":["GET"]}}],"collection":[{"href":"https:\/\/mawuartgallery.com\/fr\/wp-json\/wp\/v2\/product"}],"about":[{"href":"https:\/\/mawuartgallery.com\/fr\/wp-json\/wp\/v2\/types\/product"}],"replies":[{"embeddable":true,"href":"https:\/\/mawuartgallery.com\/fr\/wp-json\/wp\/v2\/comments?post=10824"}],"version-history":[{"count":0,"href":"https:\/\/mawuartgallery.com\/fr\/wp-json\/wp\/v2\/product\/10824\/revisions"}],"wp:featuredmedia":[{"embeddable":true,"href":"https:\/\/mawuartgallery.com\/fr\/wp-json\/wp\/v2\/media\/14863"}],"wp:attachment":[{"href":"https:\/\/mawuartgallery.com\/fr\/wp-json\/wp\/v2\/media?parent=10824"}],"wp:term":[{"taxonomy":"product_brand","embeddable":true,"href":"https:\/\/mawuartgallery.com\/fr\/wp-json\/wp\/v2\/product_brand?post=10824"},{"taxonomy":"product_cat","embeddable":true,"href":"https:\/\/mawuartgallery.com\/fr\/wp-json\/wp\/v2\/product_cat?post=10824"},{"taxonomy":"product_tag","embeddable":true,"href":"https:\/\/mawuartgallery.com\/fr\/wp-json\/wp\/v2\/product_tag?post=10824"}],"curies":[{"name":"wp","href":"https:\/\/api.w.org\/{rel}","templated":true}]}}