{"id":10796,"date":"2024-05-17T12:42:48","date_gmt":"2024-05-17T12:42:48","guid":{"rendered":"https:\/\/mawuartgallery.com\/?post_type=product&#038;p=10796"},"modified":"2025-10-15T09:02:06","modified_gmt":"2025-10-15T13:02:06","slug":"piecesofme","status":"publish","type":"product","link":"https:\/\/mawuartgallery.com\/fr\/produit\/piecesofme\/","title":{"rendered":"Morceaux de moi"},"content":{"rendered":"<p>Cette \u0153uvre plonge au c\u0153ur de nos forces et de nos vuln\u00e9rabilit\u00e9s, offrant un miroir de notre parcours int\u00e9rieur. \u00c0 travers des formes et des couleurs, elle nous invite \u00e0 explorer nos processus de prise de d\u00e9cision, cette qu\u00eate intime de savoir si nos choix r\u00e9sonnent avec nos valeurs les plus profondes et nos croyances authentiques. Elle nous interroge sur la fronti\u00e8re subtile entre l\u2019int\u00e9gration et l\u2019appartenance, entre le conformisme impos\u00e9 par le regard ext\u00e9rieur et l'existence dans un espace o\u00f9 l\u2019on peut \u00eatre soi-m\u00eame, sans compromis.<\/p>","protected":false},"excerpt":{"rendered":"<h6><strong>Artiste : <span style=\"color: #0000ff;\"><a style=\"color: #0000ff;\" href=\"https:\/\/mawuartgallery.com\/fr\/portfolio-item\/joy-tom\/\">IDARA TOM<\/a><\/span><\/strong><\/h6>\n<p>Acrylique sur toile<br \/>\n(35 x 25 in. \/ 91 x 65 cm)<br \/>\nCr\u00e9\u00e9e en 2023<\/p>\n<p>&nbsp;<\/p>\n<p><em>Cet article est soigneusement enroul\u00e9 et exp\u00e9di\u00e9 dans un tube d'exp\u00e9dition afin de garantir une livraison en toute s\u00e9curit\u00e9.<\/em><\/p>\n<p>&nbsp;<\/p>\n<p><strong><em>Pour nous assurer que l'\u0153uvre r\u00e9pond \u00e0 vos attentes, nous serions ravis de vous en fournir une vid\u00e9o en haute d\u00e9finition accompagn\u00e9e des commentaires de l'artiste, avant que vous ne proc\u00e9diez \u00e0 l'achat. Pour ce faire, il vous suffit de communiquer avec nous par courriel \u00e0 <a rel=\"noopener\">mawuartgallery@gmail.com<\/a> D\u00e8s r\u00e9ception de votre demande, nous vous ferons parvenir une ou plusieurs vid\u00e9os\/photos selon votre choix.<\/em><\/strong><\/p>\n<p>&nbsp;<\/p>\n<p><strong>LIVRAISON GRATUITE POUR TOUTES LES COMMANDES<\/strong><\/p>","protected":false},"featured_media":14873,"comment_status":"open","ping_status":"closed","template":"","meta":{"nf_dc_page":""},"product_brand":[],"product_cat":[112],"product_tag":[32,34,42],"class_list":{"0":"post-10796","1":"product","2":"type-product","3":"status-publish","4":"has-post-thumbnail","6":"product_cat-acrylic","7":"product_tag-art","8":"product_tag-color","9":"product_tag-painting","10":"product_shipping_class-mailing-tube","12":"first","13":"instock","14":"shipping-taxable","15":"purchasable","16":"product-type-simple"},"_links":{"self":[{"href":"https:\/\/mawuartgallery.com\/fr\/wp-json\/wp\/v2\/product\/10796","targetHints":{"allow":["GET"]}}],"collection":[{"href":"https:\/\/mawuartgallery.com\/fr\/wp-json\/wp\/v2\/product"}],"about":[{"href":"https:\/\/mawuartgallery.com\/fr\/wp-json\/wp\/v2\/types\/product"}],"replies":[{"embeddable":true,"href":"https:\/\/mawuartgallery.com\/fr\/wp-json\/wp\/v2\/comments?post=10796"}],"version-history":[{"count":2,"href":"https:\/\/mawuartgallery.com\/fr\/wp-json\/wp\/v2\/product\/10796\/revisions"}],"predecessor-version":[{"id":16198,"href":"https:\/\/mawuartgallery.com\/fr\/wp-json\/wp\/v2\/product\/10796\/revisions\/16198"}],"wp:featuredmedia":[{"embeddable":true,"href":"https:\/\/mawuartgallery.com\/fr\/wp-json\/wp\/v2\/media\/14873"}],"wp:attachment":[{"href":"https:\/\/mawuartgallery.com\/fr\/wp-json\/wp\/v2\/media?parent=10796"}],"wp:term":[{"taxonomy":"product_brand","embeddable":true,"href":"https:\/\/mawuartgallery.com\/fr\/wp-json\/wp\/v2\/product_brand?post=10796"},{"taxonomy":"product_cat","embeddable":true,"href":"https:\/\/mawuartgallery.com\/fr\/wp-json\/wp\/v2\/product_cat?post=10796"},{"taxonomy":"product_tag","embeddable":true,"href":"https:\/\/mawuartgallery.com\/fr\/wp-json\/wp\/v2\/product_tag?post=10796"}],"curies":[{"name":"wp","href":"https:\/\/api.w.org\/{rel}","templated":true}]}}