{"id":10776,"date":"2024-05-15T18:47:37","date_gmt":"2024-05-15T18:47:37","guid":{"rendered":"https:\/\/mawuartgallery.com\/?post_type=product&#038;p=10776"},"modified":"2025-10-16T10:38:04","modified_gmt":"2025-10-16T14:38:04","slug":"blessings-1","status":"publish","type":"product","link":"https:\/\/mawuartgallery.com\/fr\/produit\/blessings-1\/","title":{"rendered":"B\u00e9n\u00e9dictions 1"},"content":{"rendered":"<p>Cette peinture abstraite vibrante d\u00e9borde d\u2019une \u00e9nergie enflamm\u00e9e, o\u00f9 des teintes chaudes de jaune, de rouge et de brun se rencontrent et s\u2019entrelacent dans une danse effervescente. Des \u00e9clats de rouge ardent fusionnent avec la lumi\u00e8re du jaune d\u2019or, cr\u00e9ant un tourbillon de chaleur et d\u2019intensit\u00e9, tandis que les tons bruns, profonds et terreux, ancrent la composition dans une sensation de solidit\u00e9 et d\u2019\u00e9quilibre. Le jeu audacieux des couleurs, avec ses contrastes puissants, \u00e9voque un mouvement presque palpable, comme une explosion de feu ou le souffle vibrant d\u2019un automne en pleine effervescence.<\/p>","protected":false},"excerpt":{"rendered":"<h6><strong>Artiste : <span style=\"color: #0000ff;\"><a style=\"color: #0000ff;\" href=\"https:\/\/mawuartgallery.com\/fr\/portfolio-item\/uchechi-udochukwu\/\">UCHECHI UDOCHUKWU<\/a><\/span><\/strong><\/h6>\n<p>M\u00e9dias mixtes sur toile<br \/>\n(91 x 91 cm \/ 36 x 36 po)<br \/>\nCr\u00e9\u00e9e en 2023<\/p>\n<p>&nbsp;<\/p>\n<p><em>Cet article est soigneusement enroul\u00e9 et exp\u00e9di\u00e9 dans un tube d'exp\u00e9dition afin de garantir une livraison en toute s\u00e9curit\u00e9.<\/em><\/p>\n<p>&nbsp;<\/p>\n<p><strong><em>Pour nous assurer que l'\u0153uvre r\u00e9pond \u00e0 vos attentes, nous serions ravis de vous en fournir une vid\u00e9o en haute d\u00e9finition accompagn\u00e9e des commentaires de l'artiste, avant que vous ne proc\u00e9diez \u00e0 l'achat. Pour ce faire, il vous suffit de communiquer avec nous par courriel \u00e0 <a rel=\"noopener\">mawuartgallery@gmail.com<\/a> D\u00e8s r\u00e9ception de votre demande, nous vous ferons parvenir une ou plusieurs vid\u00e9os\/photos selon votre choix.<\/em><\/strong><\/p>\n<p>&nbsp;<\/p>\n<p><strong>LIVRAISON GRATUITE POUR TOUTES LES COMMANDES<\/strong><\/p>","protected":false},"featured_media":16252,"comment_status":"open","ping_status":"closed","template":"","meta":{"nf_dc_page":""},"product_brand":[],"product_cat":[113],"product_tag":[32,34,42],"class_list":{"0":"post-10776","1":"product","2":"type-product","3":"status-publish","4":"has-post-thumbnail","6":"product_cat-mixed-media","7":"product_tag-art","8":"product_tag-color","9":"product_tag-painting","10":"product_shipping_class-mailing-tube","12":"first","13":"instock","14":"shipping-taxable","15":"purchasable","16":"product-type-simple"},"_links":{"self":[{"href":"https:\/\/mawuartgallery.com\/fr\/wp-json\/wp\/v2\/product\/10776","targetHints":{"allow":["GET"]}}],"collection":[{"href":"https:\/\/mawuartgallery.com\/fr\/wp-json\/wp\/v2\/product"}],"about":[{"href":"https:\/\/mawuartgallery.com\/fr\/wp-json\/wp\/v2\/types\/product"}],"replies":[{"embeddable":true,"href":"https:\/\/mawuartgallery.com\/fr\/wp-json\/wp\/v2\/comments?post=10776"}],"version-history":[{"count":2,"href":"https:\/\/mawuartgallery.com\/fr\/wp-json\/wp\/v2\/product\/10776\/revisions"}],"predecessor-version":[{"id":16248,"href":"https:\/\/mawuartgallery.com\/fr\/wp-json\/wp\/v2\/product\/10776\/revisions\/16248"}],"wp:featuredmedia":[{"embeddable":true,"href":"https:\/\/mawuartgallery.com\/fr\/wp-json\/wp\/v2\/media\/16252"}],"wp:attachment":[{"href":"https:\/\/mawuartgallery.com\/fr\/wp-json\/wp\/v2\/media?parent=10776"}],"wp:term":[{"taxonomy":"product_brand","embeddable":true,"href":"https:\/\/mawuartgallery.com\/fr\/wp-json\/wp\/v2\/product_brand?post=10776"},{"taxonomy":"product_cat","embeddable":true,"href":"https:\/\/mawuartgallery.com\/fr\/wp-json\/wp\/v2\/product_cat?post=10776"},{"taxonomy":"product_tag","embeddable":true,"href":"https:\/\/mawuartgallery.com\/fr\/wp-json\/wp\/v2\/product_tag?post=10776"}],"curies":[{"name":"wp","href":"https:\/\/api.w.org\/{rel}","templated":true}]}}