{"id":10772,"date":"2024-05-15T18:34:58","date_gmt":"2024-05-15T18:34:58","guid":{"rendered":"https:\/\/mawuartgallery.com\/?post_type=product&#038;p=10772"},"modified":"2025-10-16T11:13:13","modified_gmt":"2025-10-16T15:13:13","slug":"blessings-2","status":"publish","type":"product","link":"https:\/\/mawuartgallery.com\/fr\/produit\/blessings-2\/","title":{"rendered":"B\u00e9n\u00e9dictions 2"},"content":{"rendered":"<p>Cette peinture abstraite saisissante d\u00e9ploie une palette raffin\u00e9e de gris, o\u00f9 les tonalit\u00e9s de charbon profond, d\u2019argent d\u00e9licat et de cendres feutr\u00e9es se m\u00ealent et se superposent avec une subtilit\u00e9 captivante. Les couches textur\u00e9es, associ\u00e9es \u00e0 des coups de pinceau fluides, insufflent \u00e0 l\u2019\u0153uvre une profondeur myst\u00e9rieuse, donnant l\u2019impression que l\u2019espace se d\u00e9ploie au-del\u00e0 de la toile. Chaque nuance, chaque ombre semble inviter \u00e0 la contemplation, cr\u00e9ant un paysage int\u00e9rieur qui s'\u00e9chappe des fronti\u00e8res du visible.<\/p>","protected":false},"excerpt":{"rendered":"<h6><strong>Artiste : <span style=\"color: #0000ff;\"><a style=\"color: #0000ff;\" href=\"https:\/\/mawuartgallery.com\/fr\/portfolio-item\/uchechi-udochukwu\/\">UCHECHI UDOCHUKWU<\/a><\/span><\/strong><\/h6>\n<p>M\u00e9dias mixtes sur toile<br \/>\n(121 x 60 cm \/ 48 x 24 po)<br \/>\nCr\u00e9\u00e9e en 2023<\/p>\n<p>&nbsp;<\/p>\n<p><em>En raison de sa taille, cette \u0153uvre est exp\u00e9di\u00e9e enroul\u00e9e dans un tube d'exp\u00e9dition (et non tendue sur le cadre en bois d'origine comme sur la photo).<\/em><\/p>\n<p>&nbsp;<\/p>\n<p><em>N'h\u00e9sitez pas \u00e0 nous demander par courriel la vid\u00e9o la plus r\u00e9cente de l'\u0153uvre. Nous vous la fournirons au plus vite afin que vous puissiez vous assurer que ce que vous voyez ici correspond \u00e0 vos attentes.<\/em><\/p>\n<p>&nbsp;<\/p>\n<p><strong>LIVRAISON GRATUITE POUR TOUTES LES COMMANDES<\/strong><\/p>","protected":false},"featured_media":12650,"comment_status":"open","ping_status":"closed","template":"","meta":{"nf_dc_page":""},"product_brand":[],"product_cat":[113],"product_tag":[32,34,42],"class_list":{"0":"post-10772","1":"product","2":"type-product","3":"status-publish","4":"has-post-thumbnail","6":"product_cat-mixed-media","7":"product_tag-art","8":"product_tag-color","9":"product_tag-painting","10":"product_shipping_class-mailing-tube","12":"first","13":"instock","14":"shipping-taxable","15":"purchasable","16":"product-type-simple"},"_links":{"self":[{"href":"https:\/\/mawuartgallery.com\/fr\/wp-json\/wp\/v2\/product\/10772","targetHints":{"allow":["GET"]}}],"collection":[{"href":"https:\/\/mawuartgallery.com\/fr\/wp-json\/wp\/v2\/product"}],"about":[{"href":"https:\/\/mawuartgallery.com\/fr\/wp-json\/wp\/v2\/types\/product"}],"replies":[{"embeddable":true,"href":"https:\/\/mawuartgallery.com\/fr\/wp-json\/wp\/v2\/comments?post=10772"}],"version-history":[{"count":2,"href":"https:\/\/mawuartgallery.com\/fr\/wp-json\/wp\/v2\/product\/10772\/revisions"}],"predecessor-version":[{"id":16259,"href":"https:\/\/mawuartgallery.com\/fr\/wp-json\/wp\/v2\/product\/10772\/revisions\/16259"}],"wp:featuredmedia":[{"embeddable":true,"href":"https:\/\/mawuartgallery.com\/fr\/wp-json\/wp\/v2\/media\/12650"}],"wp:attachment":[{"href":"https:\/\/mawuartgallery.com\/fr\/wp-json\/wp\/v2\/media?parent=10772"}],"wp:term":[{"taxonomy":"product_brand","embeddable":true,"href":"https:\/\/mawuartgallery.com\/fr\/wp-json\/wp\/v2\/product_brand?post=10772"},{"taxonomy":"product_cat","embeddable":true,"href":"https:\/\/mawuartgallery.com\/fr\/wp-json\/wp\/v2\/product_cat?post=10772"},{"taxonomy":"product_tag","embeddable":true,"href":"https:\/\/mawuartgallery.com\/fr\/wp-json\/wp\/v2\/product_tag?post=10772"}],"curies":[{"name":"wp","href":"https:\/\/api.w.org\/{rel}","templated":true}]}}