{"id":10768,"date":"2024-05-15T18:26:08","date_gmt":"2024-05-15T18:26:08","guid":{"rendered":"https:\/\/mawuartgallery.com\/?post_type=product&#038;p=10768"},"modified":"2025-10-16T10:54:44","modified_gmt":"2025-10-16T14:54:44","slug":"mothers-affection","status":"publish","type":"product","link":"https:\/\/mawuartgallery.com\/fr\/produit\/mothers-affection\/","title":{"rendered":"Affection maternelle"},"content":{"rendered":"<p>Cette \u0153uvre \u00e9mouvante saisit un instant de pure tendresse, o\u00f9 une m\u00e8re berce son enfant dans une \u00e9treinte charg\u00e9e de douceur et d'amour incommensurable. Drap\u00e9e dans des nuances fluides de violet, elle incarne \u00e0 la fois la sagesse infinie, la dignit\u00e9 tranquille et la profondeur d\u2019un amour maternel sans limites. Les d\u00e9grad\u00e9s subtils de violet et de lavande se fondent avec gr\u00e2ce, enveloppant la sc\u00e8ne d\u2019une chaleur intime, comme une couverture invisible qui unit les deux \u00e2mes. Chaque coup de pinceau, \u00e0 la fois l\u00e9ger et expressif, d\u00e9voile l\u2019intensit\u00e9 de l\u2019\u00e9motion partag\u00e9e, cr\u00e9ant une texture qui semble presque palpable. La composition, \u00e0 la fois simple et profonde, illustre le lien sacr\u00e9 entre la m\u00e8re et son enfant.<\/p>","protected":false},"excerpt":{"rendered":"<h6><strong>Artiste : <span style=\"color: #0000ff;\"><a style=\"color: #0000ff;\" href=\"https:\/\/mawuartgallery.com\/fr\/portfolio-item\/uchechi-udochukwu\/\">UCHECHI UDOCHUKWU<\/a><\/span><\/strong><\/h6>\n<p>M\u00e9dias mixtes sur toile<br \/>\n(121 x 60 cm \/ 48 x 24 po)<br \/>\nCr\u00e9\u00e9e en 2023<\/p>\n<p>&nbsp;<\/p>\n<p><em>Cet article est soigneusement enroul\u00e9 et exp\u00e9di\u00e9 dans un tube d'exp\u00e9dition afin de garantir une livraison en toute s\u00e9curit\u00e9.<\/em><\/p>\n<p>&nbsp;<\/p>\n<p><strong><em>Pour nous assurer que l'\u0153uvre r\u00e9pond \u00e0 vos attentes, nous serions ravis de vous en fournir une vid\u00e9o en haute d\u00e9finition accompagn\u00e9e des commentaires de l'artiste, avant que vous ne proc\u00e9diez \u00e0 l'achat. Pour ce faire, il vous suffit de communiquer avec nous par courriel \u00e0 <a rel=\"noopener\">mawuartgallery@gmail.com<\/a> D\u00e8s r\u00e9ception de votre demande, nous vous ferons parvenir une ou plusieurs vid\u00e9os\/photos selon votre choix.<\/em><\/strong><\/p>\n<p>&nbsp;<\/p>\n<p><strong>LIVRAISON GRATUITE POUR TOUTES LES COMMANDES<\/strong><\/p>","protected":false},"featured_media":10769,"comment_status":"open","ping_status":"closed","template":"","meta":{"nf_dc_page":""},"product_brand":[],"product_cat":[113],"product_tag":[32,34,42],"class_list":{"0":"post-10768","1":"product","2":"type-product","3":"status-publish","4":"has-post-thumbnail","6":"product_cat-mixed-media","7":"product_tag-art","8":"product_tag-color","9":"product_tag-painting","10":"product_shipping_class-mailing-tube","12":"first","13":"instock","14":"shipping-taxable","15":"purchasable","16":"product-type-simple"},"_links":{"self":[{"href":"https:\/\/mawuartgallery.com\/fr\/wp-json\/wp\/v2\/product\/10768","targetHints":{"allow":["GET"]}}],"collection":[{"href":"https:\/\/mawuartgallery.com\/fr\/wp-json\/wp\/v2\/product"}],"about":[{"href":"https:\/\/mawuartgallery.com\/fr\/wp-json\/wp\/v2\/types\/product"}],"replies":[{"embeddable":true,"href":"https:\/\/mawuartgallery.com\/fr\/wp-json\/wp\/v2\/comments?post=10768"}],"version-history":[{"count":2,"href":"https:\/\/mawuartgallery.com\/fr\/wp-json\/wp\/v2\/product\/10768\/revisions"}],"predecessor-version":[{"id":16242,"href":"https:\/\/mawuartgallery.com\/fr\/wp-json\/wp\/v2\/product\/10768\/revisions\/16242"}],"wp:featuredmedia":[{"embeddable":true,"href":"https:\/\/mawuartgallery.com\/fr\/wp-json\/wp\/v2\/media\/10769"}],"wp:attachment":[{"href":"https:\/\/mawuartgallery.com\/fr\/wp-json\/wp\/v2\/media?parent=10768"}],"wp:term":[{"taxonomy":"product_brand","embeddable":true,"href":"https:\/\/mawuartgallery.com\/fr\/wp-json\/wp\/v2\/product_brand?post=10768"},{"taxonomy":"product_cat","embeddable":true,"href":"https:\/\/mawuartgallery.com\/fr\/wp-json\/wp\/v2\/product_cat?post=10768"},{"taxonomy":"product_tag","embeddable":true,"href":"https:\/\/mawuartgallery.com\/fr\/wp-json\/wp\/v2\/product_tag?post=10768"}],"curies":[{"name":"wp","href":"https:\/\/api.w.org\/{rel}","templated":true}]}}