{"id":10758,"date":"2024-05-15T17:07:21","date_gmt":"2024-05-15T17:07:21","guid":{"rendered":"https:\/\/mawuartgallery.com\/?post_type=product&#038;p=10758"},"modified":"2025-10-16T11:05:28","modified_gmt":"2025-10-16T15:05:28","slug":"the-female-music-maker","status":"publish","type":"product","link":"https:\/\/mawuartgallery.com\/fr\/produit\/the-female-music-maker\/","title":{"rendered":"La musicienne"},"content":{"rendered":"<p class=\"translation-block\">Cette peinture saisissante capture l\u2019essence d\u2019une percussioniste Yoruba, un symbole vivant de gr\u00e2ce, de puissance et de tradition. Sa coiffure <em>shuku<\/em> soigneusement sculpt\u00e9e, encadre son visage avec une \u00e9l\u00e9gance rare, mettant en valeur une expression \u00e0 la fois d\u00e9termin\u00e9e et sereine, empreinte d\u2019une sagesse ancestrale. Sous son bras, elle porte le tambour parlant (<em>D\u00f9nd\u00fan\/Gangan<\/em>)  l'instrument sacr\u00e9 par lequel r\u00e9sonne l\u2019\u00e2me de son peuple, tandis que sa baguette, tenue avec une ma\u00eetrise parfaite, semble pr\u00eate \u00e0 faire na\u00eetre les m\u00e9lodies profondes et envo\u00fbtantes du rythme. Chaque trait de cette \u0153uvre respire le mouvement, une danse silencieuse captur\u00e9e dans la mati\u00e8re, c\u00e9l\u00e9brant le r\u00f4le essentiel des femmes dans l\u2019h\u00e9ritage musical yoruba.<\/p>","protected":false},"excerpt":{"rendered":"<h6><strong>Artiste : <span style=\"color: #0000ff;\"><a style=\"color: #0000ff;\" href=\"https:\/\/mawuartgallery.com\/fr\/portfolio-item\/uchechi-udochukwu\/\">UCHECHI UDOCHUKWU<\/a><\/span><\/strong><\/h6>\n<p>M\u00e9dias mixtes sur toile<br \/>\n(91 x 91 cm \/ 36 x 36 po)<br \/>\nCr\u00e9\u00e9e en 2024<\/p>\n<p>&nbsp;<\/p>\n<p><em>Cet article est soigneusement enroul\u00e9 et exp\u00e9di\u00e9 dans un tube d'exp\u00e9dition afin de garantir une livraison en toute s\u00e9curit\u00e9.<\/em><\/p>\n<p>&nbsp;<\/p>\n<p><strong><em>Pour nous assurer que l'\u0153uvre r\u00e9pond \u00e0 vos attentes, nous serions ravis de vous en fournir une vid\u00e9o en haute d\u00e9finition accompagn\u00e9e des commentaires de l'artiste, avant que vous ne proc\u00e9diez \u00e0 l'achat. Pour ce faire, il vous suffit de communiquer avec nous par courriel \u00e0 <a rel=\"noopener\">mawuartgallery@gmail.com<\/a> D\u00e8s r\u00e9ception de votre demande, nous vous ferons parvenir une ou plusieurs vid\u00e9os\/photos selon votre choix.<\/em><\/strong><\/p>\n<p>&nbsp;<\/p>\n<p><strong>LIVRAISON GRATUITE POUR TOUTES LES COMMANDES<\/strong><\/p>","protected":false},"featured_media":12651,"comment_status":"open","ping_status":"closed","template":"","meta":{"nf_dc_page":""},"product_brand":[],"product_cat":[113],"product_tag":[32,34,42],"class_list":{"0":"post-10758","1":"product","2":"type-product","3":"status-publish","4":"has-post-thumbnail","6":"product_cat-mixed-media","7":"product_tag-art","8":"product_tag-color","9":"product_tag-painting","10":"product_shipping_class-mailing-tube","12":"first","13":"instock","14":"shipping-taxable","15":"purchasable","16":"product-type-simple"},"_links":{"self":[{"href":"https:\/\/mawuartgallery.com\/fr\/wp-json\/wp\/v2\/product\/10758","targetHints":{"allow":["GET"]}}],"collection":[{"href":"https:\/\/mawuartgallery.com\/fr\/wp-json\/wp\/v2\/product"}],"about":[{"href":"https:\/\/mawuartgallery.com\/fr\/wp-json\/wp\/v2\/types\/product"}],"replies":[{"embeddable":true,"href":"https:\/\/mawuartgallery.com\/fr\/wp-json\/wp\/v2\/comments?post=10758"}],"version-history":[{"count":2,"href":"https:\/\/mawuartgallery.com\/fr\/wp-json\/wp\/v2\/product\/10758\/revisions"}],"predecessor-version":[{"id":16257,"href":"https:\/\/mawuartgallery.com\/fr\/wp-json\/wp\/v2\/product\/10758\/revisions\/16257"}],"wp:featuredmedia":[{"embeddable":true,"href":"https:\/\/mawuartgallery.com\/fr\/wp-json\/wp\/v2\/media\/12651"}],"wp:attachment":[{"href":"https:\/\/mawuartgallery.com\/fr\/wp-json\/wp\/v2\/media?parent=10758"}],"wp:term":[{"taxonomy":"product_brand","embeddable":true,"href":"https:\/\/mawuartgallery.com\/fr\/wp-json\/wp\/v2\/product_brand?post=10758"},{"taxonomy":"product_cat","embeddable":true,"href":"https:\/\/mawuartgallery.com\/fr\/wp-json\/wp\/v2\/product_cat?post=10758"},{"taxonomy":"product_tag","embeddable":true,"href":"https:\/\/mawuartgallery.com\/fr\/wp-json\/wp\/v2\/product_tag?post=10758"}],"curies":[{"name":"wp","href":"https:\/\/api.w.org\/{rel}","templated":true}]}}