{"id":10747,"date":"2024-05-13T19:39:13","date_gmt":"2024-05-13T19:39:13","guid":{"rendered":"https:\/\/mawuartgallery.com\/?post_type=product&#038;p=10747"},"modified":"2025-10-14T14:30:10","modified_gmt":"2025-10-14T18:30:10","slug":"not-enough-flowers","status":"publish","type":"product","link":"https:\/\/mawuartgallery.com\/fr\/produit\/not-enough-flowers\/","title":{"rendered":"Trop peu de fleurs"},"content":{"rendered":"<p>Les hommes sont souvent \u00e9tiquet\u00e9s par la soci\u00e9t\u00e9 et gratifi\u00e9s par les normes culturelles comme \u00e9tant forts et r\u00e9sistants, mais seulement lorsqu'ils ne versent pas une larme. D\u00e8s leur plus jeune \u00e2ge, on leur fait croire que la masculinit\u00e9 se manifeste par l'agressivit\u00e9, la duret\u00e9, l'absence d'\u00e9motions, les comp\u00e9tences en bricolage et la domination, pour n'en citer que quelques-unes.<\/p>\n<p>&nbsp;<\/p>\n<p>Ce st\u00e9r\u00e9otype toxique attach\u00e9 au genre masculin a fait plus de mal que de bien, conduisant ces hommes \u00e0 souffrir en silence, s'enterrant sous le poids de leurs \u00e9motions pour tenter de correspondre aux normes soci\u00e9tales.<\/p>\n<p>&nbsp;<\/p>\n<p>La s\u00e9rie \u00ab Les hommes aussi ont besoin de fleurs \u00bb est un r\u00e9cit qui d\u00e9monte et contredit l'id\u00e9ologie que la soci\u00e9t\u00e9 nous a inculqu\u00e9e au fil des ans. Tout comme les femmes, les hommes peuvent \u00eatre \u00e9motifs, vuln\u00e9rables, empathiques et r\u00e9sistants. Ces traits d\u00e9finissent la v\u00e9ritable masculinit\u00e9, selon moi.<\/p>","protected":false},"excerpt":{"rendered":"<h6><strong>Artiste : <span style=\"color: #0000ff;\"><a style=\"color: #0000ff;\" href=\"https:\/\/mawuartgallery.com\/fr\/portfolio-item\/faith-okorodudu\/\">FAITH OKORODUDU<\/a><\/span><\/strong><\/h6>\n<p><strong><em>S\u00c9RIE : LES HOMMES AUSSI ONT BESOIN DE FLEURS<\/em><\/strong><\/p>\n<p>Acrylique sur toile<br \/>\n(147 x 127 cm \/ 58 x 50 po)<br \/>\nCr\u00e9\u00e9e en 2022<\/p>\n<p>&nbsp;<\/p>\n<p><em>Cet article est soigneusement enroul\u00e9 et exp\u00e9di\u00e9 dans un tube d'exp\u00e9dition afin de garantir une livraison en toute s\u00e9curit\u00e9.<\/em><\/p>\n<p>&nbsp;<\/p>\n<p><strong><em>Pour nous assurer que l'\u0153uvre r\u00e9pond \u00e0 vos attentes, nous serions ravis de vous en fournir une vid\u00e9o en haute d\u00e9finition accompagn\u00e9e des commentaires de l'artiste, avant que vous ne proc\u00e9diez \u00e0 l'achat. Pour ce faire, il vous suffit de communiquer avec nous par courriel \u00e0 <a rel=\"noopener\">mawuartgallery@gmail.com<\/a> D\u00e8s r\u00e9ception de votre demande, nous vous ferons parvenir une ou plusieurs vid\u00e9os\/photos selon votre choix.<\/em><\/strong><\/p>\n<p>&nbsp;<\/p>\n<p><strong>LIVRAISON GRATUITE POUR TOUTES LES COMMANDES<\/strong><\/p>","protected":false},"featured_media":10748,"comment_status":"open","ping_status":"closed","template":"","meta":{"nf_dc_page":""},"product_brand":[],"product_cat":[112,43],"product_tag":[32,34,42],"class_list":{"0":"post-10747","1":"product","2":"type-product","3":"status-publish","4":"has-post-thumbnail","6":"product_cat-acrylic","7":"product_cat-paintings","8":"product_tag-art","9":"product_tag-color","10":"product_tag-painting","11":"product_shipping_class-mailing-tube","13":"first","14":"instock","15":"shipping-taxable","16":"purchasable","17":"product-type-simple"},"_links":{"self":[{"href":"https:\/\/mawuartgallery.com\/fr\/wp-json\/wp\/v2\/product\/10747","targetHints":{"allow":["GET"]}}],"collection":[{"href":"https:\/\/mawuartgallery.com\/fr\/wp-json\/wp\/v2\/product"}],"about":[{"href":"https:\/\/mawuartgallery.com\/fr\/wp-json\/wp\/v2\/types\/product"}],"replies":[{"embeddable":true,"href":"https:\/\/mawuartgallery.com\/fr\/wp-json\/wp\/v2\/comments?post=10747"}],"version-history":[{"count":2,"href":"https:\/\/mawuartgallery.com\/fr\/wp-json\/wp\/v2\/product\/10747\/revisions"}],"predecessor-version":[{"id":16174,"href":"https:\/\/mawuartgallery.com\/fr\/wp-json\/wp\/v2\/product\/10747\/revisions\/16174"}],"wp:featuredmedia":[{"embeddable":true,"href":"https:\/\/mawuartgallery.com\/fr\/wp-json\/wp\/v2\/media\/10748"}],"wp:attachment":[{"href":"https:\/\/mawuartgallery.com\/fr\/wp-json\/wp\/v2\/media?parent=10747"}],"wp:term":[{"taxonomy":"product_brand","embeddable":true,"href":"https:\/\/mawuartgallery.com\/fr\/wp-json\/wp\/v2\/product_brand?post=10747"},{"taxonomy":"product_cat","embeddable":true,"href":"https:\/\/mawuartgallery.com\/fr\/wp-json\/wp\/v2\/product_cat?post=10747"},{"taxonomy":"product_tag","embeddable":true,"href":"https:\/\/mawuartgallery.com\/fr\/wp-json\/wp\/v2\/product_tag?post=10747"}],"curies":[{"name":"wp","href":"https:\/\/api.w.org\/{rel}","templated":true}]}}