{"id":10730,"date":"2024-05-13T17:36:57","date_gmt":"2024-05-13T17:36:57","guid":{"rendered":"https:\/\/mawuartgallery.com\/?post_type=product&#038;p=10730"},"modified":"2025-10-14T14:47:17","modified_gmt":"2025-10-14T18:47:17","slug":"ada-at-30","status":"publish","type":"product","link":"https:\/\/mawuartgallery.com\/fr\/produit\/ada-at-30\/","title":{"rendered":"Ada \u00e0 30 ans"},"content":{"rendered":"<p>Cette \u0153uvre refl\u00e8te la culture africaine, en particulier celle du Nigeria - mon pays d'origine - o\u00f9, en tant que femme (bien que cela puisse s'appliquer \u00e9galement aux hommes) non mari\u00e9e \u00e0 partir d'un certain \u00e2ge, la pression de la famille, des amis et de la communaut\u00e9 commence \u00e0 s'intensifier. Le mariage est souvent consid\u00e9r\u00e9 comme l'une des plus grandes r\u00e9ussites de la vie, et cette pression peut amener une femme \u00e0 prendre des d\u00e9cisions h\u00e2tives qui ne sont pas forc\u00e9ment dans son int\u00e9r\u00eat, entra\u00eenant parfois la d\u00e9pression, le doute et la remise en question de sa r\u00e9alit\u00e9.<\/p>","protected":false},"excerpt":{"rendered":"<h6><strong>Artiste : <span style=\"color: #0000ff;\"><a style=\"color: #0000ff;\" href=\"https:\/\/mawuartgallery.com\/fr\/portfolio-item\/faith-okorodudu\/\">FAITH OKORODUDU<\/a><\/span><\/strong><\/h6>\n<p><em><strong>S\u00c9RIE : C\u00c9LIBATAIRE<\/strong><\/em><\/p>\n<p>Acrylique sur toile<br \/>\n(152 x 147 cm \/ 60 x 58 po)<br \/>\nCr\u00e9\u00e9e en 2024<\/p>\n<p>&nbsp;<\/p>\n<p><em>Cet article est soigneusement enroul\u00e9 et exp\u00e9di\u00e9 dans un tube d'exp\u00e9dition afin de garantir une livraison en toute s\u00e9curit\u00e9.<\/em><\/p>\n<p>&nbsp;<\/p>\n<p><strong><em>Pour nous assurer que l'\u0153uvre r\u00e9pond \u00e0 vos attentes, nous serions ravis de vous en fournir une vid\u00e9o en haute d\u00e9finition accompagn\u00e9e des commentaires de l'artiste, avant que vous ne proc\u00e9diez \u00e0 l'achat. Pour ce faire, il vous suffit de communiquer avec nous par courriel \u00e0 <a rel=\"noopener\">mawuartgallery@gmail.com<\/a> D\u00e8s r\u00e9ception de votre demande, nous vous ferons parvenir une ou plusieurs vid\u00e9os\/photos selon votre choix.<\/em><\/strong><\/p>\n<p>&nbsp;<\/p>\n<p><strong>LIVRAISON GRATUITE POUR TOUTES LES COMMANDES<\/strong><\/p>","protected":false},"featured_media":10628,"comment_status":"open","ping_status":"closed","template":"","meta":{"nf_dc_page":""},"product_brand":[],"product_cat":[112,43],"product_tag":[32,34,42],"class_list":{"0":"post-10730","1":"product","2":"type-product","3":"status-publish","4":"has-post-thumbnail","6":"product_cat-acrylic","7":"product_cat-paintings","8":"product_tag-art","9":"product_tag-color","10":"product_tag-painting","11":"product_shipping_class-mailing-tube","13":"first","14":"instock","15":"shipping-taxable","16":"purchasable","17":"product-type-simple"},"_links":{"self":[{"href":"https:\/\/mawuartgallery.com\/fr\/wp-json\/wp\/v2\/product\/10730","targetHints":{"allow":["GET"]}}],"collection":[{"href":"https:\/\/mawuartgallery.com\/fr\/wp-json\/wp\/v2\/product"}],"about":[{"href":"https:\/\/mawuartgallery.com\/fr\/wp-json\/wp\/v2\/types\/product"}],"replies":[{"embeddable":true,"href":"https:\/\/mawuartgallery.com\/fr\/wp-json\/wp\/v2\/comments?post=10730"}],"version-history":[{"count":2,"href":"https:\/\/mawuartgallery.com\/fr\/wp-json\/wp\/v2\/product\/10730\/revisions"}],"predecessor-version":[{"id":16182,"href":"https:\/\/mawuartgallery.com\/fr\/wp-json\/wp\/v2\/product\/10730\/revisions\/16182"}],"wp:featuredmedia":[{"embeddable":true,"href":"https:\/\/mawuartgallery.com\/fr\/wp-json\/wp\/v2\/media\/10628"}],"wp:attachment":[{"href":"https:\/\/mawuartgallery.com\/fr\/wp-json\/wp\/v2\/media?parent=10730"}],"wp:term":[{"taxonomy":"product_brand","embeddable":true,"href":"https:\/\/mawuartgallery.com\/fr\/wp-json\/wp\/v2\/product_brand?post=10730"},{"taxonomy":"product_cat","embeddable":true,"href":"https:\/\/mawuartgallery.com\/fr\/wp-json\/wp\/v2\/product_cat?post=10730"},{"taxonomy":"product_tag","embeddable":true,"href":"https:\/\/mawuartgallery.com\/fr\/wp-json\/wp\/v2\/product_tag?post=10730"}],"curies":[{"name":"wp","href":"https:\/\/api.w.org\/{rel}","templated":true}]}}