{"id":10108,"date":"2024-04-01T21:09:50","date_gmt":"2024-04-01T21:09:50","guid":{"rendered":"https:\/\/mawuartgallery.com\/?post_type=product&#038;p=10108"},"modified":"2025-08-12T10:57:10","modified_gmt":"2025-08-12T14:57:10","slug":"ephemeral","status":"publish","type":"product","link":"https:\/\/mawuartgallery.com\/fr\/produit\/ephemeral\/","title":{"rendered":"\u00c9ph\u00e9m\u00e8re"},"content":{"rendered":"<p>Dans cette vie, rien ne dure, ce qui me rappelle \u00e0 quel point il est important de profiter du moment pr\u00e9sent. Ainsi, j\u2019ai cr\u00e9\u00e9 cette \u0153uvre dans un \u00e9lan d\u2019inspiration, sans aucune pr\u00e9paration ni visualisation pr\u00e9alable. Je me suis simplement laiss\u00e9 porter par la vie. Le lendemain, en contemplant l\u2019\u0153uvre, je me suis rappel\u00e9 \u00e0 quel point la vie, dans sa nature impromptue, est magique.<\/p>","protected":false},"excerpt":{"rendered":"<h6><strong><a href=\"https:\/\/mawuartgallery.com\/fr\/about-me\/\">ARTISTE : MAWU<\/a><\/strong><\/h6>\n<p>S\u00e9rie MONDES PARALL\u00c8LES<br \/>\nHuile sur toile<br \/>\n(51 x 41 x 2 cm \/ 20 x 16 x 0,7 po)<br \/>\nCr\u00e9\u00e9e en 2024<\/p>\n<p>&nbsp;<\/p>\n<p><em>Cet article est exp\u00e9di\u00e9 tendu sur son cadre en bois d'origine, comme le montre la photo ci-contre.<\/em><\/p>\n<p>&nbsp;<\/p>\n<p><strong><em>Pour nous assurer que l'\u0153uvre r\u00e9pond \u00e0 vos attentes, nous serions ravis de vous en fournir une vid\u00e9o en haute d\u00e9finition accompagn\u00e9e des commentaires de l'artiste, avant que vous ne proc\u00e9diez \u00e0 l'achat. Pour ce faire, il vous suffit de communiquer avec nous par courriel \u00e0 <a rel=\"noopener\">mawuartgallery@gmail.com<\/a> D\u00e8s r\u00e9ception de votre demande, nous vous ferons parvenir une ou plusieurs vid\u00e9os\/photos selon votre choix.<\/em><\/strong><\/p>\n<p>&nbsp;<\/p>\n<p><strong>LIVRAISON GRATUITE POUR TOUTES LES COMMANDES<\/strong><\/p>","protected":false},"featured_media":10109,"comment_status":"open","ping_status":"closed","template":"","meta":{"nf_dc_page":""},"product_brand":[],"product_cat":[70],"product_tag":[32,34,42],"class_list":{"0":"post-10108","1":"product","2":"type-product","3":"status-publish","4":"has-post-thumbnail","6":"product_cat-oil-painting","7":"product_tag-art","8":"product_tag-color","9":"product_tag-painting","10":"product_shipping_class-stretched-on-frame","12":"first","13":"instock","14":"shipping-taxable","15":"purchasable","16":"product-type-simple"},"_links":{"self":[{"href":"https:\/\/mawuartgallery.com\/fr\/wp-json\/wp\/v2\/product\/10108","targetHints":{"allow":["GET"]}}],"collection":[{"href":"https:\/\/mawuartgallery.com\/fr\/wp-json\/wp\/v2\/product"}],"about":[{"href":"https:\/\/mawuartgallery.com\/fr\/wp-json\/wp\/v2\/types\/product"}],"replies":[{"embeddable":true,"href":"https:\/\/mawuartgallery.com\/fr\/wp-json\/wp\/v2\/comments?post=10108"}],"version-history":[{"count":0,"href":"https:\/\/mawuartgallery.com\/fr\/wp-json\/wp\/v2\/product\/10108\/revisions"}],"wp:featuredmedia":[{"embeddable":true,"href":"https:\/\/mawuartgallery.com\/fr\/wp-json\/wp\/v2\/media\/10109"}],"wp:attachment":[{"href":"https:\/\/mawuartgallery.com\/fr\/wp-json\/wp\/v2\/media?parent=10108"}],"wp:term":[{"taxonomy":"product_brand","embeddable":true,"href":"https:\/\/mawuartgallery.com\/fr\/wp-json\/wp\/v2\/product_brand?post=10108"},{"taxonomy":"product_cat","embeddable":true,"href":"https:\/\/mawuartgallery.com\/fr\/wp-json\/wp\/v2\/product_cat?post=10108"},{"taxonomy":"product_tag","embeddable":true,"href":"https:\/\/mawuartgallery.com\/fr\/wp-json\/wp\/v2\/product_tag?post=10108"}],"curies":[{"name":"wp","href":"https:\/\/api.w.org\/{rel}","templated":true}]}}