{"id":3,"date":"2022-09-16T01:10:58","date_gmt":"2022-09-16T01:10:58","guid":{"rendered":"http:\/\/box2335\/cgi\/addon_GT.cgi?s=GT::WP::Install::EIG+%28mawuarga%29+-+10.0.87.61+%5BWordpress%3b+\/var\/hp\/common\/lib\/Wordpress.pm%3b+546%3b+Hosting::gap_call%5D\/?page_id=3"},"modified":"2025-11-20T18:29:55","modified_gmt":"2025-11-20T22:29:55","slug":"privacy-policy","status":"publish","type":"page","link":"https:\/\/mawuartgallery.com\/fr\/privacy-policy\/","title":{"rendered":"Politique de confidentialit\u00e9"},"content":{"rendered":"<h3 class=\"wp-block-heading\"><strong>Who We Are<\/strong><\/h3>\n\n\n\n<p class=\"\">Our website address is: <strong>mawuartgallery.com<\/strong>, an online platform that sells original art.<\/p>\n\n\n\n<hr class=\"wp-block-separator has-alpha-channel-opacity\"\/>\n\n\n\n<h3 class=\"wp-block-heading\"><strong>Commentaires<\/strong><\/h3>\n\n\n\n<p class=\"\">When visitors leave comments on the site, we collect the data shown in the comments form, as well as the visitor\u2019s IP address and browser user agent string to help with spam detection.<\/p>\n\n\n\n<p class=\"\">An anonymized string created from your email address (also called a <em>hash<\/em>) may be provided to the Gravatar service to determine whether you are using it. The Gravatar service privacy policy is available here: <a href=\"https:\/\/automattic.com\/privacy\/\">https:\/\/automattic.com\/privacy\/<\/a>. After approval of your comment, your profile picture is visible to the public in the context of your comment.<\/p>\n\n\n\n<hr class=\"wp-block-separator has-alpha-channel-opacity\"\/>\n\n\n\n<h3 class=\"wp-block-heading\"><strong>T\u00e9moins<\/strong><\/h3>\n\n\n\n<p class=\"\">Si vous laissez un commentaire sur notre site, vous pouvez choisir d\u2019enregistrer votre nom, votre adresse \u00e9lectronique et votre site Web au moyen de t\u00e9moins. Ces t\u00e9moins vous permettent de ne pas avoir \u00e0 saisir de nouveau vos coordonn\u00e9es lorsque vous laissez un autre commentaire. Les t\u00e9moins ont une dur\u00e9e de validit\u00e9 d\u2019un an.<\/p>\n\n\n\n<p class=\"\">Si vous visitez notre page de connexion, nous vous attribuerons un t\u00e9moin temporaire afin de d\u00e9terminer si votre navigateur accepte les t\u00e9moins. Ce t\u00e9moin ne contiendra aucune donn\u00e9e personnelle et sera supprim\u00e9 lorsque vous fermerez votre navigateur.<\/p>\n\n\n\n<p class=\"\">When you log in, we will also set several cookies to save your login information and your screen display preferences. Login cookies last for two days, and screen options cookies last for one year. If you select \u201cRemember Me,\u201d your login will persist for two weeks. If you log out of your account, the login cookies will be removed.<\/p>\n\n\n\n<p class=\"\">Si vous modifiez ou publiez un article, un t\u00e9moin suppl\u00e9mentaire sera enregistr\u00e9 dans votre navigateur. Ce t\u00e9moin ne comprend aucune donn\u00e9e personnelle et identifie simplement la publication de l'article que vous venez de modifier. Il expire apr\u00e8s un jour.<\/p>\n\n\n\n<hr class=\"wp-block-separator has-alpha-channel-opacity\"\/>\n\n\n\n<h3 class=\"wp-block-heading\"><strong>Embedded Content from Other Websites<\/strong><\/h3>\n\n\n\n<p class=\"\">Les articles de ce site peuvent inclure du contenu int\u00e9gr\u00e9 (par exemple, des vid\u00e9os, des images, des articles, etc.) provenant d\u2019autres sites Web.<\/p>\n\n\n\n<p class=\"\">These websites may collect data about you, use cookies, embed additional third-party tracking, and monitor your interaction with that embedded content, including tracking your interaction if you have an account and are logged in to that website.<\/p>\n\n\n\n<hr class=\"wp-block-separator has-alpha-channel-opacity\"\/>\n\n\n\n<h3 class=\"wp-block-heading\"><strong>Who We Share Your Data With<\/strong><\/h3>\n\n\n\n<p class=\"\">Nous ne vendons, louons ou c\u00e9dons jamais vos donn\u00e9es personnelles \u00e0 d\u2019autres entreprises \u00e0 des fins de prospection commerciale. Vos donn\u00e9es demeurent confidentielles en tout temps.<\/p>\n\n\n\n<hr class=\"wp-block-separator has-alpha-channel-opacity\"\/>\n\n\n\n<h3 class=\"wp-block-heading\"><strong>How Long We Retain Your Data<\/strong><\/h3>\n\n\n\n<p class=\"\">Si vous laissez un commentaire, celui-ci et ses m\u00e9tadonn\u00e9es sont conserv\u00e9s ind\u00e9finiment. Cela nous permet de reconna\u00eetre et d\u2019approuver automatiquement tout commentaire ult\u00e9rieur au lieu de le conserver dans une file d\u2019attente de mod\u00e9ration.<\/p>\n\n\n\n<p class=\"\">Pour les utilisateurs qui s\u2019inscrivent sur notre site web (le cas \u00e9ch\u00e9ant), nous conservons \u00e9galement les donn\u00e9es personnelles qu\u2019ils fournissent dans leur profil d\u2019utilisateur. Tous les utilisateurs peuvent consulter, modifier ou supprimer leurs donn\u00e9es personnelles \u00e0 tout moment (mais ne peuvent pas modifier leur nom d\u2019utilisateur). Les administrateurs du site Web peuvent \u00e9galement voir et modifier ces donn\u00e9es.<\/p>\n\n\n\n<hr class=\"wp-block-separator has-alpha-channel-opacity\"\/>\n\n\n\n<h3 class=\"wp-block-heading\"><strong>What Rights You Have Over Your Data<\/strong><\/h3>\n\n\n\n<p class=\"\">Si vous avez un compte sur ce site, ou si vous y avez laiss\u00e9 des commentaires, vous pouvez demander \u00e0 recevoir un fichier export\u00e9 des donn\u00e9es personnelles que nous d\u00e9tenons \u00e0 votre sujet, y compris les donn\u00e9es que vous nous avez fournies. Vous pouvez \u00e9galement nous demander d\u2019effacer toutes les donn\u00e9es personnelles que nous d\u00e9tenons \u00e0 votre sujet. Ceci n\u2019inclut pas les donn\u00e9es que nous sommes oblig\u00e9s de conserver \u00e0 des fins administratives, l\u00e9gales ou de s\u00e9curit\u00e9.<\/p>\n\n\n\n<hr class=\"wp-block-separator has-alpha-channel-opacity\"\/>\n\n\n\n<h3 class=\"wp-block-heading\"><strong>Where Your Data Is Sent<\/strong><\/h3>\n\n\n\n<p class=\"\">Les commentaires des visiteurs peuvent \u00eatre v\u00e9rifi\u00e9s par un service automatis\u00e9 de d\u00e9tection des pourriels.<\/p>","protected":false},"excerpt":{"rendered":"<p>Who We Are Our website address is: mawuartgallery.com, an online platform that sells original art. Comments When visitors leave comments on the site, we collect the data shown in the comments form, as well as the visitor\u2019s IP address and browser user agent string to help with spam detection. An anonymized string created from your [&hellip;]<\/p>\n","protected":false},"author":1,"featured_media":0,"parent":0,"menu_order":0,"comment_status":"closed","ping_status":"open","template":"","meta":{"nf_dc_page":"","footnotes":""},"class_list":["post-3","page","type-page","status-publish","hentry"],"_links":{"self":[{"href":"https:\/\/mawuartgallery.com\/fr\/wp-json\/wp\/v2\/pages\/3","targetHints":{"allow":["GET"]}}],"collection":[{"href":"https:\/\/mawuartgallery.com\/fr\/wp-json\/wp\/v2\/pages"}],"about":[{"href":"https:\/\/mawuartgallery.com\/fr\/wp-json\/wp\/v2\/types\/page"}],"author":[{"embeddable":true,"href":"https:\/\/mawuartgallery.com\/fr\/wp-json\/wp\/v2\/users\/1"}],"replies":[{"embeddable":true,"href":"https:\/\/mawuartgallery.com\/fr\/wp-json\/wp\/v2\/comments?post=3"}],"version-history":[{"count":1,"href":"https:\/\/mawuartgallery.com\/fr\/wp-json\/wp\/v2\/pages\/3\/revisions"}],"predecessor-version":[{"id":16826,"href":"https:\/\/mawuartgallery.com\/fr\/wp-json\/wp\/v2\/pages\/3\/revisions\/16826"}],"wp:attachment":[{"href":"https:\/\/mawuartgallery.com\/fr\/wp-json\/wp\/v2\/media?parent=3"}],"curies":[{"name":"wp","href":"https:\/\/api.w.org\/{rel}","templated":true}]}}