{"id":17587,"date":"2026-02-03T15:06:38","date_gmt":"2026-02-03T19:06:38","guid":{"rendered":"https:\/\/mawuartgallery.com\/?page_id=17587"},"modified":"2026-04-02T14:50:01","modified_gmt":"2026-04-02T18:50:01","slug":"mawuartview-app","status":"publish","type":"page","link":"https:\/\/mawuartgallery.com\/fr\/mawuartview-app\/","title":{"rendered":"MAWUARTVIEW \u2013 L'APPLI"},"content":{"rendered":"<div data-elementor-type=\"wp-page\" data-elementor-id=\"17587\" class=\"elementor elementor-17587\">\n\t\t\t\t\t\t<section class=\"elementor-section elementor-top-section elementor-element elementor-element-1ca38d8 elementor-section-boxed elementor-section-height-default elementor-section-height-default qodef-elementor-content-no\" data-id=\"1ca38d8\" data-element_type=\"section\" data-e-type=\"section\">\n\t\t\t\t\t\t<div class=\"elementor-container elementor-column-gap-default\">\n\t\t\t\t\t<div class=\"elementor-column elementor-col-100 elementor-top-column elementor-element elementor-element-c49ec71\" data-id=\"c49ec71\" data-element_type=\"column\" data-e-type=\"column\">\n\t\t\t<div class=\"elementor-widget-wrap elementor-element-populated\">\n\t\t\t\t\t\t<div class=\"elementor-element elementor-element-f6c23f0 elementor-widget elementor-widget-image\" data-id=\"f6c23f0\" data-element_type=\"widget\" data-e-type=\"widget\" data-widget_type=\"image.default\">\n\t\t\t\t\t\t\t\t\t\t\t\t\t\t\t<img fetchpriority=\"high\" decoding=\"async\" width=\"1024\" height=\"683\" src=\"https:\/\/mawuartgallery.com\/wp-content\/uploads\/2026\/02\/ChatGPT-Image-Feb-4-2026-11_39_35-AM-1024x683.png\" class=\"attachment-large size-large wp-image-17628\" alt=\"\" srcset=\"https:\/\/mawuartgallery.com\/wp-content\/uploads\/2026\/02\/ChatGPT-Image-Feb-4-2026-11_39_35-AM-1024x683.png 1024w, https:\/\/mawuartgallery.com\/wp-content\/uploads\/2026\/02\/ChatGPT-Image-Feb-4-2026-11_39_35-AM-300x200.png 300w, https:\/\/mawuartgallery.com\/wp-content\/uploads\/2026\/02\/ChatGPT-Image-Feb-4-2026-11_39_35-AM-768x512.png 768w, https:\/\/mawuartgallery.com\/wp-content\/uploads\/2026\/02\/ChatGPT-Image-Feb-4-2026-11_39_35-AM-18x12.png 18w, https:\/\/mawuartgallery.com\/wp-content\/uploads\/2026\/02\/ChatGPT-Image-Feb-4-2026-11_39_35-AM-600x400.png 600w, https:\/\/mawuartgallery.com\/wp-content\/uploads\/2026\/02\/ChatGPT-Image-Feb-4-2026-11_39_35-AM.png 1536w\" sizes=\"(max-width: 1024px) 100vw, 1024px\" \/>\t\t\t\t\t\t\t\t\t\t\t\t\t\t\t<\/div>\n\t\t\t\t<div class=\"elementor-element elementor-element-1a1647e elementor-widget elementor-widget-heading\" data-id=\"1a1647e\" data-element_type=\"widget\" data-e-type=\"widget\" data-widget_type=\"heading.default\">\n\t\t\t\t\t<h4 class=\"elementor-heading-title elementor-size-default\">A beautifully crafted app that lets you preview artwork on your wall \u2014 at true scale, in your space.\n<\/h4>\t\t\t\t<\/div>\n\t\t\t\t<div class=\"elementor-element elementor-element-dc54bc5 elementor-widget elementor-widget-text-editor\" data-id=\"dc54bc5\" data-element_type=\"widget\" data-e-type=\"widget\" data-widget_type=\"text-editor.default\">\n\t\t\t\t\t\t\t\t\t<h2 data-start=\"197\" data-end=\"208\">APER\u00c7U<\/h2><p data-start=\"210\" data-end=\"345\"><strong data-start=\"210\" data-end=\"225\">MawuARtview<\/strong>\u00a0est une application mobile au design \u00e9l\u00e9gant qui permet aux amateurs d'art de pr\u00e9visualiser des \u0153uvres directement sur leur propre mur, en un clin d'\u0153il.<\/p><p data-start=\"795\" data-end=\"953\">Commencez par un simple aper\u00e7u en 2D en t\u00e9l\u00e9chargeant une photo de votre espace.<br data-start=\"861\" data-end=\"864\" \/>Then switch to Live View using your camera to experience the artwork in your environment.<\/p><p data-start=\"955\" data-end=\"985\">Aucune supposition. Que de la confiance.<\/p><hr data-start=\"534\" data-end=\"537\" \/><h2 data-start=\"539\" data-end=\"556\">\u00c0 QUI S'ADRESSE-T-ELLE?<\/h2><p data-start=\"558\" data-end=\"794\">\ud83c\udfa8 Les artistes visuels qui souhaitent pr\u00e9senter leur travail dans son contexte<br data-start=\"1070\" data-end=\"1073\" \/>\ud83d\uddbc\ufe0f Les galeries d'art qui cherchent \u00e0 am\u00e9liorer l'exp\u00e9rience d'achat<br data-start=\"1131\" data-end=\"1134\" \/>\ud83d\udecd\ufe0f Les collectionneurs qui veulent \u00eatre s\u00fbrs de leur achat avant de se lancer<br data-start=\"1185\" data-end=\"1188\" \/>\u2764\ufe0f Les amateurs d'art qui veulent voir comment une \u0153uvre s'int\u00e8gre dans leur espace<\/p><hr data-start=\"796\" data-end=\"799\" \/><h2 data-start=\"801\" data-end=\"812\">CARACT\u00c9RISTIQUES<\/h2><p data-start=\"814\" data-end=\"1169\">\u2714\ufe0f Aper\u00e7u instantan\u00e9 en 2D directement sur votre mur<br data-start=\"1293\" data-end=\"1296\" \/>\u2714\ufe0f Live View using your camera for real-world context<br data-start=\"1349\" data-end=\"1352\" \/>\u2714\ufe0f Importez n\u2019importe quelle image ou photographiez instantan\u00e9ment votre mur<br data-start=\"1402\" data-end=\"1405\" \/>\u2714\ufe0f D\u00e9placement et repositionnement fluides par simple glissement<br data-start=\"1443\" data-end=\"1446\" \/>\u2714\ufe0f Pincez pour redimensionner avec une mise \u00e0 l\u2019\u00e9chelle pr\u00e9cise<br data-start=\"1485\" data-end=\"1488\" \/>\u2714\ufe0f Frame selection for refined presentation<br data-start=\"1531\" data-end=\"1534\" \/>\u2714\ufe0f Clean, focused interface designed for art<br data-start=\"1578\" data-end=\"1581\" \/>\u2714\ufe0f Disponible d\u00e8s maintenant sur Android (iOS bient\u00f4t disponible)<\/p>\t\t\t\t\t\t\t\t<\/div>\n\t\t\t\t<div class=\"elementor-element elementor-element-f3c178c elementor-widget elementor-widget-text-editor\" data-id=\"f3c178c\" data-element_type=\"widget\" data-e-type=\"widget\" data-widget_type=\"text-editor.default\">\n\t\t\t\t\t\t\t\t\t<h2 data-start=\"836\" data-end=\"851\">COMMENT L'APPLI FONCTIONNE-T-ELLE?<\/h2><p data-start=\"1649\" data-end=\"1750\">Choisissez une \u0153uvre d'art.<br data-start=\"1667\" data-end=\"1670\" \/>Placez-la sur votre mur en quelques secondes.<br data-start=\"1703\" data-end=\"1706\" \/>Adjust, resize, and explore it in context.<\/p><p data-start=\"1752\" data-end=\"1779\">Simple. Intuitif. Instantan\u00e9.<\/p>\t\t\t\t\t\t\t\t<\/div>\n\t\t\t\t<div class=\"elementor-element elementor-element-d38978f elementor-widget elementor-widget-spacer\" data-id=\"d38978f\" data-element_type=\"widget\" data-e-type=\"widget\" data-widget_type=\"spacer.default\">\n\t\t\t\t\t\t\t<div class=\"elementor-spacer\">\n\t\t\t<div class=\"elementor-spacer-inner\"><\/div>\n\t\t<\/div>\n\t\t\t\t\t\t<\/div>\n\t\t\t\t<div class=\"elementor-element elementor-element-b53c705 elementor-widget elementor-widget-ginevra_core_button\" data-id=\"b53c705\" data-element_type=\"widget\" data-e-type=\"widget\" data-widget_type=\"ginevra_core_button.default\">\n\t\t\t\t<div class=\"elementor-widget-container\">\n\t\t\t\t\t<a class=\"qodef-shortcode qodef-m qodef-button qodef-layout--filled qodef-size--full qodef-html--link\" href=\"https:\/\/mawuartgallery.com\/fr\/mawuartview-appbridge\/\" target=\"_blank\"  style=\"background-color: #A6821F\">\n\t<span class=\"qodef-m-text\">T\u00e9l\u00e9chargez l'appli ici<\/span>\n<\/a>\n\t\t\t\t<\/div>\n\t\t\t\t<\/div>\n\t\t\t\t<div class=\"elementor-element elementor-element-5f65232 elementor-widget__width-initial elementor-widget elementor-widget-ginevra_core_video_holder\" data-id=\"5f65232\" data-element_type=\"widget\" data-e-type=\"widget\" data-widget_type=\"ginevra_core_video_holder.default\">\n\t\t\t\t<div class=\"elementor-widget-container\">\n\t\t\t\t\t<span class=\"qodef-shortcode qodef-m qodef-video-holder qodef--appear-left\">\n\t\n    <span class=\"qodef-m-video\">\n        <video autoplay=\"autoplay\" loop=\"loop\" muted=\"muted\" playsinline=\"\" >\n            <source src=\"https:\/\/mawuartgallery.com\/wp-content\/uploads\/2026\/04\/MawuARtviewDemosound.mp4\">\n        <\/video>\n    <\/span>\n<\/span>\t\t\t\t<\/div>\n\t\t\t\t<\/div>\n\t\t\t\t<div class=\"elementor-element elementor-element-c783bbd elementor-widget elementor-widget-text-editor\" data-id=\"c783bbd\" data-element_type=\"widget\" data-e-type=\"widget\" data-widget_type=\"text-editor.default\">\n\t\t\t\t\t\t\t\t\t<h2 data-start=\"193\" data-end=\"222\">FOIRE AUX QUESTIONS<\/h2><hr data-start=\"224\" data-end=\"227\" \/><h3 data-start=\"229\" data-end=\"264\">L'APPLI UTILISE-T-ELLE LA R\u00c9ALIT\u00c9 AUGMENT\u00c9E (RA)?<\/h3><p data-start=\"1890\" data-end=\"1893\">Non.<\/p><p data-start=\"1895\" data-end=\"1992\">MawuARtview uses a camera-based Live View that lets you position artwork within your environment.<\/p><p data-start=\"1994\" data-end=\"2093\">This provides a realistic sense of placement and scale without requiring specialized AR technology.<\/p><hr data-start=\"485\" data-end=\"488\" \/><h3 data-start=\"490\" data-end=\"518\">EXISTE-T-IL UNE VERSION GRATUITE?<\/h3><p data-start=\"2130\" data-end=\"2134\">Oui.<\/p><p data-start=\"2136\" data-end=\"2188\">The app includes a fully functional 2D preview mode.<\/p><p data-start=\"2190\" data-end=\"2259\">You can upload or take a photo of your wall and place artwork freely.<\/p><p data-start=\"2261\" data-end=\"2337\">Live View is available as a premium upgrade for a more immersive experience.<\/p><hr data-start=\"749\" data-end=\"752\" \/><h3 data-start=\"754\" data-end=\"785\">QUELS APPAREILS SONT PRIS EN CHARGE?<\/h3><p data-start=\"2377\" data-end=\"2469\">MawuARtview is currently available on Android via Google Play.<br data-start=\"2439\" data-end=\"2442\" \/>La prise en charge iOS sera bient\u00f4t disponible.<\/p><p data-start=\"2471\" data-end=\"2514\">Live View works on most modern smartphones.<\/p><hr data-start=\"945\" data-end=\"948\" \/><h3 data-start=\"950\" data-end=\"986\">AI-JE BESOIN D'UN \u00c9QUIPEMENT SP\u00c9CIAL?<\/h3><p data-start=\"2559\" data-end=\"2562\">Non.<\/p><p data-start=\"2564\" data-end=\"2596\">Tout ce dont vous avez besoin, c'est de votre t\u00e9l\u00e9phone intelligent.<\/p><hr data-start=\"1141\" data-end=\"1144\" \/><h3 data-start=\"1146\" data-end=\"1174\">QUI PEUT UTILISER MAWUARtview?<\/h3><p data-start=\"2633\" data-end=\"2680\">Toute personne souhaitant voir une \u0153uvre d'art dans son contexte :<\/p><p data-start=\"2682\" data-end=\"2874\">\u2022 Les collectionneurs qui souhaitent \u00eatre rassur\u00e9s avant d'acheter<br data-start=\"2727\" data-end=\"2730\" \/>\u2022 Les artistes qui souhaitent pr\u00e9senter leur travail de mani\u00e8re plus professionnelle<br data-start=\"2781\" data-end=\"2784\" \/>\u2022 Les galeries qui souhaitent am\u00e9liorer l'exp\u00e9rience d'achat<br data-start=\"2827\" data-end=\"2830\" \/>\u2022 Art lovers exploring placement and scale<\/p><hr data-start=\"1423\" data-end=\"1426\" \/><h3 data-start=\"1428\" data-end=\"1464\">L'APPLICATION MODIFIE-T-ELLE L'\u0152UVRE D'ART?<\/h3><p data-start=\"2919\" data-end=\"2922\">Non.<\/p><p data-start=\"2924\" data-end=\"3028\">The app provides a visual preview for placement purposes only.<br data-start=\"2986\" data-end=\"2989\" \/>It does not alter the original artwork.<\/p><hr data-start=\"1592\" data-end=\"1595\" \/><h3 data-start=\"1597\" data-end=\"1632\">PUIS-JE ENREGISTRER OU PARTAGER MON APER\u00c7U?<\/h3><p data-start=\"3072\" data-end=\"3076\">Oui.<\/p><p data-start=\"3078\" data-end=\"3157\">You can capture and save your preview, then share it directly from your device<\/p>\t\t\t\t\t\t\t\t<\/div>\n\t\t\t\t<div class=\"elementor-element elementor-element-e234be0 elementor-widget elementor-widget-text-editor\" data-id=\"e234be0\" data-element_type=\"widget\" data-e-type=\"widget\" data-widget_type=\"text-editor.default\">\n\t\t\t\t\t\t\t\t\t<h2 data-start=\"119\" data-end=\"150\">\ud83d\udcac Aidez-nous \u00e0 am\u00e9liorer cet outil<\/h2><p data-start=\"151\" data-end=\"316\">Nous concevons des outils <strong data-start=\"172\" data-end=\"201\">pour les artistes, avec les artistes<\/strong>.<br data-start=\"202\" data-end=\"205\" \/>Si vous avez des commentaires, des demandes de fonctionnalit\u00e9s ou des id\u00e9es que vous souhaiteriez nous soumettre, <strong data-start=\"290\" data-end=\"316\">n'h\u00e9sitez pas, nous lisons tous les messages.<\/strong><\/p><p data-start=\"338\" data-end=\"366\">\u00a0<\/p>\t\t\t\t\t\t\t\t<\/div>\n\t\t\t\t<div class=\"elementor-element elementor-element-23822a4 elementor-widget elementor-widget-shortcode\" data-id=\"23822a4\" data-element_type=\"widget\" data-e-type=\"widget\" data-widget_type=\"shortcode.default\">\n\t\t\t\t\t\t\t<div class=\"elementor-shortcode\"><div class=\"forminator-ui forminator-custom-form forminator-custom-form-17596 forminator-design--default  forminator_ajax\" data-forminator-render=\"0\" data-form=\"forminator-module-17596\" data-uid=\"69ebc2dd6b4fb\"><br\/><\/div><form\n\t\t\t\tid=\"forminator-module-17596\"\n\t\t\t\tclass=\"forminator-ui forminator-custom-form forminator-custom-form-17596 forminator-design--default  forminator_ajax\"\n\t\t\t\tmethod=\"post\"\n\t\t\t\tdata-forminator-render=\"0\"\n\t\t\t\tdata-form-id=\"17596\"\n\t\t\t\t data-color-option=\"theme\" data-design=\"default\" data-grid=\"open\" style=\"display: none;\"\n\t\t\t\tdata-uid=\"69ebc2dd6b4fb\" action=\"\"\n\t\t\t><div role=\"alert\" aria-live=\"polite\" class=\"forminator-response-message forminator-error\" aria-hidden=\"true\"><\/div><div class=\"forminator-row\"><div id=\"name-1\" class=\"forminator-field-name forminator-col forminator-col-6\"><div class=\"forminator-field\"><label for=\"forminator-field-name-1_69ebc2dd6b4fb\" id=\"forminator-field-name-1_69ebc2dd6b4fb-label\" class=\"forminator-label\">Qui \u00eates-vous?<\/label><input type=\"text\" name=\"name-1\" value=\"\" placeholder=\"\" id=\"forminator-field-name-1_69ebc2dd6b4fb\" class=\"forminator-input forminator-name--field\" aria-required=\"false\" autocomplete=\"name\" \/><\/div><\/div><div id=\"email-1\" class=\"forminator-field-email forminator-col forminator-col-6\"><div class=\"forminator-field\"><label for=\"forminator-field-email-1_69ebc2dd6b4fb\" id=\"forminator-field-email-1_69ebc2dd6b4fb-label\" class=\"forminator-label\">Adresse courriel <span class=\"forminator-required\">*<\/span><\/label><input type=\"email\" name=\"email-1\" value=\"\" placeholder=\"\" id=\"forminator-field-email-1_69ebc2dd6b4fb\" class=\"forminator-input forminator-email--field\" data-required=\"true\" aria-required=\"true\" autocomplete=\"email\" \/><\/div><\/div><\/div><div class=\"forminator-row\"><div id=\"checkbox-1\" class=\"forminator-field-checkbox forminator-col forminator-col-12\"><div role=\"group\" class=\"forminator-field\" aria-labelledby=\"forminator-checkbox-group-forminator-field-checkbox-1-69ebc2dd6b4fb-label\"><span id=\"forminator-checkbox-group-forminator-field-checkbox-1-69ebc2dd6b4fb-label\" class=\"forminator-label\">Outils<\/span><label id=\"forminator-field-checkbox-1-1-69ebc2dd6b4fb-label\" for=\"forminator-field-checkbox-1-1-69ebc2dd6b4fb\" class=\"forminator-checkbox\" title=\"MawuARtview\"><input type=\"checkbox\" name=\"checkbox-1[]\" value=\"MawuARtview\" id=\"forminator-field-checkbox-1-1-69ebc2dd6b4fb\" aria-labelledby=\"forminator-field-checkbox-1-1-69ebc2dd6b4fb-label\" data-calculation=\"0\"  \/><span class=\"forminator-checkbox-box\" aria-hidden=\"true\"><\/span><span class=\"forminator-checkbox-label\">MawuARtview<\/span><\/label><\/div><\/div><\/div><div class=\"forminator-row\"><div id=\"textarea-1\" class=\"forminator-field-textarea forminator-col forminator-col-12\"><div class=\"forminator-field\"><label for=\"forminator-field-textarea-1_69ebc2dd6b4fb\" id=\"forminator-field-textarea-1_69ebc2dd6b4fb-label\" class=\"forminator-label\">Qu'avez-vous pens\u00e9 de l'application?<\/label><textarea name=\"textarea-1\" placeholder=\"\" id=\"forminator-field-textarea-1_69ebc2dd6b4fb\" class=\"forminator-textarea\" rows=\"6\" style=\"--forminator-textarea-min-height:140px;\" ><\/textarea><\/div><\/div><\/div><div class=\"forminator-row\"><div id=\"textarea-2\" class=\"forminator-field-textarea forminator-col forminator-col-12\"><div class=\"forminator-field\"><label for=\"forminator-field-textarea-2_69ebc2dd6b4fb\" id=\"forminator-field-textarea-2_69ebc2dd6b4fb-label\" class=\"forminator-label\">Quelle fonctionnalit\u00e9 aimeriez-vous voir ajout\u00e9e?<\/label><textarea name=\"textarea-2\" placeholder=\"\" id=\"forminator-field-textarea-2_69ebc2dd6b4fb\" class=\"forminator-textarea\" rows=\"6\" style=\"--forminator-textarea-min-height:140px;\" ><\/textarea><\/div><\/div><\/div><div class=\"forminator-row\" style=\"margin: 0;\"><div id=\"captcha-1\" class=\"forminator-field-captcha  forminator-col-12\"><div class=\"forminator-captcha-center forminator-g-recaptcha recaptcha-invisible\" data-theme=\"light\" data-badge=\"bottomright\" data-sitekey=\"6Lc_dCEsAAAAAOKi8wDaHsQuP4sA6Ut_bPMc1KTv\" data-size=\"invisible\"><\/div> <\/div><\/div><input type=\"hidden\" name=\"referer_url\" value=\"\" \/><div class=\"forminator-row forminator-row-last\"><div class=\"forminator-col\"><div class=\"forminator-field\"><button class=\"forminator-button forminator-button-submit\">Envoyer<\/button><\/div><\/div><\/div><input type=\"hidden\" id=\"forminator_nonce\" name=\"forminator_nonce\" value=\"807e10d8ee\" \/><input type=\"hidden\" name=\"_wp_http_referer\" value=\"\/fr\/wp-json\/wp\/v2\/pages\/17587\" \/><input type=\"hidden\" name=\"form_id\" value=\"17596\"><input type=\"hidden\" name=\"page_id\" value=\"17587\"><input type=\"hidden\" name=\"form_type\" value=\"default\"><input type=\"hidden\" name=\"current_url\" value=\"https:\/\/mawuartgallery.com\/fr\/mawuartview-app\/\"><input type=\"hidden\" name=\"render_id\" value=\"0\"><input type=\"hidden\" name=\"action\" value=\"forminator_submit_form_custom-forms\"><input type=\"hidden\" name=\"trp-form-language\" value=\"fr\"\/><\/form><\/div>\n\t\t\t\t\t\t<\/div>\n\t\t\t\t<div class=\"elementor-element elementor-element-69237c2 elementor-widget elementor-widget-text-editor\" data-id=\"69237c2\" data-element_type=\"widget\" data-e-type=\"widget\" data-widget_type=\"text-editor.default\">\n\t\t\t\t\t\t\t\t\t<p data-start=\"151\" data-end=\"316\">\u00a0<\/p><h3 data-start=\"318\" data-end=\"337\">\ud83d\udce9 Besoin d'aide?<\/h3><p data-start=\"338\" data-end=\"366\">Communiquez avec nous <span style=\"text-decoration: underline;\"><a href=\"https:\/\/mawuartgallery.com\/fr\/%f0%9f%93%a9contact-us\/\"><strong data-start=\"357\" data-end=\"365\">ici<\/strong><\/a><\/span>.<\/p>\t\t\t\t\t\t\t\t<\/div>\n\t\t\t\t<div class=\"elementor-element elementor-element-233dfd6 elementor-widget elementor-widget-ginevra_core_separator\" data-id=\"233dfd6\" data-element_type=\"widget\" data-e-type=\"widget\" data-widget_type=\"ginevra_core_separator.default\">\n\t\t\t\t<div class=\"elementor-widget-container\">\n\t\t\t\t\t<div class=\"qodef-shortcode qodef-m qodef-separator clear\">\n\t<div class=\"qodef-m-line\" ><\/div>\n<\/div>\n\t\t\t\t<\/div>\n\t\t\t\t<\/div>\n\t\t\t\t\t<\/div>\n\t\t<\/div>\n\t\t\t\t\t<\/div>\n\t\t<\/section>\n\t\t\t\t<section class=\"elementor-section elementor-top-section elementor-element elementor-element-d407a49 elementor-section-boxed elementor-section-height-default elementor-section-height-default qodef-elementor-content-no\" data-id=\"d407a49\" data-element_type=\"section\" data-e-type=\"section\">\n\t\t\t\t\t\t<div class=\"elementor-container elementor-column-gap-default\">\n\t\t\t\t\t<div class=\"elementor-column elementor-col-100 elementor-top-column elementor-element elementor-element-cab0b0b\" data-id=\"cab0b0b\" data-element_type=\"column\" data-e-type=\"column\">\n\t\t\t<div class=\"elementor-widget-wrap\">\n\t\t\t\t\t\t\t<\/div>\n\t\t<\/div>\n\t\t\t\t\t<\/div>\n\t\t<\/section>\n\t\t\t\t<section class=\"elementor-section elementor-top-section elementor-element elementor-element-a365efb elementor-section-boxed elementor-section-height-default elementor-section-height-default qodef-elementor-content-no\" data-id=\"a365efb\" data-element_type=\"section\" data-e-type=\"section\">\n\t\t\t\t\t\t<div class=\"elementor-container elementor-column-gap-default\">\n\t\t\t\t\t<div class=\"elementor-column elementor-col-100 elementor-top-column elementor-element elementor-element-58270c6\" data-id=\"58270c6\" data-element_type=\"column\" data-e-type=\"column\">\n\t\t\t<div class=\"elementor-widget-wrap\">\n\t\t\t\t\t\t\t<\/div>\n\t\t<\/div>\n\t\t\t\t\t<\/div>\n\t\t<\/section>\n\t\t\t\t<\/div>","protected":false},"excerpt":{"rendered":"<p>A beautifully crafted app that lets you preview artwork on your wall \u2014 at true scale, in your space. OVERVIEW MawuARtview\u00a0is a beautifully designed mobile app that allows art lovers to preview artwork directly on their own wall \u2014 instantly. Start with a simple 2D preview by uploading a photo of your space.Then switch to [&hellip;]<\/p>\n","protected":false},"author":1,"featured_media":0,"parent":0,"menu_order":0,"comment_status":"closed","ping_status":"closed","template":"","meta":{"nf_dc_page":"","footnotes":""},"class_list":["post-17587","page","type-page","status-publish","hentry"],"_links":{"self":[{"href":"https:\/\/mawuartgallery.com\/fr\/wp-json\/wp\/v2\/pages\/17587","targetHints":{"allow":["GET"]}}],"collection":[{"href":"https:\/\/mawuartgallery.com\/fr\/wp-json\/wp\/v2\/pages"}],"about":[{"href":"https:\/\/mawuartgallery.com\/fr\/wp-json\/wp\/v2\/types\/page"}],"author":[{"embeddable":true,"href":"https:\/\/mawuartgallery.com\/fr\/wp-json\/wp\/v2\/users\/1"}],"replies":[{"embeddable":true,"href":"https:\/\/mawuartgallery.com\/fr\/wp-json\/wp\/v2\/comments?post=17587"}],"version-history":[{"count":5,"href":"https:\/\/mawuartgallery.com\/fr\/wp-json\/wp\/v2\/pages\/17587\/revisions"}],"predecessor-version":[{"id":17957,"href":"https:\/\/mawuartgallery.com\/fr\/wp-json\/wp\/v2\/pages\/17587\/revisions\/17957"}],"wp:attachment":[{"href":"https:\/\/mawuartgallery.com\/fr\/wp-json\/wp\/v2\/media?parent=17587"}],"curies":[{"name":"wp","href":"https:\/\/api.w.org\/{rel}","templated":true}]}}