{"id":17002,"date":"2025-12-01T15:30:09","date_gmt":"2025-12-01T19:30:09","guid":{"rendered":"https:\/\/mawuartgallery.com\/?page_id=17002"},"modified":"2025-12-01T17:33:52","modified_gmt":"2025-12-01T21:33:52","slug":"ourcorevalues","status":"publish","type":"page","link":"https:\/\/mawuartgallery.com\/fr\/ourcorevalues\/","title":{"rendered":"NOS VALEURS FONDAMENTALES"},"content":{"rendered":"<div data-elementor-type=\"wp-page\" data-elementor-id=\"17002\" class=\"elementor elementor-17002\">\n\t\t\t\t\t\t<section class=\"elementor-section elementor-top-section elementor-element elementor-element-1ca38d8 elementor-section-boxed elementor-section-height-default elementor-section-height-default qodef-elementor-content-no\" data-id=\"1ca38d8\" data-element_type=\"section\" data-e-type=\"section\">\n\t\t\t\t\t\t<div class=\"elementor-container elementor-column-gap-default\">\n\t\t\t\t\t<div class=\"elementor-column elementor-col-100 elementor-top-column elementor-element elementor-element-c49ec71\" data-id=\"c49ec71\" data-element_type=\"column\" data-e-type=\"column\">\n\t\t\t<div class=\"elementor-widget-wrap elementor-element-populated\">\n\t\t\t\t\t\t<div class=\"elementor-element elementor-element-fdc01b4 elementor-widget elementor-widget-image\" data-id=\"fdc01b4\" data-element_type=\"widget\" data-e-type=\"widget\" data-widget_type=\"image.default\">\n\t\t\t\t\t\t\t\t\t\t\t\t\t\t\t<img decoding=\"async\" width=\"200\" height=\"200\" data-src=\"https:\/\/mawuartgallery.com\/wp-content\/uploads\/2025\/12\/nkotimsefo-mpua-medium.png\" class=\"attachment-large size-large wp-image-17004 lazyload\" alt=\"\" data-srcset=\"https:\/\/mawuartgallery.com\/wp-content\/uploads\/2025\/12\/nkotimsefo-mpua-medium.png 200w, https:\/\/mawuartgallery.com\/wp-content\/uploads\/2025\/12\/nkotimsefo-mpua-medium-150x150.png 150w, https:\/\/mawuartgallery.com\/wp-content\/uploads\/2025\/12\/nkotimsefo-mpua-medium-12x12.png 12w, https:\/\/mawuartgallery.com\/wp-content\/uploads\/2025\/12\/nkotimsefo-mpua-medium-100x100.png 100w\" data-sizes=\"(max-width: 200px) 100vw, 200px\" src=\"data:image\/svg+xml;base64,PHN2ZyB3aWR0aD0iMSIgaGVpZ2h0PSIxIiB4bWxucz0iaHR0cDovL3d3dy53My5vcmcvMjAwMC9zdmciPjwvc3ZnPg==\" style=\"--smush-placeholder-width: 200px; --smush-placeholder-aspect-ratio: 200\/200;\" \/>\t\t\t\t\t\t\t\t\t\t\t\t\t\t\t<\/div>\n\t\t\t\t<div class=\"elementor-element elementor-element-dc54bc5 elementor-widget elementor-widget-text-editor\" data-id=\"dc54bc5\" data-element_type=\"widget\" data-e-type=\"widget\" data-widget_type=\"text-editor.default\">\n\t\t\t\t\t\t\t\t\t<h6 data-start=\"133\" data-end=\"283\">\u00c0 Mawu Art Gallery, l'art est plus qu'un simple objet \u00e0 accrocher au mur : c'est une relation fond\u00e9e sur des valeurs claires.<br data-start=\"244\" data-end=\"247\" \/>Voici ce qui guide toutes nos actions :<\/h6><h6 data-start=\"285\" data-end=\"423\"><strong data-start=\"285\" data-end=\"296\">Honn\u00eatet\u00e9<\/strong><\/h6><p data-start=\"285\" data-end=\"423\">Nous communiquons en toute transparence sur nos artistes, leur travail et nos prix, afin que vous sachiez toujours exactement ce que vous choisissez.<\/p><h6 data-start=\"425\" data-end=\"556\"><strong data-start=\"425\" data-end=\"438\">Int\u00e9grit\u00e9<\/strong><\/h6><p data-start=\"425\" data-end=\"556\">Nous tenons parole, traitons chaque artiste, amateur d'art et collectionneur avec respect, et prenons des d\u00e9cisions que nous pouvons assumer \u00e0 long terme.<\/p><h6 data-start=\"558\" data-end=\"700\"><strong data-start=\"558\" data-end=\"572\">Discipline<\/strong><\/h6><p data-start=\"558\" data-end=\"700\">Derri\u00e8re chaque projet se cachent un travail quotidien, une organisation et une attention particuli\u00e8re, de la s\u00e9lection \u00e0 l'exp\u00e9dition, afin que votre exp\u00e9rience soit la plus fluide possible.<\/p><h6 data-start=\"702\" data-end=\"817\"><strong data-start=\"702\" data-end=\"713\">Service<\/strong><\/h6><p data-start=\"702\" data-end=\"817\">Nous sommes l\u00e0 pour vous aider, que vous achetiez votre premi\u00e8re \u0153uvre ou que vous enrichissiez une collection de toute une vie.<\/p><h6 data-start=\"819\" data-end=\"957\"><strong data-start=\"819\" data-end=\"835\">Authenticit\u00e9<\/strong><\/h6><p data-start=\"819\" data-end=\"957\">Nous c\u00e9l\u00e9brons les r\u00e9cits vrais, les artistes sinc\u00e8res et les \u00e9motions \u00e0 nu, loin des tendances et des artifices, et pr\u00e8s de l\u2019art qui na\u00eet de l\u2019\u00e2me.<\/p>\t\t\t\t\t\t\t\t<\/div>\n\t\t\t\t\t<\/div>\n\t\t<\/div>\n\t\t\t\t\t<\/div>\n\t\t<\/section>\n\t\t\t\t<\/div>","protected":false},"excerpt":{"rendered":"<p>At Mawu Art Gallery, art is more than something you hang on a wall \u2014 it\u2019s a relationship built on clear values.Here\u2019s what guides everything we do: Honesty We communicate transparently about our artists, their work, and our prices, so you always know exactly what you\u2019re choosing. Integrity We honor our word, treat every artist [&hellip;]<\/p>\n","protected":false},"author":1,"featured_media":0,"parent":0,"menu_order":0,"comment_status":"closed","ping_status":"closed","template":"","meta":{"nf_dc_page":"","footnotes":""},"class_list":["post-17002","page","type-page","status-publish","hentry"],"_links":{"self":[{"href":"https:\/\/mawuartgallery.com\/fr\/wp-json\/wp\/v2\/pages\/17002","targetHints":{"allow":["GET"]}}],"collection":[{"href":"https:\/\/mawuartgallery.com\/fr\/wp-json\/wp\/v2\/pages"}],"about":[{"href":"https:\/\/mawuartgallery.com\/fr\/wp-json\/wp\/v2\/types\/page"}],"author":[{"embeddable":true,"href":"https:\/\/mawuartgallery.com\/fr\/wp-json\/wp\/v2\/users\/1"}],"replies":[{"embeddable":true,"href":"https:\/\/mawuartgallery.com\/fr\/wp-json\/wp\/v2\/comments?post=17002"}],"version-history":[{"count":5,"href":"https:\/\/mawuartgallery.com\/fr\/wp-json\/wp\/v2\/pages\/17002\/revisions"}],"predecessor-version":[{"id":17022,"href":"https:\/\/mawuartgallery.com\/fr\/wp-json\/wp\/v2\/pages\/17002\/revisions\/17022"}],"wp:attachment":[{"href":"https:\/\/mawuartgallery.com\/fr\/wp-json\/wp\/v2\/media?parent=17002"}],"curies":[{"name":"wp","href":"https:\/\/api.w.org\/{rel}","templated":true}]}}