{"id":16914,"date":"2025-11-28T12:52:51","date_gmt":"2025-11-28T16:52:51","guid":{"rendered":"https:\/\/mawuartgallery.com\/?page_id=16914"},"modified":"2026-03-25T15:59:47","modified_gmt":"2026-03-25T19:59:47","slug":"view-in-your-space-plugin","status":"publish","type":"page","link":"https:\/\/mawuartgallery.com\/fr\/view-in-your-space-plugin\/","title":{"rendered":"PLUGIN - VIEW IN YOUR SPACE"},"content":{"rendered":"<div data-elementor-type=\"wp-page\" data-elementor-id=\"16914\" class=\"elementor elementor-16914\">\n\t\t\t\t\t\t<section class=\"elementor-section elementor-top-section elementor-element elementor-element-1ca38d8 elementor-section-boxed elementor-section-height-default elementor-section-height-default qodef-elementor-content-no\" data-id=\"1ca38d8\" data-element_type=\"section\" data-e-type=\"section\">\n\t\t\t\t\t\t<div class=\"elementor-container elementor-column-gap-default\">\n\t\t\t\t\t<div class=\"elementor-column elementor-col-100 elementor-top-column elementor-element elementor-element-c49ec71\" data-id=\"c49ec71\" data-element_type=\"column\" data-e-type=\"column\">\n\t\t\t<div class=\"elementor-widget-wrap elementor-element-populated\">\n\t\t\t\t\t\t<div class=\"elementor-element elementor-element-f6c23f0 elementor-widget elementor-widget-image\" data-id=\"f6c23f0\" data-element_type=\"widget\" data-e-type=\"widget\" data-widget_type=\"image.default\">\n\t\t\t\t\t\t\t\t\t\t\t\t\t\t\t<img fetchpriority=\"high\" decoding=\"async\" width=\"1024\" height=\"699\" src=\"https:\/\/mawuartgallery.com\/wp-content\/uploads\/2026\/03\/ViewInYourSpace_final-1024x699.png\" class=\"attachment-large size-large wp-image-17919\" alt=\"\" srcset=\"https:\/\/mawuartgallery.com\/wp-content\/uploads\/2026\/03\/ViewInYourSpace_final-1024x699.png 1024w, https:\/\/mawuartgallery.com\/wp-content\/uploads\/2026\/03\/ViewInYourSpace_final-300x205.png 300w, https:\/\/mawuartgallery.com\/wp-content\/uploads\/2026\/03\/ViewInYourSpace_final-768x524.png 768w, https:\/\/mawuartgallery.com\/wp-content\/uploads\/2026\/03\/ViewInYourSpace_final-18x12.png 18w, https:\/\/mawuartgallery.com\/wp-content\/uploads\/2026\/03\/ViewInYourSpace_final-600x410.png 600w, https:\/\/mawuartgallery.com\/wp-content\/uploads\/2026\/03\/ViewInYourSpace_final.png 1500w\" sizes=\"(max-width: 1024px) 100vw, 1024px\" \/>\t\t\t\t\t\t\t\t\t\t\t\t\t\t\t<\/div>\n\t\t\t\t<div class=\"elementor-element elementor-element-1a1647e elementor-widget elementor-widget-heading\" data-id=\"1a1647e\" data-element_type=\"widget\" data-e-type=\"widget\" data-widget_type=\"heading.default\">\n\t\t\t\t\t<h4 class=\"elementor-heading-title elementor-size-default\">Un outil simple et \u00e9l\u00e9gant qui permet \u00e0 vos clients de visualiser instantan\u00e9ment vos \u0153uvres directement sur leurs murs.\n<\/h4>\t\t\t\t<\/div>\n\t\t\t\t<div class=\"elementor-element elementor-element-dc54bc5 elementor-widget elementor-widget-text-editor\" data-id=\"dc54bc5\" data-element_type=\"widget\" data-e-type=\"widget\" data-widget_type=\"text-editor.default\">\n\t\t\t\t\t\t\t\t\t<h2>\u00a0<\/h2><h2>Aper\u00e7u<\/h2><p><strong data-start=\"728\" data-end=\"761\">Mawu Art \u2013 View in Your\u00a0<\/strong><span style=\"box-sizing: border-box; margin: 0px; padding: 0px;\"><strong>Space <\/strong>lets your customers upload or take a photo of their wall and place your artwork on<\/span>\u00a0it \u2014 at the right scale, in seconds.<\/p><h2 data-start=\"476\" data-end=\"497\">\u00c0 qui s'adresse-t-il?<\/h2><p data-start=\"499\" data-end=\"670\">\ud83c\udfa8 Visual artists<br data-start=\"1013\" data-end=\"1016\" \/>\ud83d\uddbc\ufe0f Art galleries<br data-start=\"1033\" data-end=\"1036\" \/>\u270d\ufe0f Creators selling prints or originals<br data-start=\"1075\" data-end=\"1078\" \/>\ud83d\uded2 Anyone using WooCommerce to sell artwork, photography, or wall d\u00e9cor<\/p><hr data-start=\"672\" data-end=\"675\" \/><h2 data-section-id=\"1pkc0b8\" data-start=\"1158\" data-end=\"1172\">\u2699\ufe0f Features<\/h2><p data-start=\"1174\" data-end=\"1549\">\u2714\ufe0f Uses your WooCommerce featured image automatically<br data-start=\"1227\" data-end=\"1230\" \/>\u2714\ufe0f Upload or capture a wall photo instantly<br data-start=\"1273\" data-end=\"1276\" \/>\u2714\ufe0f Drag to position artwork naturally<br data-start=\"1313\" data-end=\"1316\" \/>\u2714\ufe0f Smooth resize (pinch on mobile \/ scroll on desktop)<br data-start=\"1370\" data-end=\"1373\" \/>\u2714\ufe0f Frame options: none, black, white, gold<br data-start=\"1415\" data-end=\"1418\" \/>\u2714\ufe0f Save the final preview as an image<br data-start=\"1455\" data-end=\"1458\" \/>\u2714\ufe0f Works with any WooCommerce-compatible theme<\/p>\t\t\t\t\t\t\t\t<\/div>\n\t\t\t\t<div class=\"elementor-element elementor-element-c542ba3 elementor-widget elementor-widget-image\" data-id=\"c542ba3\" data-element_type=\"widget\" data-e-type=\"widget\" data-widget_type=\"image.default\">\n\t\t\t\t\t\t\t\t\t\t\t\t\t\t\t<img decoding=\"async\" width=\"350\" height=\"64\" data-src=\"https:\/\/mawuartgallery.com\/wp-content\/uploads\/2025\/11\/screenshot-7.png\" class=\"attachment-full size-full wp-image-16929 lazyload\" alt=\"\" data-srcset=\"https:\/\/mawuartgallery.com\/wp-content\/uploads\/2025\/11\/screenshot-7.png 350w, https:\/\/mawuartgallery.com\/wp-content\/uploads\/2025\/11\/screenshot-7-300x55.png 300w, https:\/\/mawuartgallery.com\/wp-content\/uploads\/2025\/11\/screenshot-7-18x3.png 18w\" data-sizes=\"(max-width: 350px) 100vw, 350px\" src=\"data:image\/svg+xml;base64,PHN2ZyB3aWR0aD0iMSIgaGVpZ2h0PSIxIiB4bWxucz0iaHR0cDovL3d3dy53My5vcmcvMjAwMC9zdmciPjwvc3ZnPg==\" style=\"--smush-placeholder-width: 350px; --smush-placeholder-aspect-ratio: 350\/64;\" \/>\t\t\t\t\t\t\t\t\t\t\t\t\t\t\t<\/div>\n\t\t\t\t<div class=\"elementor-element elementor-element-f3c178c elementor-widget elementor-widget-text-editor\" data-id=\"f3c178c\" data-element_type=\"widget\" data-e-type=\"widget\" data-widget_type=\"text-editor.default\">\n\t\t\t\t\t\t\t\t\t<h2 data-start=\"66\" data-end=\"99\">Comment le plugin fonctionne-t-il (\u00e9tape par \u00e9tape)?<\/h2><p data-start=\"101\" data-end=\"555\">1\ufe0f\u20e3 Open any product page<br data-start=\"1601\" data-end=\"1604\" \/>2\ufe0f\u20e3 Click <strong data-start=\"1614\" data-end=\"1638\">Voir dans votre espace<\/strong><br data-start=\"1638\" data-end=\"1641\" \/>3\ufe0f\u20e3 Upload or take a photo of your wall<br data-start=\"1680\" data-end=\"1683\" \/>4\ufe0f\u20e3 Position the artwork exactly where you want it<br data-start=\"1733\" data-end=\"1736\" \/>5\ufe0f\u20e3 Adjust the size to match your space<br data-start=\"1775\" data-end=\"1778\" \/>6\ufe0f\u20e3 Choose a frame style<br data-start=\"1802\" data-end=\"1805\" \/>7\ufe0f\u20e3 Save your preview or exit anytime<\/p>\t\t\t\t\t\t\t\t<\/div>\n\t\t\t\t<div class=\"elementor-element elementor-element-5f65232 elementor-widget__width-initial elementor-widget elementor-widget-ginevra_core_video_holder\" data-id=\"5f65232\" data-element_type=\"widget\" data-e-type=\"widget\" data-widget_type=\"ginevra_core_video_holder.default\">\n\t\t\t\t<div class=\"elementor-widget-container\">\n\t\t\t\t\t<span class=\"qodef-shortcode qodef-m qodef-video-holder qodef--appear-left\">\n\t\n    <span class=\"qodef-m-video\">\n        <video autoplay=\"autoplay\" loop=\"loop\" muted=\"muted\" playsinline=\"\" >\n            <source src=\"https:\/\/mawuartgallery.com\/wp-content\/uploads\/2026\/01\/ViewInYourSpace_Demo.mp4\">\n        <\/video>\n    <\/span>\n<\/span>\t\t\t\t<\/div>\n\t\t\t\t<\/div>\n\t\t\t\t<div class=\"elementor-element elementor-element-d38978f elementor-widget elementor-widget-spacer\" data-id=\"d38978f\" data-element_type=\"widget\" data-e-type=\"widget\" data-widget_type=\"spacer.default\">\n\t\t\t\t\t\t\t<div class=\"elementor-spacer\">\n\t\t\t<div class=\"elementor-spacer-inner\"><\/div>\n\t\t<\/div>\n\t\t\t\t\t\t<\/div>\n\t\t\t\t<div class=\"elementor-element elementor-element-b53c705 elementor-widget elementor-widget-ginevra_core_button\" data-id=\"b53c705\" data-element_type=\"widget\" data-e-type=\"widget\" data-widget_type=\"ginevra_core_button.default\">\n\t\t\t\t<div class=\"elementor-widget-container\">\n\t\t\t\t\t<a class=\"qodef-shortcode qodef-m qodef-button qodef-layout--filled qodef-size--full qodef-html--link\" href=\"https:\/\/wordpress.org\/plugins\/mawu-art\/\" target=\"_blank\"  style=\"background-color: #A6821F\">\n\t<span class=\"qodef-m-text\">T\u00e9l\u00e9chargez le plugin ici<\/span>\n<\/a>\n\t\t\t\t<\/div>\n\t\t\t\t<\/div>\n\t\t\t\t<div class=\"elementor-element elementor-element-c783bbd elementor-widget elementor-widget-text-editor\" data-id=\"c783bbd\" data-element_type=\"widget\" data-e-type=\"widget\" data-widget_type=\"text-editor.default\">\n\t\t\t\t\t\t\t\t\t<h2 data-start=\"165\" data-end=\"196\">Foire aux questions<\/h2><h4 data-start=\"198\" data-end=\"244\"><strong data-start=\"202\" data-end=\"242\">Quelle image le plugin utilise-t-il?<\/strong><\/h4><p data-start=\"245\" data-end=\"405\">Le plugin utilse automatiquement l' <strong data-start=\"279\" data-end=\"297\">image principale<\/strong> de votre produit dans votre magasin WooCommerce.<br data-start=\"326\" data-end=\"329\" \/>Aucune configuration n\u00e9cessaire. Assurez-vous simplement qu'une image principale soit attribu\u00e9e \u00e0 votre \u0153uvre.<\/p><hr data-start=\"407\" data-end=\"410\" \/><h4 data-start=\"412\" data-end=\"463\"><strong data-start=\"416\" data-end=\"461\">Le plugin fonctionne-t-il avec n'importe quel th\u00e8me WordPress?<\/strong><\/h4><p data-start=\"464\" data-end=\"618\">Oui.<br data-start=\"2228\" data-end=\"2231\" \/>As long as your theme supports the standard WooCommerce product page, everything works seamlessly.<\/p><hr data-start=\"620\" data-end=\"623\" \/><h4 data-start=\"625\" data-end=\"669\"><strong data-start=\"629\" data-end=\"667\">Is this a live preview experience?<\/strong><\/h4><p data-start=\"670\" data-end=\"851\">Yes \u2014 the plugin provides a real-time preview of the artwork within a photo of your space.<br data-start=\"2465\" data-end=\"2468\" \/>It\u2019s designed to be fast, intuitive, and accessible on any device, without requiring complex setup.<\/p>\t\t\t\t\t\t\t\t<\/div>\n\t\t\t\t<div class=\"elementor-element elementor-element-e234be0 elementor-widget elementor-widget-text-editor\" data-id=\"e234be0\" data-element_type=\"widget\" data-e-type=\"widget\" data-widget_type=\"text-editor.default\">\n\t\t\t\t\t\t\t\t\t<h2 data-start=\"119\" data-end=\"150\">\ud83d\udcac Aidez-nous \u00e0 am\u00e9liorer cet outil<\/h2><p data-start=\"2604\" data-end=\"2653\">We\u2019re building tools for artists, with artists.<\/p><p data-start=\"2655\" data-end=\"2738\">If you have feedback, ideas, or features you\u2019d love to see \u2014 we read every message.<\/p><p data-start=\"338\" data-end=\"366\">\u00a0<\/p>\t\t\t\t\t\t\t\t<\/div>\n\t\t\t\t<div class=\"elementor-element elementor-element-23822a4 elementor-widget elementor-widget-shortcode\" data-id=\"23822a4\" data-element_type=\"widget\" data-e-type=\"widget\" data-widget_type=\"shortcode.default\">\n\t\t\t\t\t\t\t<div class=\"elementor-shortcode\"><div class=\"forminator-ui forminator-custom-form forminator-custom-form-16957 forminator-design--default  forminator_ajax\" data-forminator-render=\"0\" data-form=\"forminator-module-16957\" data-uid=\"69ebc2df14cd7\"><br\/><\/div><form\n\t\t\t\tid=\"forminator-module-16957\"\n\t\t\t\tclass=\"forminator-ui forminator-custom-form forminator-custom-form-16957 forminator-design--default  forminator_ajax\"\n\t\t\t\tmethod=\"post\"\n\t\t\t\tdata-forminator-render=\"0\"\n\t\t\t\tdata-form-id=\"16957\"\n\t\t\t\t data-color-option=\"theme\" data-design=\"default\" data-grid=\"open\" style=\"display: none;\"\n\t\t\t\tdata-uid=\"69ebc2df14cd7\" action=\"\"\n\t\t\t><div role=\"alert\" aria-live=\"polite\" class=\"forminator-response-message forminator-error\" aria-hidden=\"true\"><\/div><div class=\"forminator-row\"><div id=\"name-1\" class=\"forminator-field-name forminator-col forminator-col-6\"><div class=\"forminator-field\"><label for=\"forminator-field-name-1_69ebc2df14cd7\" id=\"forminator-field-name-1_69ebc2df14cd7-label\" class=\"forminator-label\">Qui \u00eates-vous?<\/label><input type=\"text\" name=\"name-1\" value=\"\" placeholder=\"\" id=\"forminator-field-name-1_69ebc2df14cd7\" class=\"forminator-input forminator-name--field\" aria-required=\"false\" autocomplete=\"name\" \/><\/div><\/div><div id=\"email-1\" class=\"forminator-field-email forminator-col forminator-col-6\"><div class=\"forminator-field\"><label for=\"forminator-field-email-1_69ebc2df14cd7\" id=\"forminator-field-email-1_69ebc2df14cd7-label\" class=\"forminator-label\">Adresse courriel <span class=\"forminator-required\">*<\/span><\/label><input type=\"email\" name=\"email-1\" value=\"\" placeholder=\"\" id=\"forminator-field-email-1_69ebc2df14cd7\" class=\"forminator-input forminator-email--field\" data-required=\"true\" aria-required=\"true\" autocomplete=\"email\" \/><\/div><\/div><\/div><div class=\"forminator-row\"><div id=\"checkbox-1\" class=\"forminator-field-checkbox forminator-col forminator-col-12\"><div role=\"group\" class=\"forminator-field\" aria-labelledby=\"forminator-checkbox-group-forminator-field-checkbox-1-69ebc2df14cd7-label\"><span id=\"forminator-checkbox-group-forminator-field-checkbox-1-69ebc2df14cd7-label\" class=\"forminator-label\">Outils<\/span><label id=\"forminator-field-checkbox-1-1-69ebc2df14cd7-label\" for=\"forminator-field-checkbox-1-1-69ebc2df14cd7\" class=\"forminator-checkbox\" title=\"Mawu Art - View in your space\"><input type=\"checkbox\" name=\"checkbox-1[]\" value=\"service-1\" id=\"forminator-field-checkbox-1-1-69ebc2df14cd7\" aria-labelledby=\"forminator-field-checkbox-1-1-69ebc2df14cd7-label\" data-calculation=\"0\"  \/><span class=\"forminator-checkbox-box\" aria-hidden=\"true\"><\/span><span class=\"forminator-checkbox-label\">Mawu Art - View in your space<\/span><\/label><\/div><\/div><\/div><div class=\"forminator-row\"><div id=\"textarea-1\" class=\"forminator-field-textarea forminator-col forminator-col-12\"><div class=\"forminator-field\"><label for=\"forminator-field-textarea-1_69ebc2df14cd7\" id=\"forminator-field-textarea-1_69ebc2df14cd7-label\" class=\"forminator-label\">Comment le plugin a-t-il fonctionn\u00e9 pour vous ?<\/label><textarea name=\"textarea-1\" placeholder=\"\" id=\"forminator-field-textarea-1_69ebc2df14cd7\" class=\"forminator-textarea\" rows=\"6\" style=\"--forminator-textarea-min-height:140px;\" ><\/textarea><\/div><\/div><\/div><div class=\"forminator-row\"><div id=\"textarea-2\" class=\"forminator-field-textarea forminator-col forminator-col-12\"><div class=\"forminator-field\"><label for=\"forminator-field-textarea-2_69ebc2df14cd7\" id=\"forminator-field-textarea-2_69ebc2df14cd7-label\" class=\"forminator-label\">Quelle fonctionnalit\u00e9 aimeriez-vous voir ajout\u00e9e?<\/label><textarea name=\"textarea-2\" placeholder=\"\" id=\"forminator-field-textarea-2_69ebc2df14cd7\" class=\"forminator-textarea\" rows=\"6\" style=\"--forminator-textarea-min-height:140px;\" ><\/textarea><\/div><\/div><\/div><div class=\"forminator-row\" style=\"margin: 0;\"><div id=\"captcha-1\" class=\"forminator-field-captcha  forminator-col-12\"><div class=\"forminator-captcha-center forminator-g-recaptcha recaptcha-invisible\" data-theme=\"light\" data-badge=\"bottomright\" data-sitekey=\"6Lc_dCEsAAAAAOKi8wDaHsQuP4sA6Ut_bPMc1KTv\" data-size=\"invisible\"><\/div> <\/div><\/div><input type=\"hidden\" name=\"referer_url\" value=\"\" \/><div class=\"forminator-row forminator-row-last\"><div class=\"forminator-col\"><div class=\"forminator-field\"><button class=\"forminator-button forminator-button-submit\">Envoyer<\/button><\/div><\/div><\/div><input type=\"hidden\" id=\"forminator_nonce\" name=\"forminator_nonce\" value=\"a486d7e131\" \/><input type=\"hidden\" name=\"_wp_http_referer\" value=\"\/fr\/wp-json\/wp\/v2\/pages\/16914\" \/><input type=\"hidden\" name=\"form_id\" value=\"16957\"><input type=\"hidden\" name=\"page_id\" value=\"16914\"><input type=\"hidden\" name=\"form_type\" value=\"default\"><input type=\"hidden\" name=\"current_url\" value=\"https:\/\/mawuartgallery.com\/fr\/view-in-your-space-plugin\/\"><input type=\"hidden\" name=\"render_id\" value=\"0\"><input type=\"hidden\" name=\"action\" value=\"forminator_submit_form_custom-forms\"><input type=\"hidden\" name=\"trp-form-language\" value=\"fr\"\/><\/form><\/div>\n\t\t\t\t\t\t<\/div>\n\t\t\t\t<div class=\"elementor-element elementor-element-69237c2 elementor-widget elementor-widget-text-editor\" data-id=\"69237c2\" data-element_type=\"widget\" data-e-type=\"widget\" data-widget_type=\"text-editor.default\">\n\t\t\t\t\t\t\t\t\t<p data-start=\"151\" data-end=\"316\">\u00a0<\/p><h3 data-start=\"318\" data-end=\"337\">\ud83d\udce9 Besoin d'aide?<\/h3><p data-start=\"338\" data-end=\"366\">Communiquez avec nous <span style=\"text-decoration: underline;\"><a href=\"https:\/\/mawuartgallery.com\/fr\/%f0%9f%93%a9contact-us\/\"><strong data-start=\"357\" data-end=\"365\">ici<\/strong><\/a><\/span>.<\/p>\t\t\t\t\t\t\t\t<\/div>\n\t\t\t\t<div class=\"elementor-element elementor-element-233dfd6 elementor-widget elementor-widget-ginevra_core_separator\" data-id=\"233dfd6\" data-element_type=\"widget\" data-e-type=\"widget\" data-widget_type=\"ginevra_core_separator.default\">\n\t\t\t\t<div class=\"elementor-widget-container\">\n\t\t\t\t\t<div class=\"qodef-shortcode qodef-m qodef-separator clear\">\n\t<div class=\"qodef-m-line\" ><\/div>\n<\/div>\n\t\t\t\t<\/div>\n\t\t\t\t<\/div>\n\t\t\t\t\t<\/div>\n\t\t<\/div>\n\t\t\t\t\t<\/div>\n\t\t<\/section>\n\t\t\t\t<section class=\"elementor-section elementor-top-section elementor-element elementor-element-d407a49 elementor-section-boxed elementor-section-height-default elementor-section-height-default qodef-elementor-content-no\" data-id=\"d407a49\" data-element_type=\"section\" data-e-type=\"section\">\n\t\t\t\t\t\t<div class=\"elementor-container elementor-column-gap-default\">\n\t\t\t\t\t<div class=\"elementor-column elementor-col-100 elementor-top-column elementor-element elementor-element-cab0b0b\" data-id=\"cab0b0b\" data-element_type=\"column\" data-e-type=\"column\">\n\t\t\t<div class=\"elementor-widget-wrap\">\n\t\t\t\t\t\t\t<\/div>\n\t\t<\/div>\n\t\t\t\t\t<\/div>\n\t\t<\/section>\n\t\t\t\t<section class=\"elementor-section elementor-top-section elementor-element elementor-element-a365efb elementor-section-boxed elementor-section-height-default elementor-section-height-default qodef-elementor-content-no\" data-id=\"a365efb\" data-element_type=\"section\" data-e-type=\"section\">\n\t\t\t\t\t\t<div class=\"elementor-container elementor-column-gap-default\">\n\t\t\t\t\t<div class=\"elementor-column elementor-col-100 elementor-top-column elementor-element elementor-element-58270c6\" data-id=\"58270c6\" data-element_type=\"column\" data-e-type=\"column\">\n\t\t\t<div class=\"elementor-widget-wrap\">\n\t\t\t\t\t\t\t<\/div>\n\t\t<\/div>\n\t\t\t\t\t<\/div>\n\t\t<\/section>\n\t\t\t\t<\/div>","protected":false},"excerpt":{"rendered":"<p>A simple, elegant tool that lets your customers preview your art directly on their walls \u2014 instantly. \u00a0 Overview Mawu Art \u2013 View in Your\u00a0Space lets your customers upload or take a photo of their wall and place your artwork on\u00a0it \u2014 at the right scale, in seconds. Who Is It For? \ud83c\udfa8 Visual artists\ud83d\uddbc\ufe0f [&hellip;]<\/p>\n","protected":false},"author":1,"featured_media":0,"parent":0,"menu_order":0,"comment_status":"closed","ping_status":"closed","template":"","meta":{"nf_dc_page":"","footnotes":""},"class_list":["post-16914","page","type-page","status-publish","hentry"],"_links":{"self":[{"href":"https:\/\/mawuartgallery.com\/fr\/wp-json\/wp\/v2\/pages\/16914","targetHints":{"allow":["GET"]}}],"collection":[{"href":"https:\/\/mawuartgallery.com\/fr\/wp-json\/wp\/v2\/pages"}],"about":[{"href":"https:\/\/mawuartgallery.com\/fr\/wp-json\/wp\/v2\/types\/page"}],"author":[{"embeddable":true,"href":"https:\/\/mawuartgallery.com\/fr\/wp-json\/wp\/v2\/users\/1"}],"replies":[{"embeddable":true,"href":"https:\/\/mawuartgallery.com\/fr\/wp-json\/wp\/v2\/comments?post=16914"}],"version-history":[{"count":5,"href":"https:\/\/mawuartgallery.com\/fr\/wp-json\/wp\/v2\/pages\/16914\/revisions"}],"predecessor-version":[{"id":17929,"href":"https:\/\/mawuartgallery.com\/fr\/wp-json\/wp\/v2\/pages\/16914\/revisions\/17929"}],"wp:attachment":[{"href":"https:\/\/mawuartgallery.com\/fr\/wp-json\/wp\/v2\/media?parent=16914"}],"curies":[{"name":"wp","href":"https:\/\/api.w.org\/{rel}","templated":true}]}}