{"id":16,"date":"2022-09-19T01:29:52","date_gmt":"2022-09-19T01:29:52","guid":{"rendered":"https:\/\/mawuartgallery.com\/cart\/"},"modified":"2024-12-19T13:36:53","modified_gmt":"2024-12-19T17:36:53","slug":"cart","status":"publish","type":"page","link":"https:\/\/mawuartgallery.com\/fr\/cart\/","title":{"rendered":"PANIER"},"content":{"rendered":"<p class=\"\"><\/p>\n\n\n\n<p class=\"\"><\/p>\n\n\n\n<figure class=\"wp-block-table\"><table><tbody><tr><td><br><strong><br>Veuillez pr\u00e9voir un d\u00e9lai de 5 jours ouvrables pour l'exp\u00e9dition une fois que vous aurez re\u00e7u la confirmation de votre achat par courriel. Vous recevrez un deuxi\u00e8me courriel avec un num\u00e9ro de suivi vous informant que votre commande a \u00e9t\u00e9 exp\u00e9di\u00e9e.<\/strong><\/td><\/tr><\/tbody><\/table><\/figure>","protected":false},"excerpt":{"rendered":"<p>Veuillez pr\u00e9voir un d\u00e9lai de 5 jours ouvrables pour l'exp\u00e9dition une fois que vous aurez re\u00e7u la confirmation de votre achat par courriel. Vous recevrez un deuxi\u00e8me courriel avec un num\u00e9ro de suivi vous informant que votre commande a \u00e9t\u00e9 exp\u00e9di\u00e9e.<\/p>","protected":false},"author":1,"featured_media":0,"parent":0,"menu_order":0,"comment_status":"closed","ping_status":"closed","template":"","meta":{"nf_dc_page":"","footnotes":""},"class_list":["post-16","page","type-page","status-publish","hentry"],"_links":{"self":[{"href":"https:\/\/mawuartgallery.com\/fr\/wp-json\/wp\/v2\/pages\/16","targetHints":{"allow":["GET"]}}],"collection":[{"href":"https:\/\/mawuartgallery.com\/fr\/wp-json\/wp\/v2\/pages"}],"about":[{"href":"https:\/\/mawuartgallery.com\/fr\/wp-json\/wp\/v2\/types\/page"}],"author":[{"embeddable":true,"href":"https:\/\/mawuartgallery.com\/fr\/wp-json\/wp\/v2\/users\/1"}],"replies":[{"embeddable":true,"href":"https:\/\/mawuartgallery.com\/fr\/wp-json\/wp\/v2\/comments?post=16"}],"version-history":[{"count":0,"href":"https:\/\/mawuartgallery.com\/fr\/wp-json\/wp\/v2\/pages\/16\/revisions"}],"wp:attachment":[{"href":"https:\/\/mawuartgallery.com\/fr\/wp-json\/wp\/v2\/media?parent=16"}],"curies":[{"name":"wp","href":"https:\/\/api.w.org\/{rel}","templated":true}]}}