{"id":15045,"date":"2025-07-22T11:08:19","date_gmt":"2025-07-22T15:08:19","guid":{"rendered":"https:\/\/mawuartgallery.com\/?page_id=15045"},"modified":"2026-04-21T15:45:19","modified_gmt":"2026-04-21T19:45:19","slug":"%f0%9f%93%a6shipping-returns%f0%9f%94%81","status":"publish","type":"page","link":"https:\/\/mawuartgallery.com\/fr\/%f0%9f%93%a6shipping-returns%f0%9f%94%81\/","title":{"rendered":"\ud83d\udce6EXP\u00c9DITION|\ud83d\udd01RETOURS"},"content":{"rendered":"<div data-elementor-type=\"wp-page\" data-elementor-id=\"15045\" class=\"elementor elementor-15045\">\n\t\t\t\t\t\t<section class=\"elementor-section elementor-top-section elementor-element elementor-element-6e7ffd8 elementor-section-boxed elementor-section-height-default elementor-section-height-default qodef-elementor-content-no\" data-id=\"6e7ffd8\" data-element_type=\"section\" data-e-type=\"section\">\n\t\t\t\t\t\t<div class=\"elementor-container elementor-column-gap-default\">\n\t\t\t\t\t<div class=\"elementor-column elementor-col-100 elementor-top-column elementor-element elementor-element-542ed0b\" data-id=\"542ed0b\" data-element_type=\"column\" data-e-type=\"column\">\n\t\t\t<div class=\"elementor-widget-wrap elementor-element-populated\">\n\t\t\t\t\t\t<div class=\"elementor-element elementor-element-7c89694 elementor-widget elementor-widget-text-editor\" data-id=\"7c89694\" data-element_type=\"widget\" data-e-type=\"widget\" data-widget_type=\"text-editor.default\">\n\t\t\t\t\t\t\t\t\t<div style=\"max-width: 800px; margin: auto; font-family: Arial, sans-serif; line-height: 1.7; color: #222;\"><h2 style=\"text-align: center; letter-spacing: 1px;\">POLITIQUE D'EXP\u00c9DITION ET DE RETOUR<\/h2><h3 style=\"margin-top: 40px;\">L'EXP\u00c9DITION EN D\u00c9TAIL<\/h3><p>Nous sommes fiers de proposer la livraison internationale gratuite pour toutes les commandes, o\u00f9 que vous soyez dans le monde.<br \/>Chaque \u0153uvre d'art est exp\u00e9di\u00e9e via un service de messagerie rapide et s\u00e9curis\u00e9 tel que DHL, UPS ou \u00e9quivalent,<br \/>avec un suivi complet et une manutention professionnelle tout au long du trajet.<\/p><p><strong>D\u00e9lais de livraison<\/strong><br \/>Selon la destination, la livraison prend g\u00e9n\u00e9ralement entre 7 et 20 jours ouvrables \u00e0 compter de la date d'exp\u00e9dition.<\/p><p><strong>D\u00e9tails de l'emballage<\/strong><\/p><ul><li>Certaines \u0153uvres sont exp\u00e9di\u00e9es tendues sur leur ch\u00e2ssis en bois d'origine, soigneusement emball\u00e9es dans des bo\u00eetes sur mesure.<\/li><li>D'autres sont exp\u00e9di\u00e9es enroul\u00e9es dans des tubes de protection (sans \u00eatre tendues sur leur ch\u00e2ssis).<\/li><\/ul><p>Ces informations sont clairement indiqu\u00e9es sur la page produit de chaque \u0153uvre.<\/p><h3 style=\"margin-top: 40px;\">RETOURS ET GARANTIE DE SATISFACTION<\/h3><p>Nous souhaitons que vous soyez pleinement satisfait de votre \u0153uvre d'art. Si, pour quelque raison que ce soit, ce n'est pas le cas, nous sommes l\u00e0 pour vous aider.<\/p><p><strong>D\u00e9lai de retour<\/strong><br \/>Vous pouvez demander un retour dans les 15 jours suivant la r\u00e9ception de votre \u0153uvre d'art en nous contactant \u00e0 l'adresse suivante :<\/p><p>mawuartgallery@gmail.com<\/p><p><strong>Conditions de retour<\/strong><\/p><ul><li>L'\u0153uvre d'art doit \u00eatre retourn\u00e9e dans son \u00e9tat et son emballage d'origine.<\/li><li>Nous vous guiderons tout au long du processus de retour, y compris pour les modalit\u00e9s d'exp\u00e9dition si n\u00e9cessaire.<\/li><\/ul><p>Une fois l'\u0153uvre d'art re\u00e7ue en bon \u00e9tat et inspect\u00e9e, un remboursement int\u00e9gral sera effectu\u00e9 dans un d\u00e9lai de 5 jours ouvrables.<\/p><h3 style=\"margin-top: 40px;\">\u0152UVRES D'ART ENDOMMAG\u00c9ES<\/h3><p>Chaque \u0153uvre est soigneusement pr\u00e9par\u00e9e afin de garantir qu'elle arrive en parfait \u00e9tat.<br \/>Toutefois, si votre \u0153uvre d'art arrive endommag\u00e9e, veuillez nous contacter en joignant des photos de :<\/p><ul><li>L'emballage<\/li><li>L'\u0153uvre d'art<\/li><li>Le bon de livraison<\/li><\/ul><p>Nous examinerons la situation avec vous et nous occuperons des \u00e9tapes suivantes.<br \/>Le cas \u00e9ch\u00e9ant, nous travaillerons avec vous pour r\u00e9duire au minimum ou prendre en charge les frais de retour.<\/p><p>Une fois l'\u0153uvre d'art retourn\u00e9e et v\u00e9rifi\u00e9e, un remboursement complet sera effectu\u00e9 dans les 5 jours ouvrables.<\/p><h3 style=\"margin-top: 40px;\">EXP\u00c9DITION INTERNATIONALE ET DOUANES<\/h3><p>Nous exp\u00e9dions volontiers dans le monde entier, et la livraison est toujours gratuite.<\/p><ul><li>Les droits de douane, taxes et frais d'importation (le cas \u00e9ch\u00e9ant) sont \u00e0 la charge du client.<\/li><li>Ces frais varient selon les pays et sont fix\u00e9s par les autorit\u00e9s douani\u00e8res locales.<\/li><li>Les d\u00e9lais de livraison peuvent parfois \u00eatre affect\u00e9s par les proc\u00e9dures de d\u00e9douanement, qui \u00e9chappent \u00e0 notre contr\u00f4le.<\/li><\/ul><p>Nous pr\u00e9parons avec soin toutes les exp\u00e9ditions internationales et restons \u00e0 votre disposition pour vous aider si des informations sont n\u00e9cessaires pendant le processus douanier.<\/p><h3 style=\"margin-top: 40px;\">REMARQUES FINALES<\/h3><p>Chaque \u0153uvre d'art est pr\u00e9par\u00e9e avec soin, pr\u00e9cision et professionnalisme.<\/p><p>Si vous souhaitez obtenir des photos suppl\u00e9mentaires ou un aper\u00e7u vid\u00e9o en haute r\u00e9solution avant d'acheter,<br \/>n'h\u00e9sitez pas \u00e0 nous contacter \u2014 nous voulons que vous soyez pleinement confiant dans votre choix.<\/p><p>Pour toute question ou assistance, n'h\u00e9sitez pas \u00e0 nous contacter \u00e0 l'adresse suivante :<\/p><p>mawuartgallery@gmail.com<\/p><\/div>\t\t\t\t\t\t\t\t<\/div>\n\t\t\t\t\t<\/div>\n\t\t<\/div>\n\t\t\t\t\t<\/div>\n\t\t<\/section>\n\t\t\t\t<\/div>","protected":false},"excerpt":{"rendered":"<p>SHIPPING &amp; RETURN POLICY SHIPPING OVERVIEW We are proud to offer free international shipping on all orders, no matter where you are in the world.Every artwork is shipped using a fast and secure courier service such as DHL, UPS, or equivalent,with full tracking and professional handling throughout the journey. Shipping TimesDepending on the destination, delivery [&hellip;]<\/p>\n","protected":false},"author":1,"featured_media":0,"parent":0,"menu_order":0,"comment_status":"closed","ping_status":"closed","template":"","meta":{"nf_dc_page":"","footnotes":""},"class_list":["post-15045","page","type-page","status-publish","hentry"],"_links":{"self":[{"href":"https:\/\/mawuartgallery.com\/fr\/wp-json\/wp\/v2\/pages\/15045","targetHints":{"allow":["GET"]}}],"collection":[{"href":"https:\/\/mawuartgallery.com\/fr\/wp-json\/wp\/v2\/pages"}],"about":[{"href":"https:\/\/mawuartgallery.com\/fr\/wp-json\/wp\/v2\/types\/page"}],"author":[{"embeddable":true,"href":"https:\/\/mawuartgallery.com\/fr\/wp-json\/wp\/v2\/users\/1"}],"replies":[{"embeddable":true,"href":"https:\/\/mawuartgallery.com\/fr\/wp-json\/wp\/v2\/comments?post=15045"}],"version-history":[{"count":5,"href":"https:\/\/mawuartgallery.com\/fr\/wp-json\/wp\/v2\/pages\/15045\/revisions"}],"predecessor-version":[{"id":18146,"href":"https:\/\/mawuartgallery.com\/fr\/wp-json\/wp\/v2\/pages\/15045\/revisions\/18146"}],"wp:attachment":[{"href":"https:\/\/mawuartgallery.com\/fr\/wp-json\/wp\/v2\/media?parent=15045"}],"curies":[{"name":"wp","href":"https:\/\/api.w.org\/{rel}","templated":true}]}}