{"id":15029,"date":"2025-07-22T09:21:13","date_gmt":"2025-07-22T13:21:13","guid":{"rendered":"https:\/\/mawuartgallery.com\/?page_id=15029"},"modified":"2025-07-22T09:24:38","modified_gmt":"2025-07-22T13:24:38","slug":"%e2%9d%93faq","status":"publish","type":"page","link":"https:\/\/mawuartgallery.com\/fr\/%e2%9d%93faq\/","title":{"rendered":"\u2753FAQ"},"content":{"rendered":"<div data-elementor-type=\"wp-page\" data-elementor-id=\"15029\" class=\"elementor elementor-15029\">\n\t\t\t\t\t\t<section class=\"elementor-section elementor-top-section elementor-element elementor-element-0c9ebb7 elementor-section-boxed elementor-section-height-default elementor-section-height-default qodef-elementor-content-no\" data-id=\"0c9ebb7\" data-element_type=\"section\" data-e-type=\"section\">\n\t\t\t\t\t\t<div class=\"elementor-container elementor-column-gap-default\">\n\t\t\t\t\t<div class=\"elementor-column elementor-col-100 elementor-top-column elementor-element elementor-element-7762cfb\" data-id=\"7762cfb\" data-element_type=\"column\" data-e-type=\"column\">\n\t\t\t<div class=\"elementor-widget-wrap elementor-element-populated\">\n\t\t\t\t\t\t<div class=\"elementor-element elementor-element-6708e64 elementor-widget elementor-widget-text-editor\" data-id=\"6708e64\" data-element_type=\"widget\" data-e-type=\"widget\" data-widget_type=\"text-editor.default\">\n\t\t\t\t\t\t\t\t\t<div class=\"elementor-element elementor-element-ca7debe elementor-widget elementor-widget-heading\" data-id=\"ca7debe\" data-element_type=\"widget\" data-widget_type=\"heading.default\"><h2 class=\"elementor-heading-title elementor-size-default\">FOIRE AUX QUESTIONS<img decoding=\"async\" class=\"emoji lazyload\" role=\"img\" draggable=\"false\" data-src=\"https:\/\/s.w.org\/images\/core\/emoji\/16.0.1\/svg\/1f4a1.svg\" alt=\"\ud83d\udca1\" src=\"data:image\/svg+xml;base64,PHN2ZyB3aWR0aD0iMSIgaGVpZ2h0PSIxIiB4bWxucz0iaHR0cDovL3d3dy53My5vcmcvMjAwMC9zdmciPjwvc3ZnPg==\" \/><\/h2><p>\u00a0<\/p><\/div><div class=\"elementor-element elementor-element-aca4d99 elementor-widget elementor-widget-text-editor\" data-id=\"aca4d99\" data-element_type=\"widget\" data-widget_type=\"text-editor.default\"><h3 data-start=\"224\" data-end=\"287\">PROPOSEZ-VOUS DES REPRODUCTIONS DES \u0152UVRES \u00c0 UN PRIX PLUS ABORDABLE?<\/h3><p data-start=\"289\" data-end=\"441\">Malheureusement, non. Mais la bonne nouvelle,\u00a0<strong data-start=\"334\" data-end=\"397\">c'est que vous obtenez une \u0153uvre unique, con\u00e7ue et fabriqu\u00e9e \u00e0 la main,<\/strong>\u00a0que vous ne verrez nulle part ailleurs que chez vous.<\/p><p data-start=\"443\" data-end=\"609\">Et d'apr\u00e8s nos estimations, cette \u0153uvre vaudra au moins mille fois plus quand nous ne serons plus de ce monde. Vos h\u00e9ritiers seront riches!<\/p><p data-start=\"611\" data-end=\"786\">Plus s\u00e9rieusement, il est clair que nous voulons gagner de l'argent gr\u00e2ce \u00e0 notre art,\u00a0<strong data-start=\"677\" data-end=\"785\">mais uniquement en vous offrant quelque chose d'unique qui vous touche \u00e9motionnellement et embellit votre environnement<\/strong>.<\/p><hr data-start=\"788\" data-end=\"791\" \/><h3 data-start=\"793\" data-end=\"833\">JE VIENS DE PASSER UNE COMMANDE; QUELLES SONT LES PROCHAINES \u00c9TAPES?<\/h3><p data-start=\"835\" data-end=\"1063\">Apr\u00e8s avoir pass\u00e9 votre commande, vous recevrez un premier courriel vous informant que\u00a0<strong data-start=\"911\" data-end=\"964\">votre commande a \u00e9t\u00e9 enregistr\u00e9e et est en cours de traitement<\/strong>. Peu apr\u00e8s, vous recevrez un deuxi\u00e8me courriel confirmant que\u00a0<strong data-start=\"1029\" data-end=\"1062\">votre commande est approuv\u00e9e (pay\u00e9e)<\/strong>.<\/p><p data-start=\"1065\" data-end=\"1205\">Lorsque votre \u0153uvre d'art sera exp\u00e9di\u00e9e dans les\u00a0<strong data-start=\"1092\" data-end=\"1111\">5 jours ouvrables<\/strong>, vous recevrez un dernier courriel contenant\u00a0<strong data-start=\"1151\" data-end=\"1204\">un num\u00e9ro de suivi et un lien pour suivre votre livraison<\/strong>.<\/p><hr data-start=\"1207\" data-end=\"1210\" \/><h3 data-start=\"1212\" data-end=\"1244\">\u00c0 COMBIEN S\u2019\u00c9L\u00c8VENT LES FRAIS DE LIVRAISON?<\/h3><p data-start=\"1246\" data-end=\"1380\"><strong data-start=\"1246\" data-end=\"1280\">LA LIVRAISON EST GRATUITE POUR TOUTES LES COMMANDES,<\/strong>\u00a0quelle que soit la destination, et tous les articles sont exp\u00e9di\u00e9s via\u00a0<strong data-start=\"1337\" data-end=\"1362\">un service de livraison rapide<\/strong>\u00a0(par exemple, UPS, DHL).<\/p><p data-start=\"1382\" data-end=\"1639\">Selon leur taille, certaines peintures sont exp\u00e9di\u00e9es\u00a0<strong data-start=\"1435\" data-end=\"1496\">tendues sur leur cadre en bois d'origine dans des bo\u00eetes sur mesure<\/strong>, tandis que d'autres sont exp\u00e9di\u00e9es\u00a0<strong data-start=\"1523\" data-end=\"1565\">soigneusement enroul\u00e9es dans un tube d'exp\u00e9dition<\/strong>. Cela sera indiqu\u00e9 sur la page de l'\u0153uvre qui vous int\u00e9resse.<\/p><p data-start=\"1641\" data-end=\"1708\">Selon la destination, la livraison peut prendre\u00a0<strong data-start=\"1691\" data-end=\"1707\">de 7 \u00e0 20 jours<\/strong>.<\/p><hr data-start=\"1710\" data-end=\"1713\" \/><h3 data-start=\"1715\" data-end=\"1807\">QU'ARRIVE-T-IL SI L'\u0152UVRE QUE J'AI ACHET\u00c9E NE CORRESPOND PAS EXACTEMENT \u00c0 CE QUE JE VOIS SUR VOTRE SITE WEB?<\/h3><p data-start=\"1809\" data-end=\"1899\">Nous comprenons parfaitement votre inqui\u00e9tude et souhaitons que vous soyez pleinement satisfait de votre achat.<\/p><p data-start=\"1901\" data-end=\"2091\">Afin de vous assurer que l'\u0153uvre correspond \u00e0 vos attentes,\u00a0<strong data-start=\"1953\" data-end=\"2004\">nous pouvons vous fournir une vid\u00e9o haute d\u00e9finition<\/strong>\u00a0de celle-ci, accompagn\u00e9e\u00a0<strong data-start=\"2033\" data-end=\"2060\">des commentaires de l'artiste<\/strong>, avant que vous ne proc\u00e9diez \u00e0 l'achat.<\/p><p data-start=\"2093\" data-end=\"2221\">Il vous suffit de nous contacter \u00e0\u00a0<strong data-start=\"2114\" data-end=\"2142\"><a class=\"cursor-pointer\" rel=\"noopener\" data-start=\"2116\" data-end=\"2140\">mawuartgallery@gmail.com<\/a><\/strong>\u00a0pour demander la vid\u00e9o ou des photos suppl\u00e9mentaires de l'\u0153uvre qui vous int\u00e9resse.<\/p><hr data-start=\"2223\" data-end=\"2226\" \/><h3 data-start=\"2228\" data-end=\"2260\">PUIS-JE ME FAIRE LIVRER MON \u0152UVRE ENCADR\u00c9E?<\/h3><p data-start=\"2262\" data-end=\"2415\">Certaines peintures sont livr\u00e9es avec leur\u00a0<strong data-start=\"2293\" data-end=\"2319\">cadre en bois d'origine<\/strong>\u00a0(cadre int\u00e9rieur), tandis que d'autres ne le sont pas (toile enroul\u00e9e). Cela sera indiqu\u00e9 sur la page de l'\u0153uvre.<\/p><p data-start=\"2417\" data-end=\"2543\">Une fois que vous avez re\u00e7u votre \u0153uvre d'art,\u00a0<strong data-start=\"2452\" data-end=\"2480\">vous pouvez la faire encadrer chez un encadreur<\/strong>\u00a0ou l'encadrer vous-m\u00eame si vous \u00eates suffisamment habile pour le faire.<\/p><hr data-start=\"2545\" data-end=\"2548\" \/><h3 data-start=\"2550\" data-end=\"2590\">L\u2019ENVOI \u00c0 L\u2019\u00c9TRANGER EST-IL DISPONIBLE?<\/h3><p data-start=\"2592\" data-end=\"2673\">Oui,\u00a0<strong data-start=\"2598\" data-end=\"2672\">la livraison internationale est disponible pour tous les articles et elle est 100 % GRATUITE<\/strong>.<\/p><hr data-start=\"2675\" data-end=\"2678\" \/><h3 data-start=\"2680\" data-end=\"2712\">QU\u2019ARRIVE-T-IL SI MON COLIS A \u00c9T\u00c9 PERDU?<\/h3><p data-start=\"2714\" data-end=\"2807\">Soyez assur\u00e9s que\u00a0<strong data-start=\"2737\" data-end=\"2806\">nous ferons tout ce qui est en notre pouvoir pour emp\u00eacher que cela n'arrive<\/strong>.<\/p><p data-start=\"2809\" data-end=\"2922\">Mais si, par malchance, cela arrivait, contactez-nous\u00a0<strong data-start=\"2849\" data-end=\"2882\">30 jours apr\u00e8s l'avis d'exp\u00e9dition pour les colis nationaux,<\/strong>\u00a0et\u00a0<strong data-start=\"2887\" data-end=\"2921\">60 jours apr\u00e8s l'avis d'exp\u00e9dition pour les colis internationaux<\/strong>.<\/p><p data-start=\"2924\" data-end=\"3073\">Si nous confirmons que votre colis a bien \u00e9t\u00e9 perdu,\u00a0<strong data-start=\"2968\" data-end=\"2997\">nous vous rembourserons int\u00e9gralement.<\/strong>Mais encore une fois, nous mettrons tout en \u0153uvre pour que cette situation ne se reproduise jamais.<\/p><hr data-start=\"3075\" data-end=\"3078\" \/><h3 data-start=\"3080\" data-end=\"3115\">QU'ARRIVE-T-IL SI MON \u0152UVRE ME PARVIENT ENDOMMAG\u00c9E?<\/h3><p data-start=\"3117\" data-end=\"3211\">Soyez assur\u00e9s que nous ferons tout ce qui est en notre pouvoir pour\u00a0<strong data-start=\"3165\" data-end=\"3210\">que votre \u0153uvre d'art vous parvienne en parfait \u00e9tat<\/strong>.<\/p><p data-start=\"3213\" data-end=\"3366\">Mais si, par malheur, elle vous parvenait endommag\u00e9e,\u00a0<strong data-start=\"3263\" data-end=\"3288\">veuillez nous envoyer des photos<\/strong>\u00a0de l'emballage, de l'\u0153uvre et du bon de livraison. Nous vous rembourserons alors int\u00e9gralement.<\/p><p data-start=\"3368\" data-end=\"3591\">Il vous sera demand\u00e9 de renvoyer l'article, et\u00a0<strong data-start=\"3410\" data-end=\"3501\">nous ferons notre possible pour prendre en charge ou r\u00e9duire au maximum les frais de retour<\/strong>. Une fois l'article renvoy\u00e9 et r\u00e9ceptionn\u00e9,\u00a0<strong data-start=\"3538\" data-end=\"3590\">nous vous rembourserons dans un d\u00e9lai de 5 jours ouvrables<\/strong>.<\/p><hr data-start=\"3593\" data-end=\"3596\" \/><h3 data-start=\"3598\" data-end=\"3628\">QUELLE EST LA POLITIQUE DE RETOUR?<\/h3><p data-start=\"3630\" data-end=\"3821\">Nous voulons que vous soyez\u00a0<strong data-start=\"3648\" data-end=\"3668\">pleinement satisfait(e)<\/strong>\u00a0de votre achat. Si ce n'est pas le cas apr\u00e8s avoir re\u00e7u votre \u0153uvre d'art,\u00a0<strong data-start=\"3743\" data-end=\"3800\">contactez-nous \u00e0\u00a0<a class=\"cursor-pointer\" rel=\"noopener\" data-start=\"3759\" data-end=\"3783\">mawuartgallery@gmail.com<\/a>\u00a0dans les 15 jours<\/strong>\u00a0pour demander un remboursement.<\/p><p data-start=\"3823\" data-end=\"4058\"><strong data-start=\"3823\" data-end=\"3889\">Tous les retours doivent \u00eatre dans leur \u00e9tat d'origine et emball\u00e9s de mani\u00e8re s\u00e9curis\u00e9e.<\/strong>\u00a0Une fois que nous avons accept\u00e9 le retour,\u00a0<strong data-start=\"3919\" data-end=\"3977\">vous \u00eates responsable de l'emballage et de l'exp\u00e9dition<\/strong>. D\u00e8s que nous aurons re\u00e7u le colis en bon \u00e9tat,\u00a0<strong data-start=\"4012\" data-end=\"4057\">nous vous rembourserons dans un d\u00e9lai de 5 jours<\/strong>.<\/p><p data-start=\"4060\" data-end=\"4134\" class=\"translation-block\">Pour plus de d\u00e9tails, veuillez consulter notre\u00a0<a class=\"\" href=\"https:\/\/mawuartgallery.com\/fr\/get-in-touch\/\" rel=\"noopener\" data-start=\"4095\" data-end=\"4128\" target=\"_self\"><strong data-start=\"4096\" data-end=\"4124\">Politique d'exp\u00e9dition et de retour<\/strong><\/a>.<\/p><hr data-start=\"4136\" data-end=\"4139\" \/><h3 data-start=\"4141\" data-end=\"4181\">QUELS SONT LES MODES DE PAIEMENT ACCEPT\u00c9S?<\/h3><p data-start=\"4183\" data-end=\"4292\">Nous acceptons les cartes\u00a0<strong data-start=\"4193\" data-end=\"4241\">Visa, MasterCard, American Express et Discover,<\/strong>ainsi que le paiement par\u00a0<strong data-start=\"4254\" data-end=\"4291\">PayPal, Google Pay et Apple Pay<\/strong>.<\/p><p data-start=\"4294\" data-end=\"4512\">Si vous habitez dans la r\u00e9gion m\u00e9tropolitaine de Montr\u00e9al (Montr\u00e9al, Laval, Longueuil, Brossard) et achetez une ou plusieurs\u00a0<strong data-start=\"4389\" data-end=\"4409\">des \u0153uvres de Mawu<\/strong>, vous pouvez\u00a0<strong data-start=\"4419\" data-end=\"4454\">payer en personne via le lecteur Square<\/strong>\u00a0lors de la livraison. Contactez-nous pour b\u00e9n\u00e9ficier de cette option sp\u00e9ciale.<\/p><hr data-start=\"4514\" data-end=\"4517\" \/><h3 data-start=\"4519\" data-end=\"4553\">QU'EN EST-IL DES DROITS DE DOUANE?<\/h3><p data-start=\"4555\" data-end=\"4625\"><strong data-start=\"4555\" data-end=\"4624\">Les droits de douane ou frais connexes \u00e9ventuels sont \u00e0 la charge du client<\/strong>.<\/p><p data-start=\"4627\" data-end=\"4810\">V\u00e9rifiez aupr\u00e8s de votre bureau de poste local ou en ligne pour plus de d\u00e9tails, car les frais de douane varient selon le pays.\u00a0<strong data-start=\"4706\" data-end=\"4757\">Tout retard li\u00e9 aux formalit\u00e9s douani\u00e8res est ind\u00e9pendant de notre volont\u00e9<\/strong>, mais nous resterons en contact avec vous jusqu'\u00e0 l'arriv\u00e9e \u00e0 bon port de votre \u0153uvre d'art.<\/p><hr data-start=\"4812\" data-end=\"4815\" \/><h3 data-start=\"4817\" data-end=\"4886\">Vous souhaitez obtenir plus d'informations sur la livraison, l'emballage, les retours ou les remboursements?<\/h3><p data-start=\"4888\" data-end=\"4968\" class=\"translation-block\">Consultez notre\u00a0<a class=\"\" href=\"https:\/\/mawuartgallery.com\/fr\/get-in-touch\/\" rel=\"noopener\" data-start=\"4907\" data-end=\"4940\" target=\"_self\"><strong data-start=\"4908\" data-end=\"4936\">Politique d'exp\u00e9dition et de retour.<\/strong><\/a>\u00a0<strong data-start=\"4943\" data-end=\"4967\">Elle aborde tous les aspects plus en d\u00e9tail.<\/strong><\/p><\/div>\t\t\t\t\t\t\t\t<\/div>\n\t\t\t\t\t<\/div>\n\t\t<\/div>\n\t\t\t\t\t<\/div>\n\t\t<\/section>\n\t\t\t\t<\/div>","protected":false},"excerpt":{"rendered":"<p>FREQUENTLY ASKED QUESTIONS \u00a0 DO YOU OFFER REPRODUCTIONS OF THE ARTWORK AT A LOWER PRICE? Unfortunately, no. But the good news is that\u00a0you\u2019re getting a unique mind-crafted and hand-crafted piece\u00a0you won\u2019t see anywhere except in your home. And hopefully, it will be worth a thousand times more when we are no longer part of this [&hellip;]<\/p>\n","protected":false},"author":1,"featured_media":0,"parent":0,"menu_order":0,"comment_status":"closed","ping_status":"closed","template":"","meta":{"nf_dc_page":"","footnotes":""},"class_list":["post-15029","page","type-page","status-publish","hentry"],"_links":{"self":[{"href":"https:\/\/mawuartgallery.com\/fr\/wp-json\/wp\/v2\/pages\/15029","targetHints":{"allow":["GET"]}}],"collection":[{"href":"https:\/\/mawuartgallery.com\/fr\/wp-json\/wp\/v2\/pages"}],"about":[{"href":"https:\/\/mawuartgallery.com\/fr\/wp-json\/wp\/v2\/types\/page"}],"author":[{"embeddable":true,"href":"https:\/\/mawuartgallery.com\/fr\/wp-json\/wp\/v2\/users\/1"}],"replies":[{"embeddable":true,"href":"https:\/\/mawuartgallery.com\/fr\/wp-json\/wp\/v2\/comments?post=15029"}],"version-history":[{"count":0,"href":"https:\/\/mawuartgallery.com\/fr\/wp-json\/wp\/v2\/pages\/15029\/revisions"}],"wp:attachment":[{"href":"https:\/\/mawuartgallery.com\/fr\/wp-json\/wp\/v2\/media?parent=15029"}],"curies":[{"name":"wp","href":"https:\/\/api.w.org\/{rel}","templated":true}]}}