{"id":15015,"date":"2025-07-22T08:04:28","date_gmt":"2025-07-22T12:04:28","guid":{"rendered":"https:\/\/mawuartgallery.com\/?page_id=15015"},"modified":"2025-12-29T15:40:09","modified_gmt":"2025-12-29T19:40:09","slug":"%f0%9f%93%a9contact-us","status":"publish","type":"page","link":"https:\/\/mawuartgallery.com\/fr\/%f0%9f%93%a9contact-us\/","title":{"rendered":"\ud83d\udce9PARLEZ-NOUS"},"content":{"rendered":"<div data-elementor-type=\"wp-page\" data-elementor-id=\"15015\" class=\"elementor elementor-15015\">\n\t\t\t\t\t\t<section class=\"elementor-section elementor-top-section elementor-element elementor-element-123acbfe elementor-section-boxed elementor-section-height-default elementor-section-height-default qodef-elementor-content-no\" data-id=\"123acbfe\" data-element_type=\"section\" data-e-type=\"section\">\n\t\t\t\t\t\t<div class=\"elementor-container elementor-column-gap-default\">\n\t\t\t\t\t<div class=\"elementor-column elementor-col-100 elementor-top-column elementor-element elementor-element-36d423c6\" data-id=\"36d423c6\" data-element_type=\"column\" data-e-type=\"column\">\n\t\t\t<div class=\"elementor-widget-wrap elementor-element-populated\">\n\t\t\t\t\t\t<div class=\"elementor-element elementor-element-52bdb02e elementor-widget elementor-widget-text-editor\" data-id=\"52bdb02e\" data-element_type=\"widget\" data-e-type=\"widget\" data-widget_type=\"text-editor.default\">\n\t\t\t\t\t\t\t\t\t<p data-start=\"2870\" data-end=\"3067\">Merci de l'int\u00e9r\u00eat que vous portez \u00e0 Mawu Art Gallery.<\/p><p data-start=\"2870\" data-end=\"3067\">Nous sommes l\u00e0 pour r\u00e9pondre \u00e0 toutes vos questions, que vous souhaitiez obtenir des d\u00e9tails sur une \u0153uvre d'art sp\u00e9cifique, des informations sur un artiste, des conseils sur l'exp\u00e9dition ou des recommandations personnalis\u00e9es.<\/p><p data-start=\"3244\" data-end=\"3302\"><strong data-start=\"3244\" data-end=\"3302\">Nous r\u00e9pondons personnellement \u00e0 tous les messages dans un d\u00e9lai de 24 heures.<\/strong><\/p><p data-start=\"3244\" data-end=\"3302\"><strong>Mawu Art Gallery<\/strong> est une galerie d'art contemporain enti\u00e8rement en ligne bas\u00e9e \u00e0 Montr\u00e9al, au Qu\u00e9bec.<br data-start=\"597\" data-end=\"600\" \/>Nous mettons en relation des collectionneurs et des amateurs d'art du monde entier avec des artistes exceptionnels. Chaque \u0153uvre d'art est exp\u00e9di\u00e9e directement de l'atelier de l'artiste \u00e0 l'acheteur, garantissant ainsi son authenticit\u00e9 et une livraison en toute s\u00e9curit\u00e9.<\/p>\t\t\t\t\t\t\t\t<\/div>\n\t\t\t\t\t<\/div>\n\t\t<\/div>\n\t\t\t\t\t<\/div>\n\t\t<\/section>\n\t\t\t\t<section class=\"elementor-section elementor-top-section elementor-element elementor-element-7fd38d5 elementor-section-boxed elementor-section-height-default elementor-section-height-default qodef-elementor-content-no\" data-id=\"7fd38d5\" data-element_type=\"section\" data-e-type=\"section\">\n\t\t\t\t\t\t<div class=\"elementor-container elementor-column-gap-default\">\n\t\t\t\t\t<div class=\"elementor-column elementor-col-100 elementor-top-column elementor-element elementor-element-69336e8\" data-id=\"69336e8\" data-element_type=\"column\" data-e-type=\"column\">\n\t\t\t<div class=\"elementor-widget-wrap elementor-element-populated\">\n\t\t\t\t\t\t<div class=\"elementor-element elementor-element-f53c02d elementor-widget elementor-widget-shortcode\" data-id=\"f53c02d\" data-element_type=\"widget\" data-e-type=\"widget\" data-widget_type=\"shortcode.default\">\n\t\t\t\t\t\t\t<div class=\"elementor-shortcode\"><div class=\"forminator-ui forminator-custom-form forminator-custom-form-16570 forminator-design--default  forminator_ajax\" data-forminator-render=\"0\" data-form=\"forminator-module-16570\" data-uid=\"69ec7d39bc707\"><br\/><\/div><form\n\t\t\t\tid=\"forminator-module-16570\"\n\t\t\t\tclass=\"forminator-ui forminator-custom-form forminator-custom-form-16570 forminator-design--default  forminator_ajax\"\n\t\t\t\tmethod=\"post\"\n\t\t\t\tdata-forminator-render=\"0\"\n\t\t\t\tdata-form-id=\"16570\"\n\t\t\t\t data-color-option=\"theme\" data-design=\"default\" data-grid=\"open\" style=\"display: none;\"\n\t\t\t\tdata-uid=\"69ec7d39bc707\" action=\"\"\n\t\t\t><div role=\"alert\" aria-live=\"polite\" class=\"forminator-response-message forminator-error\" aria-hidden=\"true\"><\/div><div class=\"forminator-row\"><div id=\"name-1\" class=\"forminator-field-name forminator-col forminator-col-12\"><div class=\"forminator-field\"><label for=\"forminator-field-name-1_69ec7d39bc707\" id=\"forminator-field-name-1_69ec7d39bc707-label\" class=\"forminator-label\">Qui \u00eates-vous? <span class=\"forminator-required\">*<\/span><\/label><input type=\"text\" name=\"name-1\" value=\"\" placeholder=\"\" id=\"forminator-field-name-1_69ec7d39bc707\" class=\"forminator-input forminator-name--field\" aria-required=\"true\" autocomplete=\"name\" \/><\/div><\/div><\/div><div class=\"forminator-row\"><div id=\"email-1\" class=\"forminator-field-email forminator-col forminator-col-12\"><div class=\"forminator-field\"><label for=\"forminator-field-email-1_69ec7d39bc707\" id=\"forminator-field-email-1_69ec7d39bc707-label\" class=\"forminator-label\">Adresse courriel <span class=\"forminator-required\">*<\/span><\/label><input type=\"email\" name=\"email-1\" value=\"\" placeholder=\"\" id=\"forminator-field-email-1_69ec7d39bc707\" class=\"forminator-input forminator-email--field\" data-required=\"true\" aria-required=\"true\" autocomplete=\"email\" \/><\/div><\/div><\/div><div class=\"forminator-row\"><div id=\"text-1\" class=\"forminator-field-text forminator-col forminator-col-12\"><div class=\"forminator-field\"><label for=\"forminator-field-text-1_69ec7d39bc707\" id=\"forminator-field-text-1_69ec7d39bc707-label\" class=\"forminator-label\">Objet<\/label><input type=\"text\" name=\"text-1\" value=\"\" placeholder=\"\" id=\"forminator-field-text-1_69ec7d39bc707\" class=\"forminator-input forminator-name--field\" data-required=\"\" \/><\/div><\/div><\/div><div class=\"forminator-row\"><div id=\"textarea-1\" class=\"forminator-field-textarea forminator-col forminator-col-12\"><div class=\"forminator-field\"><label for=\"forminator-field-textarea-1_69ec7d39bc707\" id=\"forminator-field-textarea-1_69ec7d39bc707-label\" class=\"forminator-label\">Message<\/label><span id=\"forminator-field-textarea-1_69ec7d39bc707-description\" class=\"forminator-description\"><span data-limit=\"300\" data-type=\"words\" data-editor=\"\">0 \/ 300<\/span><\/span><textarea name=\"textarea-1\" placeholder=\"\" id=\"forminator-field-textarea-1_69ec7d39bc707\" class=\"forminator-textarea\" rows=\"6\" style=\"--forminator-textarea-min-height:140px;\" ><\/textarea><\/div><\/div><\/div><div class=\"forminator-row\" style=\"margin: 0;\"><div id=\"captcha-1\" class=\"forminator-field-captcha  forminator-col-12\"><div class=\"forminator-captcha-center forminator-g-recaptcha recaptcha-invisible\" data-theme=\"light\" data-badge=\"bottomright\" data-sitekey=\"6Lc_dCEsAAAAAOKi8wDaHsQuP4sA6Ut_bPMc1KTv\" data-size=\"invisible\"><\/div> <\/div><\/div><input type=\"hidden\" name=\"referer_url\" value=\"\" \/><div class=\"forminator-row forminator-row-last\"><div class=\"forminator-col\"><div class=\"forminator-field\"><button class=\"forminator-button forminator-button-submit\">Envoyer<\/button><\/div><\/div><\/div><input type=\"hidden\" id=\"forminator_nonce\" name=\"forminator_nonce\" value=\"5904215498\" \/><input type=\"hidden\" name=\"_wp_http_referer\" value=\"\/fr\/wp-json\/wp\/v2\/pages\/15015\" \/><input type=\"hidden\" name=\"form_id\" value=\"16570\"><input type=\"hidden\" name=\"page_id\" value=\"15015\"><input type=\"hidden\" name=\"form_type\" value=\"default\"><input type=\"hidden\" name=\"current_url\" value=\"https:\/\/mawuartgallery.com\/fr\/%f0%9f%93%a9contact-us\/\"><input type=\"hidden\" name=\"render_id\" value=\"0\"><input type=\"hidden\" name=\"action\" value=\"forminator_submit_form_custom-forms\"><label for=\"input_5\" class=\"forminator-hidden\" aria-hidden=\"true\">Veuillez ne pas remplir ce champ. <input id=\"input_5\" type=\"text\" name=\"input_5\" value=\"\" autocomplete=\"off\"><\/label><input type=\"hidden\" name=\"trp-form-language\" value=\"fr\"\/><\/form><\/div>\n\t\t\t\t\t\t<\/div>\n\t\t\t\t\t<\/div>\n\t\t<\/div>\n\t\t\t\t\t<\/div>\n\t\t<\/section>\n\t\t\t\t<section class=\"elementor-section elementor-top-section elementor-element elementor-element-3482c16 elementor-section-boxed elementor-section-height-default elementor-section-height-default qodef-elementor-content-no\" data-id=\"3482c16\" data-element_type=\"section\" data-e-type=\"section\">\n\t\t\t\t\t\t<div class=\"elementor-container elementor-column-gap-default\">\n\t\t\t\t\t<div class=\"elementor-column elementor-col-100 elementor-top-column elementor-element elementor-element-c281e2e\" data-id=\"c281e2e\" data-element_type=\"column\" data-e-type=\"column\">\n\t\t\t<div class=\"elementor-widget-wrap elementor-element-populated\">\n\t\t\t\t\t\t<div class=\"elementor-element elementor-element-e0e8676 elementor-widget elementor-widget-shortcode\" data-id=\"e0e8676\" data-element_type=\"widget\" data-e-type=\"widget\" data-widget_type=\"shortcode.default\">\n\t\t\t\t\t\t\t<div class=\"elementor-shortcode\"><iframe data-src=\"https:\/\/www.google.com\/maps\/embed?pb=!1m18!1m12!1m3!1d178787.43121352416!2d-73.87667935786561!3d45.55930461095561!2m3!1f0!2f0!3f0!3m2!1i1024!2i768!4f13.1!3m3!1m2!1s0x4cc91a541c64b70d%3A0x654e3138211fefef!2zTW9udHLDqWFsLCBRQw!5e0!3m2!1sfr!2sca!4v1763568068872!5m2!1sfr!2sca\" width=\"600\" height=\"450\" style=\"border:0;\" allowfullscreen=\"\" referrerpolicy=\"no-referrer-when-downgrade\" src=\"data:image\/svg+xml;base64,PHN2ZyB3aWR0aD0iMSIgaGVpZ2h0PSIxIiB4bWxucz0iaHR0cDovL3d3dy53My5vcmcvMjAwMC9zdmciPjwvc3ZnPg==\" class=\"lazyload\" data-load-mode=\"1\"><\/iframe><\/div>\n\t\t\t\t\t\t<\/div>\n\t\t\t\t<div class=\"elementor-element elementor-element-ec11f14 elementor-widget elementor-widget-text-editor\" data-id=\"ec11f14\" data-element_type=\"widget\" data-e-type=\"widget\" data-widget_type=\"text-editor.default\">\n\t\t\t\t\t\t\t\t\t<p data-start=\"1193\" data-end=\"1276\"><strong data-start=\"1193\" data-end=\"1234\">\ud83d\udee1\ufe0f Paiement s\u00e9curis\u00e9 (Stripe et PayPal)<\/strong><br data-start=\"1234\" data-end=\"1237\" \/>Rapide, crypt\u00e9 et fiable dans le monde entier<\/p><p data-start=\"1278\" data-end=\"1345\"><strong data-start=\"1278\" data-end=\"1308\">\ud83d\ude9a Livraison gratuite dans le monde entier<\/strong><br data-start=\"1308\" data-end=\"1311\" \/>Quelle que soit l'\u0153uvre d'art<\/p><p data-start=\"1347\" data-end=\"1433\"><strong data-start=\"1347\" data-end=\"1378\">\ud83d\uddbc\ufe0f Des \u0153uvres d'art authentiques uniquement<\/strong><br data-start=\"1378\" data-end=\"1381\" \/>Chaque \u0153uvre provient directement de l'atelier de l'artiste.<\/p><p data-start=\"1435\" data-end=\"1505\"><strong data-start=\"1435\" data-end=\"1464\">\ud83d\udce6 Emballage professionnel<\/strong><br data-start=\"1464\" data-end=\"1467\" \/>S\u00fbr et robuste pour une \u0153uvre intacte<\/p>\t\t\t\t\t\t\t\t<\/div>\n\t\t\t\t\t<\/div>\n\t\t<\/div>\n\t\t\t\t\t<\/div>\n\t\t<\/section>\n\t\t\t\t<\/div>","protected":false},"excerpt":{"rendered":"<p>Thank you for your interest in Mawu Art Gallery. We\u2019re here to help with any questions \u2014 whether you\u2019d like details about a specific artwork, information about an artist, shipping guidance, or personalized recommendations. We respond personally to all messages within 24 hours. Mawu Art Gallery is a fully online contemporary art gallery based in [&hellip;]<\/p>\n","protected":false},"author":1,"featured_media":0,"parent":0,"menu_order":0,"comment_status":"closed","ping_status":"closed","template":"","meta":{"nf_dc_page":"","footnotes":""},"class_list":["post-15015","page","type-page","status-publish","hentry"],"_links":{"self":[{"href":"https:\/\/mawuartgallery.com\/fr\/wp-json\/wp\/v2\/pages\/15015","targetHints":{"allow":["GET"]}}],"collection":[{"href":"https:\/\/mawuartgallery.com\/fr\/wp-json\/wp\/v2\/pages"}],"about":[{"href":"https:\/\/mawuartgallery.com\/fr\/wp-json\/wp\/v2\/types\/page"}],"author":[{"embeddable":true,"href":"https:\/\/mawuartgallery.com\/fr\/wp-json\/wp\/v2\/users\/1"}],"replies":[{"embeddable":true,"href":"https:\/\/mawuartgallery.com\/fr\/wp-json\/wp\/v2\/comments?post=15015"}],"version-history":[{"count":5,"href":"https:\/\/mawuartgallery.com\/fr\/wp-json\/wp\/v2\/pages\/15015\/revisions"}],"predecessor-version":[{"id":17196,"href":"https:\/\/mawuartgallery.com\/fr\/wp-json\/wp\/v2\/pages\/15015\/revisions\/17196"}],"wp:attachment":[{"href":"https:\/\/mawuartgallery.com\/fr\/wp-json\/wp\/v2\/media?parent=15015"}],"curies":[{"name":"wp","href":"https:\/\/api.w.org\/{rel}","templated":true}]}}