{"id":15005,"date":"2025-07-22T07:20:28","date_gmt":"2025-07-22T11:20:28","guid":{"rendered":"https:\/\/mawuartgallery.com\/?page_id=15005"},"modified":"2025-12-01T17:41:33","modified_gmt":"2025-12-01T21:41:33","slug":"events","status":"publish","type":"page","link":"https:\/\/mawuartgallery.com\/fr\/events\/","title":{"rendered":"\ud83d\uddd3\ufe0f\u00c9V\u00c9NEMENTS"},"content":{"rendered":"<div data-elementor-type=\"wp-page\" data-elementor-id=\"15005\" class=\"elementor elementor-15005\">\n\t\t\t\t\t\t<section class=\"elementor-section elementor-top-section elementor-element elementor-element-154f3ef6 elementor-section-boxed elementor-section-height-default elementor-section-height-default qodef-elementor-content-no\" data-id=\"154f3ef6\" data-element_type=\"section\" data-e-type=\"section\">\n\t\t\t\t\t\t<div class=\"elementor-container elementor-column-gap-default\">\n\t\t\t\t\t<div class=\"elementor-column elementor-col-100 elementor-top-column elementor-element elementor-element-da2b834\" data-id=\"da2b834\" data-element_type=\"column\" data-e-type=\"column\">\n\t\t\t<div class=\"elementor-widget-wrap elementor-element-populated\">\n\t\t\t\t\t\t<div class=\"elementor-element elementor-element-17787fb elementor-widget elementor-widget-text-editor\" data-id=\"17787fb\" data-element_type=\"widget\" data-e-type=\"widget\" data-widget_type=\"text-editor.default\">\n\t\t\t\t\t\t\t\t\t<section class=\"her-visions\" style=\"--accent:#111; --muted:#6b7280; --highlight:#0ea5e9; --bg:#fff;\">\n  <style>\n    .her-visions {\n      font-family: system-ui, -apple-system, Segoe UI, Roboto, Ubuntu, \"Helvetica Neue\", Arial, sans-serif;\n      color: var(--accent);\n      background: var(--bg);\n      padding: 2.5rem 1.25rem;\n      max-width: 900px;\n      margin: 0 auto;\n      line-height: 1.6;\n    }\n    .her-visions h1 {\n      font-size: clamp(1.8rem, 3.5vw, 2.5rem);\n      margin: 0 0 .5rem 0;\n      letter-spacing: .3px;\n    }\n    .her-visions h2 {\n      font-size: clamp(1.2rem, 2.5vw, 1.4rem);\n      margin: .25rem 0 1.25rem 0;\n      color: var(--muted);\n      font-weight: 600;\n    }\n    .her-visions p {\n      margin: .75rem 0;\n      font-size: 1.05rem;\n    }\n    .her-visions .artists {\n      margin: 1.5rem 0;\n      padding: 1.25rem;\n      background: #fafafa;\n      border: 1px solid #eee;\n      border-radius: .5rem;\n    }\n    .her-visions .artists h3 {\n      margin: 0 0 .75rem 0;\n      font-size: 1.05rem;\n      letter-spacing: .2px;\n    }\n    .her-visions ul {\n      columns: 2;\n      column-gap: 2rem;\n      margin: 0;\n      padding-left: 1.1rem;\n    }\n    .her-visions li {\n      break-inside: avoid;\n      margin: .25rem 0;\n    }\n    .her-visions .dates {\n      text-align: center;\n      margin-top: 1rem;\n      font-weight: 600;\n      color: var(--highlight);\n      letter-spacing: .4px;\n    }\n    @media (max-width:600px) {\n      .her-visions ul {\n        columns: 1;\n      }\n    }\n  <\/style>\n\n  <h1>SES VISIONS : HOMMAGE AUX FEMMES CR\u00c9ATRICES<\/h1>\n  <h2>Dix-sept femmes. Dix-sept voix cr\u00e9atrices.<\/h2>\n\n  <p class=\"lede translation-block\">Explorez <strong>SES VISIONS<\/strong> \u2014 une exposition virtuelle rendant hommage \u00e0 la <strong>\u00e0 la beaut\u00e9 et \u00e0 l'esprit<\/strong>  des femmes d'origine africaine, dont l'art transforme\n    <em>la m\u00e9moire en sens<\/em> et <em>l'\u00e9motion en couleur<\/em>.<\/p>\n\n  <p>\n    <strong>D\u00e9couvrez leurs univers. \u00c9coutez leurs voix. C\u00e9l\u00e9brez leur vision.<\/strong><br>\n    Rejoignez-nous dans ce voyage artistique inoubliable, car \u00eatre t\u00e9moin de la cr\u00e9ation, c'est honorer l'existence elle-m\u00eame.\n  <\/p>\n\n  <div class=\"dates\">\n    \ud83d\uddd3\ufe0f Dates d'exposition : <strong>du 1er novembre 2025 au 28 f\u00e9vrier 2026<\/strong>\n  <\/div>\n\n  <div class=\"artists\">\n    <h3>Nos artistes visionnaires<\/h3>\n    <ul>\n      <li>Annah Nkyalu<\/li>\n      <li>Bella Mfon<\/li>\n      <li>Bola Obatuyi<\/li>\n      <li>Dora Alis Mera Velasco<\/li>\n      <li>Faith Okorodudu<\/li>\n      <li>Faith Omole<\/li>\n      <li>Ganiyat Abdulazeez<\/li>\n      <li>Gloria Mmaduako<\/li>\n      <li>Idara Tom<\/li>\n      <li>Karuma Christine<\/li>\n      <li>Motunrayo Olagunju<\/li>\n      <li>Naomi Oyeniyi<\/li>\n      <li>Ngendo Kinyanjui<\/li>\n      <li>Uchechi Udochukwu<\/li>\n      <li>Winifred Otowa<\/li>\n      <li>Yamila Sarmiento<\/li>\n      <li>Yaknoabasi Ene<\/li>\n    <\/ul>\n  <\/div>\n<\/section>\n\t\t\t\t\t\t\t\t<\/div>\n\t\t\t\t<div class=\"elementor-element elementor-element-557f077 elementor-widget elementor-widget-shortcode\" data-id=\"557f077\" data-element_type=\"widget\" data-e-type=\"widget\" data-widget_type=\"shortcode.default\">\n\t\t\t\t\t\t\t<div class=\"elementor-shortcode\"><iframe width=\"100%\" height=\"450\" data-src=\"https:\/\/d7mntklkfre1v.cloudfront.net\/virtual-exhibitions\/?i=21586\" frameborder=\"0\" allowfullscreen src=\"data:image\/svg+xml;base64,PHN2ZyB3aWR0aD0iMSIgaGVpZ2h0PSIxIiB4bWxucz0iaHR0cDovL3d3dy53My5vcmcvMjAwMC9zdmciPjwvc3ZnPg==\" class=\"lazyload\" data-load-mode=\"1\"><\/iframe><\/div>\n\t\t\t\t\t\t<\/div>\n\t\t\t\t<div class=\"elementor-element elementor-element-ad3e727 elementor-widget-divider--view-line elementor-widget elementor-widget-divider\" data-id=\"ad3e727\" data-element_type=\"widget\" data-e-type=\"widget\" data-widget_type=\"divider.default\">\n\t\t\t\t\t\t\t<div class=\"elementor-divider\">\n\t\t\t<span class=\"elementor-divider-separator\">\n\t\t\t\t\t\t<\/span>\n\t\t<\/div>\n\t\t\t\t\t\t<\/div>\n\t\t\t\t\t<\/div>\n\t\t<\/div>\n\t\t\t\t\t<\/div>\n\t\t<\/section>\n\t\t\t\t<section class=\"elementor-section elementor-top-section elementor-element elementor-element-4e43f20 elementor-section-boxed elementor-section-height-default elementor-section-height-default qodef-elementor-content-no\" data-id=\"4e43f20\" data-element_type=\"section\" data-e-type=\"section\">\n\t\t\t\t\t\t<div class=\"elementor-container elementor-column-gap-default\">\n\t\t\t\t\t<div class=\"elementor-column elementor-col-100 elementor-top-column elementor-element elementor-element-9a4e657\" data-id=\"9a4e657\" data-element_type=\"column\" data-e-type=\"column\">\n\t\t\t<div class=\"elementor-widget-wrap\">\n\t\t\t\t\t\t\t<\/div>\n\t\t<\/div>\n\t\t\t\t\t<\/div>\n\t\t<\/section>\n\t\t\t\t<\/div>","protected":false},"excerpt":{"rendered":"<p>HER VISIONS: CELEBRATING WOMEN WHO CREATE Seventeen Women. Seventeen Voices of Creation. Step inside HER VISIONS \u2014 a virtual exhibition honoring the strength, beauty, and spirit of women of African descent, whose art transforms memory into meaning and emotion into color. Experience their worlds. Feel their voices. Celebrate their vision. Join us on this unforgettable [&hellip;]<\/p>\n","protected":false},"author":1,"featured_media":0,"parent":0,"menu_order":0,"comment_status":"closed","ping_status":"closed","template":"","meta":{"nf_dc_page":"","footnotes":""},"class_list":["post-15005","page","type-page","status-publish","hentry"],"_links":{"self":[{"href":"https:\/\/mawuartgallery.com\/fr\/wp-json\/wp\/v2\/pages\/15005","targetHints":{"allow":["GET"]}}],"collection":[{"href":"https:\/\/mawuartgallery.com\/fr\/wp-json\/wp\/v2\/pages"}],"about":[{"href":"https:\/\/mawuartgallery.com\/fr\/wp-json\/wp\/v2\/types\/page"}],"author":[{"embeddable":true,"href":"https:\/\/mawuartgallery.com\/fr\/wp-json\/wp\/v2\/users\/1"}],"replies":[{"embeddable":true,"href":"https:\/\/mawuartgallery.com\/fr\/wp-json\/wp\/v2\/comments?post=15005"}],"version-history":[{"count":5,"href":"https:\/\/mawuartgallery.com\/fr\/wp-json\/wp\/v2\/pages\/15005\/revisions"}],"predecessor-version":[{"id":17025,"href":"https:\/\/mawuartgallery.com\/fr\/wp-json\/wp\/v2\/pages\/15005\/revisions\/17025"}],"wp:attachment":[{"href":"https:\/\/mawuartgallery.com\/fr\/wp-json\/wp\/v2\/media?parent=15005"}],"curies":[{"name":"wp","href":"https:\/\/api.w.org\/{rel}","templated":true}]}}